{"id":19624,"date":"2023-01-09T20:05:20","date_gmt":"2023-01-09T20:05:20","guid":{"rendered":"https:\/\/chilimag.hu\/webshop\/?post_type=product&#038;p=19624"},"modified":"2026-02-18T23:43:11","modified_gmt":"2026-02-18T23:43:11","slug":"striped-toga-padlizsan-b-s","status":"publish","type":"product","link":"https:\/\/chilimag.hu\/webshop\/termek\/striped-toga-padlizsan-b-s\/","title":{"rendered":"Padlizs\u00e1n Striped Toga B-S"},"content":{"rendered":"","protected":false},"excerpt":{"rendered":"<p><img decoding=\"async\" src=\"https:\/\/chilimag.hu\/webshop\/wp-content\/uploads\/2022\/10\/bobby-seeds-test-logo-150x150.png\" \/><\/p>\n<p>Term\u00e9kinform\u00e1ci\u00f3 &#8222;Solanum Striped Toga&#8221;<\/p>\n<p>Ezek a dekorat\u00edvak k\u00f6r\u00fclbel\u00fcl 5-7 cm hossz\u00faak\u00a0\u00e9s tart\u00f3s gy\u00fcm\u00f6lcs\u00f6k is. A z\u00f6ld cs\u00edkokt\u00f3l a narancss\u00e1rga cs\u00edkokig \u00e9rnek. A cs\u00edkos t\u00f3ga j\u00f3l illeszkedik a kont\u00e9nerkult\u00far\u00e1hoz, \u00e9s szereti a meleg \u00e9s napos helyeket.<\/p>\n<p>Solanum melongena<br \/>\nBetakar\u00edt\u00e1s : \u00dcvegh\u00e1zban j\u00falius v\u00e9g\u00e9t\u0151l, szabadban augusztus k\u00f6zep\u00e9t\u0151l<br \/>\nA gy\u00fcm\u00f6lcs\u00f6k ehet\u0151ek, intenz\u00edv \u00edz\u0171ek, de nem keser\u0171ek<\/p>\n<p>Febru\u00e1r v\u00e9g\u00e9t\u0151l el\u0151kult\u00far\u00e1val vetj\u00fck, m\u00e1just\u00f3l \u00fcvegh\u00e1zba vagy szabadba \u00fcltetj\u00fck.<\/p>\n<p>A csomag 10 szem magot tartalmaz.<\/p>\n","protected":false},"featured_media":19627,"comment_status":"closed","ping_status":"closed","template":"","meta":[],"product_brand":[],"product_cat":[329],"product_tag":[],"class_list":{"0":"post-19624","1":"product","2":"type-product","3":"status-publish","4":"has-post-thumbnail","6":"product_cat-zoldseg-vetomagok-egyeb-es-kulonleges-vetomagok","8":"first","9":"instock","10":"taxable","11":"shipping-taxable","12":"purchasable","13":"product-type-simple"},"_links":{"self":[{"href":"https:\/\/chilimag.hu\/webshop\/wp-json\/wp\/v2\/product\/19624","targetHints":{"allow":["GET"]}}],"collection":[{"href":"https:\/\/chilimag.hu\/webshop\/wp-json\/wp\/v2\/product"}],"about":[{"href":"https:\/\/chilimag.hu\/webshop\/wp-json\/wp\/v2\/types\/product"}],"replies":[{"embeddable":true,"href":"https:\/\/chilimag.hu\/webshop\/wp-json\/wp\/v2\/comments?post=19624"}],"wp:featuredmedia":[{"embeddable":true,"href":"https:\/\/chilimag.hu\/webshop\/wp-json\/wp\/v2\/media\/19627"}],"wp:attachment":[{"href":"https:\/\/chilimag.hu\/webshop\/wp-json\/wp\/v2\/media?parent=19624"}],"wp:term":[{"taxonomy":"product_brand","embeddable":true,"href":"https:\/\/chilimag.hu\/webshop\/wp-json\/wp\/v2\/product_brand?post=19624"},{"taxonomy":"product_cat","embeddable":true,"href":"https:\/\/chilimag.hu\/webshop\/wp-json\/wp\/v2\/product_cat?post=19624"},{"taxonomy":"product_tag","embeddable":true,"href":"https:\/\/chilimag.hu\/webshop\/wp-json\/wp\/v2\/product_tag?post=19624"}],"curies":[{"name":"wp","href":"https:\/\/api.w.org\/{rel}","templated":true}]}}