{"id":19622,"date":"2023-01-09T19:59:45","date_gmt":"2023-01-09T19:59:45","guid":{"rendered":"https:\/\/chilimag.hu\/webshop\/?post_type=product&#038;p=19622"},"modified":"2026-02-24T18:05:18","modified_gmt":"2026-02-24T18:05:18","slug":"orange-prince-padlizsan-b-s","status":"publish","type":"product","link":"https:\/\/chilimag.hu\/webshop\/termek\/orange-prince-padlizsan-b-s\/","title":{"rendered":"Padlizs\u00e1n Orange Prince B-S"},"content":{"rendered":"","protected":false},"excerpt":{"rendered":"<p><img decoding=\"async\" src=\"https:\/\/chilimag.hu\/webshop\/wp-content\/uploads\/2022\/10\/bobby-seeds-test-logo-150x150.png\" \/><\/p>\n<p>Term\u00e9kinform\u00e1ci\u00f3 &#8222;Solanum Orange Prince&#8221;<\/p>\n<p>Ez az \u00e9rdekes padlizs\u00e1n eredetileg Nyugat-Afrik\u00e1b\u00f3l sz\u00e1rmazik<\/p>\n<p>A Solanum\/padlizs\u00e1n e form\u00e1ja k\u00fcl\u00f6n\u00f6sen az Elef\u00e1ntcsontparton kedvelt z\u00f6lds\u00e9g, de itt k\u00fcl\u00f6n\u00f6sen figyelemre m\u00e9lt\u00f3 a gy\u00fcm\u00f6lcs \u0151szi d\u00edsz\u00e9rt\u00e9ke. A t\u00f6kre eml\u00e9keztet\u0151 g\u00f6mb\u00f6ly\u0171 term\u00e9sek z\u00f6ldr\u0151l pirosra v\u00e1ltoztatj\u00e1k a sz\u00ednt, m\u00e1jus k\u00f6zep\u00e9t\u0151l \u00fcltess\u00fck ki meleg helyre, \u00fcvegh\u00e1zban termeszthet\u0151. Betakar\u00edt\u00e1s augusztus v\u00e9g\u00e9t\u0151l. Tov\u00e1bbfejlesztett Melany v\u00e1laszt\u00e9k.<\/p>\n<p>Solanum aethiopicum<br \/>\nA n\u00f6v\u00e9ny k\u00f6r\u00fclbel\u00fcl 60-80 cm magasra \u00e9s kompaktra n\u0151.<br \/>\nCsinos, egyben tart\u00f3s d\u00edszgy\u00fcm\u00f6lcs<br \/>\nFebru\u00e1r v\u00e9g\u00e9t\u0151l el\u0151kult\u00far\u00e1val vetj\u00fck, m\u00e1just\u00f3l \u00fcvegh\u00e1zba vagy szabadba \u00fcltetj\u00fck.<\/p>\n<p>Lehets\u00e9ges k\u00f3rokoz\u00f3k: ismeretlen<\/p>\n<p>A csomag 10 szem magot tartalmaz.<\/p>\n","protected":false},"featured_media":19623,"comment_status":"closed","ping_status":"closed","template":"","meta":[],"product_brand":[],"product_cat":[329],"product_tag":[],"class_list":{"0":"post-19622","1":"product","2":"type-product","3":"status-publish","4":"has-post-thumbnail","6":"product_cat-zoldseg-vetomagok-egyeb-es-kulonleges-vetomagok","8":"first","9":"instock","10":"taxable","11":"shipping-taxable","12":"purchasable","13":"product-type-simple"},"_links":{"self":[{"href":"https:\/\/chilimag.hu\/webshop\/wp-json\/wp\/v2\/product\/19622","targetHints":{"allow":["GET"]}}],"collection":[{"href":"https:\/\/chilimag.hu\/webshop\/wp-json\/wp\/v2\/product"}],"about":[{"href":"https:\/\/chilimag.hu\/webshop\/wp-json\/wp\/v2\/types\/product"}],"replies":[{"embeddable":true,"href":"https:\/\/chilimag.hu\/webshop\/wp-json\/wp\/v2\/comments?post=19622"}],"wp:featuredmedia":[{"embeddable":true,"href":"https:\/\/chilimag.hu\/webshop\/wp-json\/wp\/v2\/media\/19623"}],"wp:attachment":[{"href":"https:\/\/chilimag.hu\/webshop\/wp-json\/wp\/v2\/media?parent=19622"}],"wp:term":[{"taxonomy":"product_brand","embeddable":true,"href":"https:\/\/chilimag.hu\/webshop\/wp-json\/wp\/v2\/product_brand?post=19622"},{"taxonomy":"product_cat","embeddable":true,"href":"https:\/\/chilimag.hu\/webshop\/wp-json\/wp\/v2\/product_cat?post=19622"},{"taxonomy":"product_tag","embeddable":true,"href":"https:\/\/chilimag.hu\/webshop\/wp-json\/wp\/v2\/product_tag?post=19622"}],"curies":[{"name":"wp","href":"https:\/\/api.w.org\/{rel}","templated":true}]}}