{"id":19570,"date":"2023-01-08T18:20:01","date_gmt":"2023-01-08T18:20:01","guid":{"rendered":"https:\/\/chilimag.hu\/webshop\/?post_type=product&#038;p=19570"},"modified":"2025-08-11T12:33:04","modified_gmt":"2025-08-11T12:33:04","slug":"paradicsom-costoluto-fiorentino-b","status":"publish","type":"product","link":"https:\/\/chilimag.hu\/webshop\/termek\/paradicsom-costoluto-fiorentino-b\/","title":{"rendered":"Costoluto-Fiorentino B Paradicsom"},"content":{"rendered":"","protected":false},"excerpt":{"rendered":"<p><img decoding=\"async\" src=\"https:\/\/chilimag.hu\/webshop\/wp-content\/uploads\/2014\/11\/chilimag-logo-2-150x150.jpg\" \/><\/p>\n<p>&nbsp;<\/p>\n<p>Le\u00edr\u00e1s<\/p>\n<p>A Costoluto Fiorentino egy r\u00e9gi, toszk\u00e1n fajta, amely nagyon magas hozam\u00fa. Nev\u00e9nek jelent\u00e9se: \u201eFirenzei borda\u201d, ami pontosan le\u00edrja megjelen\u00e9s\u00e9t. Gy\u00fcm\u00f6lcsei \u00e9l\u00e9nkpirosak, lapos kerekek, er\u0151sen bord\u00e1zottak, s\u00falyuk kb. 250 g. H\u00fasosak, l\u00e9d\u00fasak \u00e9s \u00e9des \u00edz\u0171ek \u2013 az egyik legjobb paradicsom a spagettisz\u00f3szhoz. Friss fogyaszt\u00e1sra \u00e9s leforr\u00e1z\u00e1sra is alkalmasak. A n\u00f6v\u00e9nyek robusztusak, a hajt\u00e1sokat rendszeresen le kell cs\u00edpni.<\/p>\n<p>Gondoz\u00e1s: A Costoluto Fiorentino paradicsomot termesztheti, \u00fcvegh\u00e1zban vagy a szabadban. Az optim\u00e1lis cs\u00edr\u00e1z\u00e1si h\u0151m\u00e9rs\u00e9klet 20 \u00e9s 25\u00b0C k\u00f6z\u00f6tt van, a cs\u00edr\u00e1z\u00e1s 8-14 nap ut\u00e1n k\u00f6vetkezik be. Felgyors\u00edthatja a cs\u00edr\u00e1z\u00e1si folyamatot, ha a magokat egy \u00e9jszak\u00e1n \u00e1t nedves ruh\u00e1ban hagyja \u00e1zni. V\u00e1rjon az utols\u00f3 fagy ut\u00e1n a kiv\u00e1lasztott n\u00f6v\u00e9nyek \u00fcltet\u00e9s\u00e9vel.<\/p>\n<p>A paradicsomnak friss, j\u00f3l tr\u00e1gy\u00e1zott, v\u00edz\u00e1tereszt\u0151 talajra van sz\u00fcks\u00e9ge, amelyet nedvesen (de nem nedvesen!) kell tartani. Napos, v\u00e9dett helyre \u00fcltess\u00fck, ahol legal\u00e1bb 6 \u00f3ra \u2013 lehet\u0151leg t\u00f6bb \u2013 napf\u00e9ny \u00e9ri.<\/p>\n<p>Costoluto Fiorentino paradicsom t\u00edpus<br \/>\nOptim\u00e1lis cs\u00edr\u00e1z\u00e1si h\u0151m\u00e9rs\u00e9klet 20 &#8211; 25 \u00b0C<br \/>\nVet\u00e9s febru\u00e1r-\u00e1prilis<br \/>\nCs\u00edr\u00e1z\u00e1si id\u0151 8-14 nap<br \/>\nN\u00f6v\u00e9nyn\u00f6veked\u00e9si szok\u00e1s kb. 150-200 cm magas, kar\u00f3s paradicsom<br \/>\nGy\u00fcm\u00f6lcs megjelen\u00e9se v\u00f6r\u00f6s, lapos kerek, er\u0151sen bord\u00e1zott, kb. 250 g, marhasteak paradicsom<br \/>\n\u00cdze H\u00fasos, l\u00e9d\u00fas, \u00e9des<br \/>\nSz\u00fcret j\u00faliust\u00f3l okt\u00f3berig<br \/>\nSz\u00e1rmaz\u00e1si hely Olaszorsz\u00e1g<\/p>\n<p>A csomag 10 szem magot tartalmaz.<\/p>\n","protected":false},"featured_media":19571,"comment_status":"closed","ping_status":"closed","template":"","meta":[],"product_brand":[],"product_cat":[10],"product_tag":[],"class_list":{"0":"post-19570","1":"product","2":"type-product","3":"status-publish","4":"has-post-thumbnail","6":"product_cat-paradicsom","8":"first","9":"instock","10":"taxable","11":"shipping-taxable","12":"purchasable","13":"product-type-simple"},"_links":{"self":[{"href":"https:\/\/chilimag.hu\/webshop\/wp-json\/wp\/v2\/product\/19570","targetHints":{"allow":["GET"]}}],"collection":[{"href":"https:\/\/chilimag.hu\/webshop\/wp-json\/wp\/v2\/product"}],"about":[{"href":"https:\/\/chilimag.hu\/webshop\/wp-json\/wp\/v2\/types\/product"}],"replies":[{"embeddable":true,"href":"https:\/\/chilimag.hu\/webshop\/wp-json\/wp\/v2\/comments?post=19570"}],"wp:featuredmedia":[{"embeddable":true,"href":"https:\/\/chilimag.hu\/webshop\/wp-json\/wp\/v2\/media\/19571"}],"wp:attachment":[{"href":"https:\/\/chilimag.hu\/webshop\/wp-json\/wp\/v2\/media?parent=19570"}],"wp:term":[{"taxonomy":"product_brand","embeddable":true,"href":"https:\/\/chilimag.hu\/webshop\/wp-json\/wp\/v2\/product_brand?post=19570"},{"taxonomy":"product_cat","embeddable":true,"href":"https:\/\/chilimag.hu\/webshop\/wp-json\/wp\/v2\/product_cat?post=19570"},{"taxonomy":"product_tag","embeddable":true,"href":"https:\/\/chilimag.hu\/webshop\/wp-json\/wp\/v2\/product_tag?post=19570"}],"curies":[{"name":"wp","href":"https:\/\/api.w.org\/{rel}","templated":true}]}}