{"id":19502,"date":"2023-01-05T18:15:09","date_gmt":"2023-01-05T18:15:09","guid":{"rendered":"https:\/\/chilimag.hu\/webshop\/?post_type=product&#038;p=19502"},"modified":"2026-02-08T19:02:52","modified_gmt":"2026-02-08T19:02:52","slug":"paprika-rezigo-f1-cap","status":"publish","type":"product","link":"https:\/\/chilimag.hu\/webshop\/termek\/paprika-rezigo-f1-cap\/","title":{"rendered":"Paprika Rezigo F1 Capsico"},"content":{"rendered":"","protected":false},"excerpt":{"rendered":"<p><img decoding=\"async\" class=\"sFlh5c FyHeAf iPVvYb\" src=\"https:\/\/c.cdnmp.net\/592978066\/brands\/1000108_logo.png\" alt=\"Capsico - Seminte1\" width=\"148\" height=\"83\" \/><\/p>\n<p><strong>Le\u00edr\u00e1s<\/strong><\/p>\n<p class=\"p1\">Nagy bogy\u00f3m\u00e9ret\u0171, vastag h\u00fas\u00fa fajta, f\u00e9nyesfeh\u00e9r term\u00e9sekkel. Korai, piacos fajta, term\u00e9shozama az els\u0151 szed\u00e9sekben k\u00fcl\u00f6n\u00f6sen kiemelked\u0151. Kalciumhi\u00e1nyos foltosod\u00e1sra nem hajlamos, nem lilul, genetikailag antoci\u00e1nmentes. K\u00f6z\u00e9per\u0151s n\u00f6veked\u00e9s\u0171, kev\u00e9s z\u00f6ldmunka-ig\u00e9ny\u0171 t\u00edpus, f\u00e9nyszeg\u00e9ny id\u0151szakban is j\u00f3l k\u00f6t. \u00dcltet\u00e9s\u00e9t talajra \u00e9s talaj n\u00e9lk\u00fcli technol\u00f3gi\u00e1kra is javasoljuk, korai id\u0151szakt\u00f3l kezdve ak\u00e1r m\u00e1sod\u00fcltet\u00e9sig, felk\u00f6t\u00f6zve, kordonos termeszt\u00e9sre \u00e9s szabadf\u00f6ldre is.<\/p>\n<p>A csomag 100 szem magot tartalmaz<\/p>\n","protected":false},"featured_media":19503,"comment_status":"closed","ping_status":"closed","template":"","meta":[],"product_brand":[],"product_cat":[319],"product_tag":[],"class_list":{"0":"post-19502","1":"product","2":"type-product","3":"status-publish","4":"has-post-thumbnail","6":"product_cat-capsico-vetomagok","8":"first","9":"outofstock","10":"taxable","11":"shipping-taxable","12":"purchasable","13":"product-type-simple"},"_links":{"self":[{"href":"https:\/\/chilimag.hu\/webshop\/wp-json\/wp\/v2\/product\/19502","targetHints":{"allow":["GET"]}}],"collection":[{"href":"https:\/\/chilimag.hu\/webshop\/wp-json\/wp\/v2\/product"}],"about":[{"href":"https:\/\/chilimag.hu\/webshop\/wp-json\/wp\/v2\/types\/product"}],"replies":[{"embeddable":true,"href":"https:\/\/chilimag.hu\/webshop\/wp-json\/wp\/v2\/comments?post=19502"}],"wp:featuredmedia":[{"embeddable":true,"href":"https:\/\/chilimag.hu\/webshop\/wp-json\/wp\/v2\/media\/19503"}],"wp:attachment":[{"href":"https:\/\/chilimag.hu\/webshop\/wp-json\/wp\/v2\/media?parent=19502"}],"wp:term":[{"taxonomy":"product_brand","embeddable":true,"href":"https:\/\/chilimag.hu\/webshop\/wp-json\/wp\/v2\/product_brand?post=19502"},{"taxonomy":"product_cat","embeddable":true,"href":"https:\/\/chilimag.hu\/webshop\/wp-json\/wp\/v2\/product_cat?post=19502"},{"taxonomy":"product_tag","embeddable":true,"href":"https:\/\/chilimag.hu\/webshop\/wp-json\/wp\/v2\/product_tag?post=19502"}],"curies":[{"name":"wp","href":"https:\/\/api.w.org\/{rel}","templated":true}]}}