{"id":19249,"date":"2022-12-12T17:33:20","date_gmt":"2022-12-12T17:33:20","guid":{"rendered":"https:\/\/chilimag.hu\/webshop\/?post_type=product&#038;p=19249"},"modified":"2026-04-04T17:05:54","modified_gmt":"2026-04-04T17:05:54","slug":"paradicsom-okorsziv-narancssarga-florian-bg","status":"publish","type":"product","link":"https:\/\/chilimag.hu\/webshop\/termek\/paradicsom-okorsziv-narancssarga-florian-bg\/","title":{"rendered":"Paradicsom Oxheart orange Florian Bg"},"content":{"rendered":"","protected":false},"excerpt":{"rendered":"<p><img decoding=\"async\" class=\"img-inline\" src=\"https:\/\/brcci.eu\/cache\/thumbnails\/12ecd0e6e419f1b9b1484ef02ad361979dd8e054\/1a6c5e1406ad462ca86d17b2800862d7f837862c-829875ad0a268b741b7edd818ffce098.png\" alt=\"FLORIAN OOD\" \/><\/p>\n<p>Heart of Buffalo Orange paradicsommag k\u00fcl\u00f6nleges f\u00e9lkorai hat\u00e1rozatlan fajta, Florian<\/p>\n<p>Az Orange Buffalo Heart paradicsom f\u00e9lkorai fajta, magas term\u0151k\u00e9pess\u00e9g\u0171, hat\u00e1rozatlan n\u00f6veked\u00e9s\u0171. Gy\u00fcm\u00f6lcsei bivaly\/\u00f6k\u00f6rsz\u00edv alak\u00faak, \u00e1tlagosan 200-250 grammos gy\u00fcm\u00f6lcst\u00f6meg\u0171ek, h\u00fasosak, intenz\u00edv narancss\u00e1rga sz\u00edn\u0171ek, cellul\u00f3zmentesek, kiv\u00e1l\u00f3 \u00edz\u0171ek. Friss fogyaszt\u00e1sra alkalmas. A veget\u00e1ci\u00f3s id\u0151szak 120-130 nap.<\/p>\n<p>A csomag 0,5 gramm magot tartalmaz<\/p>\n","protected":false},"featured_media":23492,"comment_status":"closed","ping_status":"closed","template":"","meta":[],"product_brand":[],"product_cat":[381],"product_tag":[],"class_list":{"0":"post-19249","1":"product","2":"type-product","3":"status-publish","4":"has-post-thumbnail","6":"product_cat-paradicsom-vetomagok-bolgar-florian-vetomagok","8":"first","9":"instock","10":"taxable","11":"shipping-taxable","12":"purchasable","13":"product-type-simple"},"_links":{"self":[{"href":"https:\/\/chilimag.hu\/webshop\/wp-json\/wp\/v2\/product\/19249","targetHints":{"allow":["GET"]}}],"collection":[{"href":"https:\/\/chilimag.hu\/webshop\/wp-json\/wp\/v2\/product"}],"about":[{"href":"https:\/\/chilimag.hu\/webshop\/wp-json\/wp\/v2\/types\/product"}],"replies":[{"embeddable":true,"href":"https:\/\/chilimag.hu\/webshop\/wp-json\/wp\/v2\/comments?post=19249"}],"wp:featuredmedia":[{"embeddable":true,"href":"https:\/\/chilimag.hu\/webshop\/wp-json\/wp\/v2\/media\/23492"}],"wp:attachment":[{"href":"https:\/\/chilimag.hu\/webshop\/wp-json\/wp\/v2\/media?parent=19249"}],"wp:term":[{"taxonomy":"product_brand","embeddable":true,"href":"https:\/\/chilimag.hu\/webshop\/wp-json\/wp\/v2\/product_brand?post=19249"},{"taxonomy":"product_cat","embeddable":true,"href":"https:\/\/chilimag.hu\/webshop\/wp-json\/wp\/v2\/product_cat?post=19249"},{"taxonomy":"product_tag","embeddable":true,"href":"https:\/\/chilimag.hu\/webshop\/wp-json\/wp\/v2\/product_tag?post=19249"}],"curies":[{"name":"wp","href":"https:\/\/api.w.org\/{rel}","templated":true}]}}