{"id":19181,"date":"2022-12-04T16:28:24","date_gmt":"2022-12-04T16:28:24","guid":{"rendered":"https:\/\/chilimag.hu\/webshop\/?post_type=product&#038;p=19181"},"modified":"2025-08-11T14:13:15","modified_gmt":"2025-08-11T14:13:15","slug":"paradicsom-saint-pierre-b","status":"publish","type":"product","link":"https:\/\/chilimag.hu\/webshop\/termek\/paradicsom-saint-pierre-b\/","title":{"rendered":"Saint-Pierre B Paradicsom"},"content":{"rendered":"","protected":false},"excerpt":{"rendered":"<p><img decoding=\"async\" src=\"https:\/\/chilimag.hu\/webshop\/wp-content\/uploads\/2014\/11\/chilimag-logo-2-150x150.jpg\" \/><\/p>\n<p>&nbsp;<\/p>\n<p>Le\u00edr\u00e1s<\/p>\n<p>B\u00e1r a \u201eSzent. A Pierre paradicsom egy kicsit rejt\u00e9ly, tudjuk, hogy ez az \u00f6r\u00f6ks\u00e9g fajta Franciaorsz\u00e1gb\u00f3l sz\u00e1rmazik, ahol m\u00e1r j\u00f3 ideje csemege. A \u2019Saint Pierre\u2019 paradicsomn\u00f6v\u00e9nyt ma is kedvelik a hobbikert\u00e9szek, mivel sz\u00edv\u00f3snak \u00e9s nagy hozam\u00fanak tartj\u00e1k.A \u201eSaint Pierre\u201d paradicsom k\u00f6r\u00fclbel\u00fcl 100 gramm s\u00faly\u00fa, \u00e9s a beefsteak paradicsom csal\u00e1dj\u00e1ba tartozik. J\u00falius v\u00e9ge k\u00f6r\u00fcl a g\u00f6mb\u00f6lyded term\u00e9sek kis f\u00fcrt\u00f6kben kezdenek \u00e9rni. Maga a paradicsomn\u00f6v\u00e9ny nagyon ellen\u00e1ll\u00f3 a betegs\u00e9gekkel szemben, \u00e9s ak\u00e1r 150-200 centim\u00e9teres magass\u00e1got is el\u00e9rhet. A \u201eSaint Pierre\u201d paradicsom meglehet\u0151sen enyhe, enyh\u00e9n \u00e9des, de nagyon l\u00e9d\u00fas.<\/p>\n<p>Gondoz\u00e1sa: A\u00a0paradicsomot, \u00fcvegh\u00e1zban vagy a szabadban termesztheti. Az optim\u00e1lis cs\u00edr\u00e1z\u00e1si h\u0151m\u00e9rs\u00e9klet 20 \u00e9s 25\u00b0C k\u00f6z\u00f6tt van, a cs\u00edr\u00e1z\u00e1s 8-14 nap ut\u00e1n k\u00f6vetkezik be. Felgyors\u00edthatja a cs\u00edr\u00e1z\u00e1si folyamatot, ha a magokat egy \u00e9jszak\u00e1n \u00e1t nedves ruh\u00e1ban hagyja \u00e1zni. V\u00e1rjon az utols\u00f3 fagy ut\u00e1n a kiv\u00e1lasztott n\u00f6v\u00e9nyek \u00fcltet\u00e9s\u00e9vel.<\/p>\n<p>A paradicsomnak friss, j\u00f3l tr\u00e1gy\u00e1zott, v\u00edz\u00e1tereszt\u0151 talajra van sz\u00fcks\u00e9ge, amelyet nedvesen (de nem nedvesen!) kell tartani. Napos, v\u00e9dett helyre \u00fcltess\u00fck, ahol legal\u00e1bb 6 \u00f3ra \u2013 lehet\u0151leg t\u00f6bb \u00a0napf\u00e9ny \u00e9ri.<\/p>\n<p>A csomag 10 szem magot tartalmaz<\/p>\n","protected":false},"featured_media":19182,"comment_status":"closed","ping_status":"closed","template":"","meta":[],"product_brand":[],"product_cat":[10],"product_tag":[],"class_list":{"0":"post-19181","1":"product","2":"type-product","3":"status-publish","4":"has-post-thumbnail","6":"product_cat-paradicsom","8":"first","9":"instock","10":"taxable","11":"shipping-taxable","12":"purchasable","13":"product-type-simple"},"_links":{"self":[{"href":"https:\/\/chilimag.hu\/webshop\/wp-json\/wp\/v2\/product\/19181","targetHints":{"allow":["GET"]}}],"collection":[{"href":"https:\/\/chilimag.hu\/webshop\/wp-json\/wp\/v2\/product"}],"about":[{"href":"https:\/\/chilimag.hu\/webshop\/wp-json\/wp\/v2\/types\/product"}],"replies":[{"embeddable":true,"href":"https:\/\/chilimag.hu\/webshop\/wp-json\/wp\/v2\/comments?post=19181"}],"wp:featuredmedia":[{"embeddable":true,"href":"https:\/\/chilimag.hu\/webshop\/wp-json\/wp\/v2\/media\/19182"}],"wp:attachment":[{"href":"https:\/\/chilimag.hu\/webshop\/wp-json\/wp\/v2\/media?parent=19181"}],"wp:term":[{"taxonomy":"product_brand","embeddable":true,"href":"https:\/\/chilimag.hu\/webshop\/wp-json\/wp\/v2\/product_brand?post=19181"},{"taxonomy":"product_cat","embeddable":true,"href":"https:\/\/chilimag.hu\/webshop\/wp-json\/wp\/v2\/product_cat?post=19181"},{"taxonomy":"product_tag","embeddable":true,"href":"https:\/\/chilimag.hu\/webshop\/wp-json\/wp\/v2\/product_tag?post=19181"}],"curies":[{"name":"wp","href":"https:\/\/api.w.org\/{rel}","templated":true}]}}