{"id":19166,"date":"2022-12-01T18:47:21","date_gmt":"2022-12-01T18:47:21","guid":{"rendered":"https:\/\/chilimag.hu\/webshop\/?post_type=product&#038;p=19166"},"modified":"2025-11-23T17:24:29","modified_gmt":"2025-11-23T17:24:29","slug":"csigacsapda-slugs-trap-2-db-os","status":"publish","type":"product","link":"https:\/\/chilimag.hu\/webshop\/termek\/csigacsapda-slugs-trap-2-db-os\/","title":{"rendered":"Csigacsapda Slugs Trap 2 db-os"},"content":{"rendered":"","protected":false},"excerpt":{"rendered":"<p>A Nortene meztelen csiga csapda a csomagol\u00e1s\u00e1b\u00f3l kiv\u00e9ve haszn\u00e1latra k\u00e9sz, s\u00fcllyessze a meztelen csigacsapd\u00e1t f\u00f6ldbe a meztelen csig\u00e1kt\u00f3l v\u00e9deni k\u00edv\u00e1nt ter\u00fclet mellett, t\u00f6ltse fel s\u00f6rrel. A meztelen csiga csapda k\u00e9sz\u00fcl\u00e9k alkalmas a kertben \u00e9l\u0151 meztelen csig\u00e1k, k\u00e1gyil\u00f3-k elfog\u00e1s\u00e1ra, \u00f6sszegy\u0171jt\u00e9s\u00e9re.<br \/>\nA meztelen csiga csapd\u00e1t sz\u00fcks\u00e9g szerint \u00fcr\u00edtse.Hat\u00e9kony, m\u00e9regmentes \u00e9s vegyszermentes k\u00f6rnyezetbar\u00e1t megold\u00e1s.<br \/>\nA meztelen csigacsapda m\u00e9rete: 12x12x10 cm. (\u00f6tsz\u00f6g alak\u00fa)<\/p>\n","protected":false},"featured_media":19167,"comment_status":"closed","ping_status":"closed","template":"","meta":[],"product_brand":[],"product_cat":[340],"product_tag":[],"class_list":{"0":"post-19166","1":"product","2":"type-product","3":"status-publish","4":"has-post-thumbnail","6":"product_cat-kartevo-csapdak","8":"first","9":"instock","10":"taxable","11":"shipping-taxable","12":"purchasable","13":"product-type-simple"},"_links":{"self":[{"href":"https:\/\/chilimag.hu\/webshop\/wp-json\/wp\/v2\/product\/19166","targetHints":{"allow":["GET"]}}],"collection":[{"href":"https:\/\/chilimag.hu\/webshop\/wp-json\/wp\/v2\/product"}],"about":[{"href":"https:\/\/chilimag.hu\/webshop\/wp-json\/wp\/v2\/types\/product"}],"replies":[{"embeddable":true,"href":"https:\/\/chilimag.hu\/webshop\/wp-json\/wp\/v2\/comments?post=19166"}],"wp:featuredmedia":[{"embeddable":true,"href":"https:\/\/chilimag.hu\/webshop\/wp-json\/wp\/v2\/media\/19167"}],"wp:attachment":[{"href":"https:\/\/chilimag.hu\/webshop\/wp-json\/wp\/v2\/media?parent=19166"}],"wp:term":[{"taxonomy":"product_brand","embeddable":true,"href":"https:\/\/chilimag.hu\/webshop\/wp-json\/wp\/v2\/product_brand?post=19166"},{"taxonomy":"product_cat","embeddable":true,"href":"https:\/\/chilimag.hu\/webshop\/wp-json\/wp\/v2\/product_cat?post=19166"},{"taxonomy":"product_tag","embeddable":true,"href":"https:\/\/chilimag.hu\/webshop\/wp-json\/wp\/v2\/product_tag?post=19166"}],"curies":[{"name":"wp","href":"https:\/\/api.w.org\/{rel}","templated":true}]}}