{"id":19151,"date":"2022-11-30T17:18:48","date_gmt":"2022-11-30T17:18:48","guid":{"rendered":"https:\/\/chilimag.hu\/webshop\/?post_type=product&#038;p=19151"},"modified":"2024-09-22T18:23:39","modified_gmt":"2024-09-22T18:23:39","slug":"heart-of-gold-f1-tok-b-s","status":"publish","type":"product","link":"https:\/\/chilimag.hu\/webshop\/termek\/heart-of-gold-f1-tok-b-s\/","title":{"rendered":"Heart of Gold F1 T\u00f6k B-S"},"content":{"rendered":"","protected":false},"excerpt":{"rendered":"<p><img decoding=\"async\" src=\"https:\/\/chilimag.hu\/webshop\/wp-content\/uploads\/2022\/10\/bobby-seeds-test-logo-150x150.png\" \/><\/p>\n<p>Term\u00e9kinform\u00e1ci\u00f3 &#8222;Heart of Gold F1&#8221;<\/p>\n<p>Feh\u00e9r-z\u00f6ld makk, sz\u00edne \u00e9s jegyei, mint a Sweet Dumpling, de nagyobb, k\u00f6r\u00fclbel\u00fcl 1 kg, hegyes<\/p>\n<p>pepo<br \/>\n\u00c9rlel\u00e9si id\u0151: 95 nap<br \/>\nA magatart\u00e1s m\u00e9rs\u00e9kelt<br \/>\nA makkt\u00f6k nagy hozam\u00fa, sz\u00edv\u00f3s \u00e9s j\u00f3 ehet\u0151 t\u00f6k<br \/>\nEz a fajta j\u00f3l fejl\u0151dik meleg, j\u00f3 v\u00edzelvezet\u00e9s\u0171 talajban, el\u0151m\u0171vel\u00e9ssel \u00e9s \u00fcltet\u00e9ssel \u00e1prilis v\u00e9g\u00e9t\u0151l vagy k\u00f6zvetlen vet\u00e9ssel m\u00e1jus elej\u00e9t\u0151l.<\/p>\n<p>A s\u00fct\u0151t\u00f6k \u00fcltet\u00e9si t\u00e1vols\u00e1ga a m\u00e1sz\u00e1si viselked\u00e9st\u0151l f\u00fcgg, a makk \u00e1ltal\u00e1ban nagyon takar\u00e9kos<\/p>\n<p>Lehets\u00e9ges k\u00e1rtev\u0151k: csig\u00e1k, madarak, egerek, tetvek, lisztharmat, v\u00edrus<\/p>\n<p>A csomag 10 szem magot tartalmaz<\/p>\n","protected":false},"featured_media":19152,"comment_status":"closed","ping_status":"closed","template":"","meta":[],"product_brand":[],"product_cat":[345],"product_tag":[],"class_list":{"0":"post-19151","1":"product","2":"type-product","3":"status-publish","4":"has-post-thumbnail","6":"product_cat-suto-fozo-es-disztokok","8":"first","9":"instock","10":"taxable","11":"shipping-taxable","12":"purchasable","13":"product-type-simple"},"_links":{"self":[{"href":"https:\/\/chilimag.hu\/webshop\/wp-json\/wp\/v2\/product\/19151","targetHints":{"allow":["GET"]}}],"collection":[{"href":"https:\/\/chilimag.hu\/webshop\/wp-json\/wp\/v2\/product"}],"about":[{"href":"https:\/\/chilimag.hu\/webshop\/wp-json\/wp\/v2\/types\/product"}],"replies":[{"embeddable":true,"href":"https:\/\/chilimag.hu\/webshop\/wp-json\/wp\/v2\/comments?post=19151"}],"wp:featuredmedia":[{"embeddable":true,"href":"https:\/\/chilimag.hu\/webshop\/wp-json\/wp\/v2\/media\/19152"}],"wp:attachment":[{"href":"https:\/\/chilimag.hu\/webshop\/wp-json\/wp\/v2\/media?parent=19151"}],"wp:term":[{"taxonomy":"product_brand","embeddable":true,"href":"https:\/\/chilimag.hu\/webshop\/wp-json\/wp\/v2\/product_brand?post=19151"},{"taxonomy":"product_cat","embeddable":true,"href":"https:\/\/chilimag.hu\/webshop\/wp-json\/wp\/v2\/product_cat?post=19151"},{"taxonomy":"product_tag","embeddable":true,"href":"https:\/\/chilimag.hu\/webshop\/wp-json\/wp\/v2\/product_tag?post=19151"}],"curies":[{"name":"wp","href":"https:\/\/api.w.org\/{rel}","templated":true}]}}