{"id":19148,"date":"2022-11-30T17:15:40","date_gmt":"2022-11-30T17:15:40","guid":{"rendered":"https:\/\/chilimag.hu\/webshop\/?post_type=product&#038;p=19148"},"modified":"2026-02-10T15:28:21","modified_gmt":"2026-02-10T15:28:21","slug":"hidemi-tok-b-s","status":"publish","type":"product","link":"https:\/\/chilimag.hu\/webshop\/termek\/hidemi-tok-b-s\/","title":{"rendered":"Hidemi T\u00f6k B-S"},"content":{"rendered":"","protected":false},"excerpt":{"rendered":"<p><img decoding=\"async\" src=\"https:\/\/chilimag.hu\/webshop\/wp-content\/uploads\/2022\/10\/bobby-seeds-test-logo-150x150.png\" \/><\/p>\n<p>Term\u00e9kinform\u00e1ci\u00f3 &#8222;Hidemi&#8221;<\/p>\n<p>V\u00e1logat\u00e1s Jap\u00e1nb\u00f3l, kisebb \u00e9s egys\u00e9gesebb, mint a Black Futsu<\/p>\n<p>A Hidemi nagyon sz\u00e9p gy\u00fcm\u00f6lcs\u00f6ket hoz, s\u00f6t\u00e9tz\u00f6ldr\u0151l barn\u00e1ra v\u00e1ltozik. Csak gyeng\u00e9n m\u00e1szik, ez\u00e9rt s\u0171r\u0171bben kell \u00fcltetni. A gy\u00fcm\u00f6lcs m\u00e9rete optim\u00e1lis, k\u00f6r\u00fclbel\u00fcl 1-1,5 kg, a kem\u00e9ny h\u00fas di\u00f3s \u00edz\u0171, \u00e9s m\u00e9g a gyerekek is fogyasztj\u00e1k nyersen. A Hidemi egy eddig ismeretlen fajta, amelyet egy jap\u00e1n n\u0151 k\u00fcld\u00f6tt nek\u00fcnk. Nevezt\u00fcnk el r\u00f3la.<\/p>\n<p>moschata<br \/>\n\u00c9rlel\u00e9si id\u0151: 100 nap<br \/>\nA viselked\u00e9s m\u00e9rt\u00e9ke m\u00e9rs\u00e9kelt<br \/>\nA Cucurbita moschata legink\u00e1bb magas karotintartalm\u00e1val meggy\u0151z.<br \/>\nA Cucurbita moschata sok meleget ig\u00e9nyel, ez\u00e9rt el\u0151 kell termeszteni. A legfeljebb 110 napos \u00e9r\u00e9si idej\u0171 fajt\u00e1k azt\u00e1n a hideg vid\u00e9keken is j\u00f3l fejl\u0151dnek.<\/p>\n<p>A s\u00fct\u0151t\u00f6k \u00fcltet\u00e9si t\u00e1vols\u00e1ga a m\u00e1sz\u00e1si viselked\u00e9st\u0151l f\u00fcgg<\/p>\n<p>Lehets\u00e9ges k\u00e1rtev\u0151k: csig\u00e1k, madarak, egerek, tetvek, lisztharmat<\/p>\n<p>A csomag 10 szem magot tartalmaz<\/p>\n","protected":false},"featured_media":19149,"comment_status":"closed","ping_status":"closed","template":"","meta":[],"product_brand":[],"product_cat":[345],"product_tag":[],"class_list":{"0":"post-19148","1":"product","2":"type-product","3":"status-publish","4":"has-post-thumbnail","6":"product_cat-suto-fozo-es-disztokok","8":"first","9":"instock","10":"taxable","11":"shipping-taxable","12":"purchasable","13":"product-type-simple"},"_links":{"self":[{"href":"https:\/\/chilimag.hu\/webshop\/wp-json\/wp\/v2\/product\/19148","targetHints":{"allow":["GET"]}}],"collection":[{"href":"https:\/\/chilimag.hu\/webshop\/wp-json\/wp\/v2\/product"}],"about":[{"href":"https:\/\/chilimag.hu\/webshop\/wp-json\/wp\/v2\/types\/product"}],"replies":[{"embeddable":true,"href":"https:\/\/chilimag.hu\/webshop\/wp-json\/wp\/v2\/comments?post=19148"}],"wp:featuredmedia":[{"embeddable":true,"href":"https:\/\/chilimag.hu\/webshop\/wp-json\/wp\/v2\/media\/19149"}],"wp:attachment":[{"href":"https:\/\/chilimag.hu\/webshop\/wp-json\/wp\/v2\/media?parent=19148"}],"wp:term":[{"taxonomy":"product_brand","embeddable":true,"href":"https:\/\/chilimag.hu\/webshop\/wp-json\/wp\/v2\/product_brand?post=19148"},{"taxonomy":"product_cat","embeddable":true,"href":"https:\/\/chilimag.hu\/webshop\/wp-json\/wp\/v2\/product_cat?post=19148"},{"taxonomy":"product_tag","embeddable":true,"href":"https:\/\/chilimag.hu\/webshop\/wp-json\/wp\/v2\/product_tag?post=19148"}],"curies":[{"name":"wp","href":"https:\/\/api.w.org\/{rel}","templated":true}]}}