{"id":19146,"date":"2022-11-30T16:57:24","date_gmt":"2022-11-30T16:57:24","guid":{"rendered":"https:\/\/chilimag.hu\/webshop\/?post_type=product&#038;p=19146"},"modified":"2025-10-03T05:49:50","modified_gmt":"2025-10-03T05:49:50","slug":"jill-be-little-tok-b-s","status":"publish","type":"product","link":"https:\/\/chilimag.hu\/webshop\/termek\/jill-be-little-tok-b-s\/","title":{"rendered":"Jill be little T\u00f6k B-S"},"content":{"rendered":"","protected":false},"excerpt":{"rendered":"<p><img decoding=\"async\" src=\"https:\/\/chilimag.hu\/webshop\/wp-content\/uploads\/2022\/10\/bobby-seeds-test-logo-150x150.png\" \/><\/p>\n<p>Term\u00e9kinform\u00e1ci\u00f3k &#8222;Jill be little&#8221;<\/p>\n<p>Nagyon n\u00e9pszer\u0171 s\u00fct\u0151t\u00f6k asztald\u00edsznek \u00e9s vir\u00e1gk\u00f6t\u0151nek<\/p>\n<p>A Jill be little a j\u00f3l ismert Jack be little mandarin t\u00f6k t\u00f6bbsz\u00f6r\u00f6sen tov\u00e1bbfejlesztett v\u00e1ltozata. Gy\u00fcm\u00f6lcsei egys\u00e9gesebbek, valamivel kisebbek, s\u00f6t\u00e9tebb sz\u00edn\u0171ek \u00e9s szebben bord\u00e1zottak. K\u00f6zvetlen\u00fcl Jackhez k\u00e9pest kicsivel, valamivel kor\u00e1bbi \u00e9s jobb term\u00e9s igazolhat\u00f3. R\u00e1ad\u00e1sul a Jill be little ellen\u00e1ll a lisztharmatnak, ami k\u00e9s\u0151bb az itteni n\u00f6v\u00e9nyeket is megviseli.<\/p>\n<p>Cucurbita pepo<br \/>\nAz \u00e9rlel\u00e9si id\u0151 k\u00f6r\u00fclbel\u00fcl 90 nap<br \/>\nJill be little n\u0151 a hegym\u00e1sz\u00e1s<br \/>\nA Jill be little fogyaszt\u00e1sra alkalmas, p\u00e9ld\u00e1ul el\u0151\u00e9telnek<br \/>\nA s\u00fct\u0151t\u00f6k j\u00f3l fejl\u0151dik meleg, j\u00f3 v\u00edzelvezet\u00e9s\u0171 talajban, el\u0151kult\u00far\u00e1ban \u00e9s \u00fcltet\u00e9sben \u00e1prilis v\u00e9gi vet\u00e9ssel vagy m\u00e1jus elej\u00e9t\u0151l k\u00f6zvetlen vet\u00e9ssel.<\/p>\n<p>A Jill kicsi sz\u00e1m\u00e1ra n\u00f6v\u00e9nyenk\u00e9nt 2 n\u00e9gyzetm\u00e9tert aj\u00e1nlunk<\/p>\n<p>Lehets\u00e9ges k\u00e1rtev\u0151k: csig\u00e1k, madarak, egerek, tetvek, lisztharmat, v\u00edrus<\/p>\n<p>A csomag 10 szem magot tartalmaz<\/p>\n","protected":false},"featured_media":19147,"comment_status":"closed","ping_status":"closed","template":"","meta":[],"product_brand":[],"product_cat":[345],"product_tag":[],"class_list":{"0":"post-19146","1":"product","2":"type-product","3":"status-publish","4":"has-post-thumbnail","6":"product_cat-suto-fozo-es-disztokok","8":"first","9":"instock","10":"taxable","11":"shipping-taxable","12":"purchasable","13":"product-type-simple"},"_links":{"self":[{"href":"https:\/\/chilimag.hu\/webshop\/wp-json\/wp\/v2\/product\/19146","targetHints":{"allow":["GET"]}}],"collection":[{"href":"https:\/\/chilimag.hu\/webshop\/wp-json\/wp\/v2\/product"}],"about":[{"href":"https:\/\/chilimag.hu\/webshop\/wp-json\/wp\/v2\/types\/product"}],"replies":[{"embeddable":true,"href":"https:\/\/chilimag.hu\/webshop\/wp-json\/wp\/v2\/comments?post=19146"}],"wp:featuredmedia":[{"embeddable":true,"href":"https:\/\/chilimag.hu\/webshop\/wp-json\/wp\/v2\/media\/19147"}],"wp:attachment":[{"href":"https:\/\/chilimag.hu\/webshop\/wp-json\/wp\/v2\/media?parent=19146"}],"wp:term":[{"taxonomy":"product_brand","embeddable":true,"href":"https:\/\/chilimag.hu\/webshop\/wp-json\/wp\/v2\/product_brand?post=19146"},{"taxonomy":"product_cat","embeddable":true,"href":"https:\/\/chilimag.hu\/webshop\/wp-json\/wp\/v2\/product_cat?post=19146"},{"taxonomy":"product_tag","embeddable":true,"href":"https:\/\/chilimag.hu\/webshop\/wp-json\/wp\/v2\/product_tag?post=19146"}],"curies":[{"name":"wp","href":"https:\/\/api.w.org\/{rel}","templated":true}]}}