{"id":19138,"date":"2022-11-30T16:37:27","date_gmt":"2022-11-30T16:37:27","guid":{"rendered":"https:\/\/chilimag.hu\/webshop\/?post_type=product&#038;p=19138"},"modified":"2024-09-22T18:02:10","modified_gmt":"2024-09-22T18:02:10","slug":"coronation-f1-tok-b-s","status":"publish","type":"product","link":"https:\/\/chilimag.hu\/webshop\/termek\/coronation-f1-tok-b-s\/","title":{"rendered":"Coronation F1 T\u00f6k B-S"},"content":{"rendered":"","protected":false},"excerpt":{"rendered":"<p><img decoding=\"async\" src=\"https:\/\/chilimag.hu\/webshop\/wp-content\/uploads\/2022\/10\/bobby-seeds-test-logo-150x150.png\" \/><\/p>\n<p>Term\u00e9kinform\u00e1ci\u00f3 &#8222;Coronation F1&#8221;<\/p>\n<p>Dekorat\u00edv, patisson-szer\u0171 gy\u00fcm\u00f6lcs\u00f6k aranynarancs sz\u00ednben<\/p>\n<p>Egy szokatlan t\u00f6rzs a Coronation F1. Tulajdonk\u00e9ppen patisson, teh\u00e1t fiatalt\u00f3l \u00e9rettig fogyaszthat\u00f3, hiszen ez a fajta csak \u00e9retten fedi fel val\u00f3di dekort\u00f6k lehet\u0151s\u00e9geit. A m\u00e9lynarancss\u00e1rga sz\u00edn\u0171 term\u00e9sek nagyon szokatlan alak\u00faak, a teteje fel\u00e9 trap\u00e9z alak\u00faak kisz\u00e9lesednek. A n\u00f6v\u00e9nyek r\u00f6vid ind\u00e1in nagysz\u00e1m\u00fa eg\u00e9szs\u00e9ges \u00e9s tart\u00f3s term\u00e9st k\u00e9peznek. K\u00f6r\u00fclbel\u00fcl 15 cm-n\u00e9l az els\u0151 term\u00e9sek k\u00f6r\u00fclbel\u00fcl k\u00e9tszer akkor\u00e1k, mint azok, amelyek k\u00e9s\u0151bb az ind\u00e1kon keletkeznek.<\/p>\n<p>Cucurbita pepo<br \/>\n\u00c9rlel\u00e9si id\u0151: 90 nap<br \/>\nA Coronation F1 kompakt hegym\u00e1sz\u00f3 m\u00f3don n\u0151<br \/>\nA koron\u00e1z\u00e1s fiatal kort\u00f3l \u00e9rett korig fogyaszthat\u00f3, de magas dekorat\u00edv \u00e9rt\u00e9ke is van<br \/>\nEz a fajta j\u00f3l fejl\u0151dik meleg, j\u00f3 v\u00edzelvezet\u00e9s\u0171 talajon, el\u0151m\u0171vel\u00e9sben \u00e9s \u00fcltet\u00e9sben \u00e1prilis v\u00e9g\u00e9t\u0151l vet\u00e9ssel vagy m\u00e1jus elej\u00e9t\u0151l direkt vet\u00e9ssel. A C. pepo a legalkalmasabb a hidegebb vid\u00e9keken t\u00f6rt\u00e9n\u0151 termeszt\u00e9sre.<\/p>\n<p>A Coronation F1-hez n\u00f6v\u00e9nyenk\u00e9nt kb. 1 nm ter\u00fcletet aj\u00e1nlunk<\/p>\n<p>Lehets\u00e9ges k\u00e1rtev\u0151k: csig\u00e1k, madarak, egerek, tetvek, lisztharmat, v\u00edrus<\/p>\n<p>A csomag 10 szem magot tartalmaz<\/p>\n","protected":false},"featured_media":19139,"comment_status":"closed","ping_status":"closed","template":"","meta":[],"product_brand":[],"product_cat":[345],"product_tag":[],"class_list":{"0":"post-19138","1":"product","2":"type-product","3":"status-publish","4":"has-post-thumbnail","6":"product_cat-suto-fozo-es-disztokok","8":"first","9":"instock","10":"taxable","11":"shipping-taxable","12":"purchasable","13":"product-type-simple"},"_links":{"self":[{"href":"https:\/\/chilimag.hu\/webshop\/wp-json\/wp\/v2\/product\/19138","targetHints":{"allow":["GET"]}}],"collection":[{"href":"https:\/\/chilimag.hu\/webshop\/wp-json\/wp\/v2\/product"}],"about":[{"href":"https:\/\/chilimag.hu\/webshop\/wp-json\/wp\/v2\/types\/product"}],"replies":[{"embeddable":true,"href":"https:\/\/chilimag.hu\/webshop\/wp-json\/wp\/v2\/comments?post=19138"}],"wp:featuredmedia":[{"embeddable":true,"href":"https:\/\/chilimag.hu\/webshop\/wp-json\/wp\/v2\/media\/19139"}],"wp:attachment":[{"href":"https:\/\/chilimag.hu\/webshop\/wp-json\/wp\/v2\/media?parent=19138"}],"wp:term":[{"taxonomy":"product_brand","embeddable":true,"href":"https:\/\/chilimag.hu\/webshop\/wp-json\/wp\/v2\/product_brand?post=19138"},{"taxonomy":"product_cat","embeddable":true,"href":"https:\/\/chilimag.hu\/webshop\/wp-json\/wp\/v2\/product_cat?post=19138"},{"taxonomy":"product_tag","embeddable":true,"href":"https:\/\/chilimag.hu\/webshop\/wp-json\/wp\/v2\/product_tag?post=19138"}],"curies":[{"name":"wp","href":"https:\/\/api.w.org\/{rel}","templated":true}]}}