{"id":19135,"date":"2022-11-30T16:34:35","date_gmt":"2022-11-30T16:34:35","guid":{"rendered":"https:\/\/chilimag.hu\/webshop\/?post_type=product&#038;p=19135"},"modified":"2026-02-08T20:57:35","modified_gmt":"2026-02-08T20:57:35","slug":"casperita-f1-pmt-tok-b-s","status":"publish","type":"product","link":"https:\/\/chilimag.hu\/webshop\/termek\/casperita-f1-pmt-tok-b-s\/","title":{"rendered":"Casperita F1 PMT T\u00f6k B-S"},"content":{"rendered":"","protected":false},"excerpt":{"rendered":"<p><img decoding=\"async\" src=\"https:\/\/chilimag.hu\/webshop\/wp-content\/uploads\/2022\/10\/bobby-seeds-test-logo-150x150.png\" \/><\/p>\n<p>Term\u00e9kinform\u00e1ci\u00f3 &#8222;Casperita F1 PMT&#8221;<\/p>\n<p>Kiv\u00e9teles, kis feh\u00e9r d\u00edszt\u00f6k<\/p>\n<p>A Casperita F1 PMT egy egyed\u00fcl\u00e1ll\u00f3 baby boo t\u00edpus\u00fa t\u00f6rzs. K\u00f6r\u00fclbel\u00fcl 300-600 g t\u00f6meg\u00e9vel a Casperita F1 k\u00f6r\u00fclbel\u00fcl h\u00e1romszor nagyobb, mint a j\u00f3l ismert fajta. A term\u00e9sek feh\u00e9rebbek, szebben bord\u00e1zottak \u00e9s sokkal egys\u00e9gesebbek. Ezen k\u00edv\u00fcl a Casperita F1 genetikai pen\u00e9szt\u0171r\u0151 k\u00e9pess\u00e9ggel \u00e9s magas mozaikv\u00edrus-toleranci\u00e1val rendelkezik.A feh\u00e9r sz\u00edne hossz\u00fa ideig megmarad. Mint minden feh\u00e9r s\u00fct\u0151t\u00f6k\u00f6t, a Casperita F1-et is s\u00f6t\u00e9t helyen kell t\u00e1rolni, hogy meg\u0151rizze a feh\u00e9r sz\u00edn\u00e9t. A Casperita F1 adagolt s\u00fct\u0151t\u00f6kk\u00e9nt is haszn\u00e1lhat\u00f3 a konyh\u00e1ban, eg\u00e9szben, t\u00f6ltve \u00e9s f\u0151zve.<\/p>\n<p>Cucurbita pepo<br \/>\nAz \u00e9rlel\u00e9si id\u0151: k\u00f6r\u00fclbel\u00fcl 90 nap<br \/>\nA Casperita F1 bokrosodik<br \/>\nD\u00edsz\u00edt\u00e9snek, de t\u00f6ltel\u00e9knek \u00e9s f\u0151z\u00e9shez is kiv\u00e1l\u00f3<br \/>\nA s\u00fct\u0151t\u00f6k j\u00f3l fejl\u0151dik meleg, j\u00f3 v\u00edzelvezet\u00e9s\u0171 talajban, el\u0151kult\u00far\u00e1ban \u00e9s \u00fcltet\u00e9sben \u00e1prilis v\u00e9gi vet\u00e9ssel vagy m\u00e1jus elej\u00e9t\u0151l k\u00f6zvetlen vet\u00e9ssel.<\/p>\n<p>A Casperita F1-hez n\u00f6v\u00e9nyenk\u00e9nt 1 nm-et aj\u00e1nlunk<\/p>\n<p>Lehets\u00e9ges k\u00e1rtev\u0151k: csig\u00e1k, madarak, egerek, tetvek, lisztharmat, v\u00edrus<\/p>\n<p>A csomag 10 szem magot tartalmaz<\/p>\n","protected":false},"featured_media":19136,"comment_status":"closed","ping_status":"closed","template":"","meta":[],"product_brand":[],"product_cat":[345],"product_tag":[],"class_list":{"0":"post-19135","1":"product","2":"type-product","3":"status-publish","4":"has-post-thumbnail","6":"product_cat-suto-fozo-es-disztokok","8":"first","9":"outofstock","10":"taxable","11":"shipping-taxable","12":"purchasable","13":"product-type-simple"},"_links":{"self":[{"href":"https:\/\/chilimag.hu\/webshop\/wp-json\/wp\/v2\/product\/19135","targetHints":{"allow":["GET"]}}],"collection":[{"href":"https:\/\/chilimag.hu\/webshop\/wp-json\/wp\/v2\/product"}],"about":[{"href":"https:\/\/chilimag.hu\/webshop\/wp-json\/wp\/v2\/types\/product"}],"replies":[{"embeddable":true,"href":"https:\/\/chilimag.hu\/webshop\/wp-json\/wp\/v2\/comments?post=19135"}],"wp:featuredmedia":[{"embeddable":true,"href":"https:\/\/chilimag.hu\/webshop\/wp-json\/wp\/v2\/media\/19136"}],"wp:attachment":[{"href":"https:\/\/chilimag.hu\/webshop\/wp-json\/wp\/v2\/media?parent=19135"}],"wp:term":[{"taxonomy":"product_brand","embeddable":true,"href":"https:\/\/chilimag.hu\/webshop\/wp-json\/wp\/v2\/product_brand?post=19135"},{"taxonomy":"product_cat","embeddable":true,"href":"https:\/\/chilimag.hu\/webshop\/wp-json\/wp\/v2\/product_cat?post=19135"},{"taxonomy":"product_tag","embeddable":true,"href":"https:\/\/chilimag.hu\/webshop\/wp-json\/wp\/v2\/product_tag?post=19135"}],"curies":[{"name":"wp","href":"https:\/\/api.w.org\/{rel}","templated":true}]}}