{"id":19133,"date":"2022-11-30T16:30:59","date_gmt":"2022-11-30T16:30:59","guid":{"rendered":"https:\/\/chilimag.hu\/webshop\/?post_type=product&#038;p=19133"},"modified":"2024-09-22T17:28:12","modified_gmt":"2024-09-22T17:28:12","slug":"baby-pam-tok-b-s","status":"publish","type":"product","link":"https:\/\/chilimag.hu\/webshop\/termek\/baby-pam-tok-b-s\/","title":{"rendered":"Baby Pam T\u00f6k B-S"},"content":{"rendered":"","protected":false},"excerpt":{"rendered":"<p><img decoding=\"async\" src=\"https:\/\/chilimag.hu\/webshop\/wp-content\/uploads\/2022\/10\/bobby-seeds-test-logo-150x150.png\" \/><\/p>\n<p>Term\u00e9kinform\u00e1ci\u00f3 &#8222;Baby Pam&#8221;<br \/>\nMegb\u00edzhat\u00f3, n\u00e9pszer\u0171 pite s\u00fct\u0151t\u00f6k<\/p>\n<p>A Baby Pam hasonl\u00edthat\u00f3 a Spookie-hoz, de valamivel jobb a h\u00fasa, ez\u00e9rt a Baby Pam-et Amerik\u00e1ban Pie Pumpkin n\u00e9ven is ismerik \u00e9s szeretik \u2013 egy megb\u00edzhat\u00f3 kis Halloween gyerekeknek.<\/p>\n<p>Cucurbita pepo<br \/>\nAz \u00e9rlel\u00e9si id\u0151 k\u00f6r\u00fclbel\u00fcl 90 nap<br \/>\nBaby Pam k\u00f6zepesen rangsorol<br \/>\nA Baby Pam leveshez \u00e9s s\u00fct\u0151t\u00f6k\u00f6s pit\u00e9hez j\u00f3<br \/>\nA C. pepo j\u00f3l n\u00f6vekszik meleg, j\u00f3 v\u00edzelvezet\u00e9s\u0171 talajban, el\u0151kult\u00far\u00e1ban \u00e9s \u00fcltet\u00e9sben \u00e1prilis v\u00e9g\u00e9t\u0151l, vagy m\u00e1jus elej\u00e9t\u0151l vet\u00e9s n\u00e9lk\u00fcl. Ez a t\u00f6rzs a legalkalmasabb a hidegebb ter\u00fcleteken t\u00f6rt\u00e9n\u0151 termeszt\u00e9sre.<\/p>\n<p>A Baby Pam sz\u00e1m\u00e1ra n\u00f6v\u00e9nyenk\u00e9nt 1-2 n\u00e9gyzetm\u00e9ter ter\u00fcletet aj\u00e1nlunk<\/p>\n<p>Lehets\u00e9ges k\u00e1rtev\u0151k: csig\u00e1k, madarak, egerek, tetvek, lisztharmat, v\u00edrus<\/p>\n<p>A csomag 10 szem magot tartalmaz<\/p>\n","protected":false},"featured_media":19134,"comment_status":"closed","ping_status":"closed","template":"","meta":[],"product_brand":[],"product_cat":[345],"product_tag":[],"class_list":{"0":"post-19133","1":"product","2":"type-product","3":"status-publish","4":"has-post-thumbnail","6":"product_cat-suto-fozo-es-disztokok","8":"first","9":"instock","10":"taxable","11":"shipping-taxable","12":"purchasable","13":"product-type-simple"},"_links":{"self":[{"href":"https:\/\/chilimag.hu\/webshop\/wp-json\/wp\/v2\/product\/19133","targetHints":{"allow":["GET"]}}],"collection":[{"href":"https:\/\/chilimag.hu\/webshop\/wp-json\/wp\/v2\/product"}],"about":[{"href":"https:\/\/chilimag.hu\/webshop\/wp-json\/wp\/v2\/types\/product"}],"replies":[{"embeddable":true,"href":"https:\/\/chilimag.hu\/webshop\/wp-json\/wp\/v2\/comments?post=19133"}],"wp:featuredmedia":[{"embeddable":true,"href":"https:\/\/chilimag.hu\/webshop\/wp-json\/wp\/v2\/media\/19134"}],"wp:attachment":[{"href":"https:\/\/chilimag.hu\/webshop\/wp-json\/wp\/v2\/media?parent=19133"}],"wp:term":[{"taxonomy":"product_brand","embeddable":true,"href":"https:\/\/chilimag.hu\/webshop\/wp-json\/wp\/v2\/product_brand?post=19133"},{"taxonomy":"product_cat","embeddable":true,"href":"https:\/\/chilimag.hu\/webshop\/wp-json\/wp\/v2\/product_cat?post=19133"},{"taxonomy":"product_tag","embeddable":true,"href":"https:\/\/chilimag.hu\/webshop\/wp-json\/wp\/v2\/product_tag?post=19133"}],"curies":[{"name":"wp","href":"https:\/\/api.w.org\/{rel}","templated":true}]}}