{"id":19121,"date":"2022-11-29T19:54:43","date_gmt":"2022-11-29T19:54:43","guid":{"rendered":"https:\/\/chilimag.hu\/webshop\/?post_type=product&#038;p=19121"},"modified":"2024-11-08T16:30:21","modified_gmt":"2024-11-08T16:30:21","slug":"bianca-tok-s","status":"publish","type":"product","link":"https:\/\/chilimag.hu\/webshop\/termek\/bianca-tok-s\/","title":{"rendered":"Bianca T\u00f6k B-S"},"content":{"rendered":"","protected":false},"excerpt":{"rendered":"<p><img decoding=\"async\" src=\"https:\/\/chilimag.hu\/webshop\/wp-content\/uploads\/2022\/10\/bobby-seeds-test-logo-150x150.png\" \/><\/p>\n<p>Term\u00e9kinform\u00e1ci\u00f3 &#8222;Bianca&#8221;<\/p>\n<p>Nagyon egys\u00e9ges, majdnem feh\u00e9r gy\u00fcm\u00f6lcs<\/p>\n<p>A Bianc\u00e1t sok \u00e9ven \u00e1t az egy\u00f6ntet\u0171s\u00e9g \u00e9s sz\u00edntart\u00f3ss\u00e1g miatt v\u00e1lasztott\u00e1k ki \u00e9s nagyon \u00f6r\u00fcl\u00fcnk, hogy kiz\u00e1r\u00f3lagosan \u00e1rus\u00edthatjuk. A gy\u00fcm\u00f6lcs\u00f6k b\u0151s\u00e9ggel jelennek meg a t\u00f6kf\u00e9l\u00e9kn\u00e9l \u00e9s k\u00f6r\u00fclbel\u00fcl 15 cm-esre n\u0151nek meg. .<\/p>\n<p>Lagenaria<br \/>\n\u00c9rlel\u00e9si id\u0151: 130 nap<br \/>\nA t\u00f6k\u00f6k d\u00fasan n\u0151nek<\/p>\n<p>A t\u00f6k\u00f6k j\u00f3l teremnek meleg, j\u00f3 v\u00edzelvezet\u00e9s\u0171 talajban, az el\u0151m\u0171vel\u00e9s \u00e9s az \u00e1prilis v\u00e9gi vet\u00e9ssel \u00fcltet\u00e9s j\u00f3 eredm\u00e9nyt ad, az egyenes term\u00e9s csak terem, a talajm\u0171vel\u00e9s \u00e9rdekes form\u00e1kat hoz.<\/p>\n<p>A lagen\u00e1ri\u00e1k nagyon er\u0151teljesek, \u00e9s a legjobb term\u00e9st \u00fagy nyerj\u00fck, ha az ind\u00e1kat felvezetj\u00fck egy ker\u00edt\u00e9sen vagy pergol\u00e1n.<\/p>\n<p>A csomag 10 szem magot tartalmaz<\/p>\n","protected":false},"featured_media":19122,"comment_status":"closed","ping_status":"closed","template":"","meta":[],"product_brand":[],"product_cat":[345],"product_tag":[],"class_list":{"0":"post-19121","1":"product","2":"type-product","3":"status-publish","4":"has-post-thumbnail","6":"product_cat-suto-fozo-es-disztokok","8":"first","9":"instock","10":"sale","11":"taxable","12":"shipping-taxable","13":"purchasable","14":"product-type-simple"},"_links":{"self":[{"href":"https:\/\/chilimag.hu\/webshop\/wp-json\/wp\/v2\/product\/19121","targetHints":{"allow":["GET"]}}],"collection":[{"href":"https:\/\/chilimag.hu\/webshop\/wp-json\/wp\/v2\/product"}],"about":[{"href":"https:\/\/chilimag.hu\/webshop\/wp-json\/wp\/v2\/types\/product"}],"replies":[{"embeddable":true,"href":"https:\/\/chilimag.hu\/webshop\/wp-json\/wp\/v2\/comments?post=19121"}],"wp:featuredmedia":[{"embeddable":true,"href":"https:\/\/chilimag.hu\/webshop\/wp-json\/wp\/v2\/media\/19122"}],"wp:attachment":[{"href":"https:\/\/chilimag.hu\/webshop\/wp-json\/wp\/v2\/media?parent=19121"}],"wp:term":[{"taxonomy":"product_brand","embeddable":true,"href":"https:\/\/chilimag.hu\/webshop\/wp-json\/wp\/v2\/product_brand?post=19121"},{"taxonomy":"product_cat","embeddable":true,"href":"https:\/\/chilimag.hu\/webshop\/wp-json\/wp\/v2\/product_cat?post=19121"},{"taxonomy":"product_tag","embeddable":true,"href":"https:\/\/chilimag.hu\/webshop\/wp-json\/wp\/v2\/product_tag?post=19121"}],"curies":[{"name":"wp","href":"https:\/\/api.w.org\/{rel}","templated":true}]}}