{"id":19117,"date":"2022-11-29T19:47:55","date_gmt":"2022-11-29T19:47:55","guid":{"rendered":"https:\/\/chilimag.hu\/webshop\/?post_type=product&#038;p=19117"},"modified":"2026-02-14T18:51:05","modified_gmt":"2026-02-14T18:51:05","slug":"dipper-extra-long-handled-tok-b-s","status":"publish","type":"product","link":"https:\/\/chilimag.hu\/webshop\/termek\/dipper-extra-long-handled-tok-b-s\/","title":{"rendered":"Dipper, extra long handled T\u00f6k B-S"},"content":{"rendered":"","protected":false},"excerpt":{"rendered":"<p><img decoding=\"async\" src=\"https:\/\/chilimag.hu\/webshop\/wp-content\/uploads\/2022\/10\/bobby-seeds-test-logo-150x150.png\" \/><\/p>\n<p>Term\u00e9kinform\u00e1ci\u00f3 &#8222;G\u00f6nc\u00f6l\u0151, extra hossz\u00fa nyel\u0171&#8221;<\/p>\n<p>Mint Dipper, de sokkal hosszabb nyakkal<\/p>\n<p>Lagenaria<br \/>\n\u00c9rlel\u00e9si id\u0151: 130 nap<br \/>\nRang viselked\u00e9s buja<br \/>\nA t\u00f6k\u00f6k ide\u00e1lisak sz\u00e1r\u00edt\u00e1sra, majd \u00e9vekig el\u00e1llnak<br \/>\nA t\u00f6k\u00f6k j\u00f3l teremnek meleg, j\u00f3 v\u00edzelvezet\u00e9s\u0171 talajban, az \u00e1prilis v\u00e9gi vet\u00e9ssel t\u00f6rt\u00e9n\u0151 el\u0151m\u0171vel\u00e9s \u00e9s \u00fcltet\u00e9s j\u00f3 eredm\u00e9nyt ad, az egyenes term\u00e9s csak terem, a talajm\u0171vel\u00e9s \u00e9rdekes form\u00e1kat hoz.<\/p>\n<p>A t\u00f6k\u00f6k nagyon \u00e9leter\u0151sek, elegend\u0151 helyet kell adni neki, n\u00f6v\u00e9nyenk\u00e9nt legal\u00e1bb 2-3 n\u00e9gyzetm\u00e9tert<\/p>\n<p>Lehets\u00e9ges k\u00e1rtev\u0151k: csig\u00e1k, madarak, egerek, tetvek, lisztharmat<\/p>\n<p>A csomag 10 szem magot tartalmaz<\/p>\n","protected":false},"featured_media":19118,"comment_status":"closed","ping_status":"closed","template":"","meta":[],"product_brand":[],"product_cat":[345],"product_tag":[],"class_list":{"0":"post-19117","1":"product","2":"type-product","3":"status-publish","4":"has-post-thumbnail","6":"product_cat-suto-fozo-es-disztokok","8":"first","9":"instock","10":"taxable","11":"shipping-taxable","12":"purchasable","13":"product-type-simple"},"_links":{"self":[{"href":"https:\/\/chilimag.hu\/webshop\/wp-json\/wp\/v2\/product\/19117","targetHints":{"allow":["GET"]}}],"collection":[{"href":"https:\/\/chilimag.hu\/webshop\/wp-json\/wp\/v2\/product"}],"about":[{"href":"https:\/\/chilimag.hu\/webshop\/wp-json\/wp\/v2\/types\/product"}],"replies":[{"embeddable":true,"href":"https:\/\/chilimag.hu\/webshop\/wp-json\/wp\/v2\/comments?post=19117"}],"wp:featuredmedia":[{"embeddable":true,"href":"https:\/\/chilimag.hu\/webshop\/wp-json\/wp\/v2\/media\/19118"}],"wp:attachment":[{"href":"https:\/\/chilimag.hu\/webshop\/wp-json\/wp\/v2\/media?parent=19117"}],"wp:term":[{"taxonomy":"product_brand","embeddable":true,"href":"https:\/\/chilimag.hu\/webshop\/wp-json\/wp\/v2\/product_brand?post=19117"},{"taxonomy":"product_cat","embeddable":true,"href":"https:\/\/chilimag.hu\/webshop\/wp-json\/wp\/v2\/product_cat?post=19117"},{"taxonomy":"product_tag","embeddable":true,"href":"https:\/\/chilimag.hu\/webshop\/wp-json\/wp\/v2\/product_tag?post=19117"}],"curies":[{"name":"wp","href":"https:\/\/api.w.org\/{rel}","templated":true}]}}