{"id":19114,"date":"2022-11-29T19:44:21","date_gmt":"2022-11-29T19:44:21","guid":{"rendered":"https:\/\/chilimag.hu\/webshop\/?post_type=product&#038;p=19114"},"modified":"2024-11-11T16:40:16","modified_gmt":"2024-11-11T16:40:16","slug":"big-max-tok-b-s","status":"publish","type":"product","link":"https:\/\/chilimag.hu\/webshop\/termek\/big-max-tok-b-s\/","title":{"rendered":"Big Max T\u00f6k B-S"},"content":{"rendered":"","protected":false},"excerpt":{"rendered":"<p><img decoding=\"async\" src=\"https:\/\/chilimag.hu\/webshop\/wp-content\/uploads\/2022\/10\/bobby-seeds-test-logo-150x150.png\" \/><\/p>\n<p>Term\u00e9kinform\u00e1ci\u00f3 &#8222;Big Max&#8221;<\/p>\n<p>Nagym\u00e9ret\u0171 \u00e9s dekorat\u00edv levest\u00f6k<\/p>\n<p>A Big Max egy kerek \u00f3ri\u00e1st\u00f6k, legfeljebb 50 kg-os, sz\u00edne a r\u00f3zsasz\u00ednes-r\u00f3zsasz\u00ednt\u0151l az \u00e9l\u00e9nk narancsig terjed. A gy\u00fcm\u00f6lcs\u00f6k k\u00fcl\u00f6n\u00f6sen kedveltek d\u00edsz\u00edt\u00e9snek, a h\u00fas kifejezetten alkalmas levesek k\u00e9sz\u00edt\u00e9s\u00e9re.<\/p>\n<p>Cucurbita maxima<br \/>\n\u00c9rlel\u00e9si id\u0151: 100 nap<br \/>\nRang viselked\u00e9s buja<br \/>\nA Big Max robusztus \u00e9s h\u00fast ad egy \u00f3ri\u00e1si leveshez<\/p>\n<p>Ez a fajta j\u00f3l fejl\u0151dik meleg, j\u00f3 v\u00edzelvezet\u00e9s\u0171 talajban, el\u0151m\u0171vel\u00e9ssel \u00e9s \u00fcltet\u00e9ssel \u00e1prilis v\u00e9g\u00e9t\u0151l vet\u00e9ssel vagy m\u00e1jus elej\u00e9t\u0151l k\u00f6zvetlen vet\u00e9ssel.<\/p>\n<p>A Big Max-hoz n\u00f6v\u00e9nyenk\u00e9nt k\u00f6r\u00fclbel\u00fcl 2-3 n\u00e9gyzetm\u00e9ter ter\u00fcletig\u00e9nyt javasolunk<\/p>\n<p>Lehets\u00e9ges k\u00e1rtev\u0151k: csig\u00e1k, madarak, egerek, tetvek, lisztharmat, v\u00edrus<\/p>\n<p>A csomag 10 szem magot tartalmaz<\/p>\n","protected":false},"featured_media":19115,"comment_status":"closed","ping_status":"closed","template":"","meta":[],"product_brand":[],"product_cat":[345],"product_tag":[],"class_list":{"0":"post-19114","1":"product","2":"type-product","3":"status-publish","4":"has-post-thumbnail","6":"product_cat-suto-fozo-es-disztokok","8":"first","9":"instock","10":"sale","11":"taxable","12":"shipping-taxable","13":"purchasable","14":"product-type-simple"},"_links":{"self":[{"href":"https:\/\/chilimag.hu\/webshop\/wp-json\/wp\/v2\/product\/19114","targetHints":{"allow":["GET"]}}],"collection":[{"href":"https:\/\/chilimag.hu\/webshop\/wp-json\/wp\/v2\/product"}],"about":[{"href":"https:\/\/chilimag.hu\/webshop\/wp-json\/wp\/v2\/types\/product"}],"replies":[{"embeddable":true,"href":"https:\/\/chilimag.hu\/webshop\/wp-json\/wp\/v2\/comments?post=19114"}],"wp:featuredmedia":[{"embeddable":true,"href":"https:\/\/chilimag.hu\/webshop\/wp-json\/wp\/v2\/media\/19115"}],"wp:attachment":[{"href":"https:\/\/chilimag.hu\/webshop\/wp-json\/wp\/v2\/media?parent=19114"}],"wp:term":[{"taxonomy":"product_brand","embeddable":true,"href":"https:\/\/chilimag.hu\/webshop\/wp-json\/wp\/v2\/product_brand?post=19114"},{"taxonomy":"product_cat","embeddable":true,"href":"https:\/\/chilimag.hu\/webshop\/wp-json\/wp\/v2\/product_cat?post=19114"},{"taxonomy":"product_tag","embeddable":true,"href":"https:\/\/chilimag.hu\/webshop\/wp-json\/wp\/v2\/product_tag?post=19114"}],"curies":[{"name":"wp","href":"https:\/\/api.w.org\/{rel}","templated":true}]}}