{"id":1911,"date":"2015-10-15T16:13:44","date_gmt":"2015-10-15T16:13:44","guid":{"rendered":"https:\/\/chilimag.hu\/webshop\/?post_type=product&#038;p=1911"},"modified":"2026-02-25T16:10:58","modified_gmt":"2026-02-25T16:10:58","slug":"7-pot-rennie","status":"publish","type":"product","link":"https:\/\/chilimag.hu\/webshop\/termek\/7-pot-rennie\/","title":{"rendered":"7 Pot Rennie"},"content":{"rendered":"","protected":false},"excerpt":{"rendered":"<p><img decoding=\"async\" src=\"https:\/\/chilimag.hu\/webshop\/wp-content\/uploads\/2014\/11\/chilimag-logo-2-150x150.jpg\" \/><\/p>\n<p>Le\u00edr\u00e1s<\/p>\n<p>A 7 pod Rennie Trinidadb\u00f3l sz\u00e1rmazik, a Karib-tenger d\u00e9lkeleti sark\u00e1ban.\u00a0A n\u00f6v\u00e9ny j\u00f3l megn\u00f6vekszik egy cser\u00e9pben, k\u00f6r\u00fclbel\u00fcl egy m\u00e9ter magasra, \u00e9s emellett a nagy szuper cs\u00edp\u0151s chili paprika csod\u00e1latos termel\u0151je. A h\u00fcvelyek el\u0151sz\u00f6r z\u00f6lden kezd\u0151dnek, majd teljesen \u00e9retten t\u0171zpirosra v\u00e1ltanak.<\/p>\n<p>A Rennie 7 h\u00fcvelyes paprika remek chili-v\u00e1laszt\u00e1s lehet cs\u00edp\u0151s sz\u00f3szhoz, vagy sz\u00f3rja v\u00e9kony szeletekkel a vacsor\u00e1t, hogy \u0151r\u00fclt meleget adjon hozz\u00e1. Ha ezzel a fajt\u00e1val f\u0151z, \u00fcgyeljen arra, hogy a h\u0151 megn\u0151.<\/p>\n<p>Azt mondj\u00e1k, hogy egy 7 h\u00fcvely 7 faz\u00e9k \u00e9telt meleg\u00edt fel. Innen kapta a nev\u00e9t a 7 h\u00fcvelyes paprika.<\/p>\n<p>H\u00fcvely m\u00e9rete: 5 cm hossz\u00fa \u00e9s 3,5-4 cm sz\u00e9les<\/p>\n<p>\u00cdz: K\u00fcl\u00f6nleges 7 h\u00fcvelyes \u00edz, gy\u00fcm\u00f6lcs\u00f6s \u00e9s enyh\u00e9n vir\u00e1gos is.<\/p>\n<p>Gondoz\u00e1s: A cs\u00edr\u00e1z\u00e1si h\u0151m\u00e9rs\u00e9klet 24\u00b0C \u00e9s 30\u00b0C k\u00f6z\u00f6tt van (cs\u00edr\u00e1z\u00e1si id\u0151: 10-22 nap); ez\u00e9rt \u00fcvegh\u00e1z \u00e9s f\u0171t\u0151sz\u0151nyeg haszn\u00e1lata javasolt. A n\u00f6v\u00e9nyeknek friss, j\u00f3l tr\u00e1gy\u00e1zott, v\u00edz\u00e1tereszt\u0151 talajra van sz\u00fcks\u00e9g\u00fck, nem t\u0171rik a bevizesed\u00e9st. Napos, v\u00e9dett helyre \u00fcltess\u00fck, ahol legal\u00e1bb 6 \u00f3ra \u2013 lehet\u0151leg t\u00f6bb \u2013 napf\u00e9ny \u00e9ri. Mivel a n\u00f6v\u00e9nyeknek k\u00fcl\u00f6n\u00f6sen hossz\u00fa az \u00e9r\u00e9si ideje, \u00e9rdemes cser\u00e9pben termeszteni \u0151ket, \u00edgy a napk\u00f6zbeni h\u0151m\u00e9rs\u00e9klet 12\u00b0C al\u00e1 s\u00fcllyed\u00e9sekor k\u00f6nnyen be lehet vinni a n\u00f6v\u00e9nyt, \u00edgy minden gy\u00fcm\u00f6lcs be\u00e9rik. Ahhoz, hogy a n\u00f6v\u00e9nyt t\u00e9len is meg\u0151rizze, betakar\u00edt\u00e1s ut\u00e1n v\u00e1gja vissza 20 cm-rel, \u00e9s tegye vil\u00e1gos helyre, ahol legal\u00e1bb 15\u00b0C h\u0151m\u00e9rs\u00e9klet\u0171.<\/p>\n<p>Scoville:1200000-<br \/>\nA csomag 10 szem magot tartalmaz<\/p>\n","protected":false},"featured_media":1912,"comment_status":"closed","ping_status":"closed","template":"","meta":[],"product_brand":[],"product_cat":[8],"product_tag":[],"class_list":{"0":"post-1911","1":"product","2":"type-product","3":"status-publish","4":"has-post-thumbnail","6":"product_cat-paprika","8":"first","9":"outofstock","10":"taxable","11":"shipping-taxable","12":"purchasable","13":"product-type-simple"},"_links":{"self":[{"href":"https:\/\/chilimag.hu\/webshop\/wp-json\/wp\/v2\/product\/1911","targetHints":{"allow":["GET"]}}],"collection":[{"href":"https:\/\/chilimag.hu\/webshop\/wp-json\/wp\/v2\/product"}],"about":[{"href":"https:\/\/chilimag.hu\/webshop\/wp-json\/wp\/v2\/types\/product"}],"replies":[{"embeddable":true,"href":"https:\/\/chilimag.hu\/webshop\/wp-json\/wp\/v2\/comments?post=1911"}],"wp:featuredmedia":[{"embeddable":true,"href":"https:\/\/chilimag.hu\/webshop\/wp-json\/wp\/v2\/media\/1912"}],"wp:attachment":[{"href":"https:\/\/chilimag.hu\/webshop\/wp-json\/wp\/v2\/media?parent=1911"}],"wp:term":[{"taxonomy":"product_brand","embeddable":true,"href":"https:\/\/chilimag.hu\/webshop\/wp-json\/wp\/v2\/product_brand?post=1911"},{"taxonomy":"product_cat","embeddable":true,"href":"https:\/\/chilimag.hu\/webshop\/wp-json\/wp\/v2\/product_cat?post=1911"},{"taxonomy":"product_tag","embeddable":true,"href":"https:\/\/chilimag.hu\/webshop\/wp-json\/wp\/v2\/product_tag?post=1911"}],"curies":[{"name":"wp","href":"https:\/\/api.w.org\/{rel}","templated":true}]}}