{"id":19109,"date":"2022-11-29T19:37:05","date_gmt":"2022-11-29T19:37:05","guid":{"rendered":"https:\/\/chilimag.hu\/webshop\/?post_type=product&#038;p=19109"},"modified":"2024-09-22T18:37:14","modified_gmt":"2024-09-22T18:37:14","slug":"porcelain-doll-f1-tok-b-s","status":"publish","type":"product","link":"https:\/\/chilimag.hu\/webshop\/termek\/porcelain-doll-f1-tok-b-s\/","title":{"rendered":"Porcelain Doll F1 T\u00f6k B-S"},"content":{"rendered":"","protected":false},"excerpt":{"rendered":"<p><img decoding=\"async\" src=\"https:\/\/chilimag.hu\/webshop\/wp-content\/uploads\/2022\/10\/bobby-seeds-test-logo-150x150.png\" \/><\/p>\n<p>Term\u00e9kinform\u00e1ci\u00f3 &#8222;Porcelain Doll F1&#8221;<\/p>\n<p>Egyedi r\u00f3zsasz\u00edn dekorat\u00edv s\u00fct\u0151t\u00f6k<\/p>\n<p>A Porcel\u00e1nbaba igazi szemk\u00e1pr\u00e1ztat\u00f3 dekorat\u00edv t\u00f6kk\u00e9nt az ajt\u00f3 el\u0151tt vagy a teraszon. A 10 kg k\u00f6r\u00fcli t\u00f6mb\u00f6s term\u00e9sek er\u0151sen bord\u00e1zottak, \u00e9s a s\u00fct\u0151t\u00f6kben kor\u00e1bban ismeretlen r\u00f3zsasz\u00ednben csillognak. A Porcalain Doll F1 toler\u00e1ns a lisztharmattal szemben, \u00e9s a legjobb eredm\u00e9nyt akkor produk\u00e1lja, ha el\u0151zetesen ki\u00fcltetik.<\/p>\n<p>Cucurbita maxima<br \/>\n\u00c9r\u00e9si id\u0151: kb 100-110 nap<br \/>\nA Porcel\u00e1n Doll F1 el\u0151kel\u0151 helyen \u00e1ll<br \/>\nA Porcelain Doll F1 egy kiv\u00e1l\u00f3 t\u00f6k m\u00e9lynarancss\u00e1rga h\u00fassal<\/p>\n<p>A s\u00fct\u0151t\u00f6k j\u00f3l fejl\u0151dik meleg, j\u00f3 v\u00edzelvezet\u00e9s\u0171 talajban, el\u0151kult\u00far\u00e1ban \u00e9s \u00fcltet\u00e9sben \u00e1prilis v\u00e9gi vet\u00e9ssel vagy m\u00e1jus elej\u00e9t\u0151l k\u00f6zvetlen vet\u00e9ssel.<\/p>\n<p>A Porcel\u00e1n Doll F1-hez n\u00f6v\u00e9nyenk\u00e9nt 3 n\u00e9gyzetm\u00e9tert aj\u00e1nlunk<\/p>\n<p>Lehets\u00e9ges k\u00e1rtev\u0151k: csig\u00e1k, madarak, egerek, tetvek, lisztharmat, v\u00edrus<\/p>\n<p>A csomag 10 szem magot tartalmaz<\/p>\n","protected":false},"featured_media":19110,"comment_status":"closed","ping_status":"closed","template":"","meta":[],"product_brand":[],"product_cat":[345],"product_tag":[],"class_list":{"0":"post-19109","1":"product","2":"type-product","3":"status-publish","4":"has-post-thumbnail","6":"product_cat-suto-fozo-es-disztokok","8":"first","9":"instock","10":"taxable","11":"shipping-taxable","12":"purchasable","13":"product-type-simple"},"_links":{"self":[{"href":"https:\/\/chilimag.hu\/webshop\/wp-json\/wp\/v2\/product\/19109","targetHints":{"allow":["GET"]}}],"collection":[{"href":"https:\/\/chilimag.hu\/webshop\/wp-json\/wp\/v2\/product"}],"about":[{"href":"https:\/\/chilimag.hu\/webshop\/wp-json\/wp\/v2\/types\/product"}],"replies":[{"embeddable":true,"href":"https:\/\/chilimag.hu\/webshop\/wp-json\/wp\/v2\/comments?post=19109"}],"wp:featuredmedia":[{"embeddable":true,"href":"https:\/\/chilimag.hu\/webshop\/wp-json\/wp\/v2\/media\/19110"}],"wp:attachment":[{"href":"https:\/\/chilimag.hu\/webshop\/wp-json\/wp\/v2\/media?parent=19109"}],"wp:term":[{"taxonomy":"product_brand","embeddable":true,"href":"https:\/\/chilimag.hu\/webshop\/wp-json\/wp\/v2\/product_brand?post=19109"},{"taxonomy":"product_cat","embeddable":true,"href":"https:\/\/chilimag.hu\/webshop\/wp-json\/wp\/v2\/product_cat?post=19109"},{"taxonomy":"product_tag","embeddable":true,"href":"https:\/\/chilimag.hu\/webshop\/wp-json\/wp\/v2\/product_tag?post=19109"}],"curies":[{"name":"wp","href":"https:\/\/api.w.org\/{rel}","templated":true}]}}