{"id":19102,"date":"2022-11-29T19:26:25","date_gmt":"2022-11-29T19:26:25","guid":{"rendered":"https:\/\/chilimag.hu\/webshop\/?post_type=product&#038;p=19102"},"modified":"2024-09-22T18:35:44","modified_gmt":"2024-09-22T18:35:44","slug":"muscade-de-provence-tok-b-s","status":"publish","type":"product","link":"https:\/\/chilimag.hu\/webshop\/termek\/muscade-de-provence-tok-b-s\/","title":{"rendered":"Muscade de Provence T\u00f6k B-S"},"content":{"rendered":"","protected":false},"excerpt":{"rendered":"<p><img decoding=\"async\" src=\"https:\/\/chilimag.hu\/webshop\/wp-content\/uploads\/2022\/10\/bobby-seeds-test-logo-150x150.png\" \/><\/p>\n<p>Term\u00e9kinform\u00e1ci\u00f3 &#8222;Muscade de Provence&#8221;<\/p>\n<p>Klasszikus, egy\u00e9rtelm\u0171en bord\u00e1zott, z\u00f6ldr\u0151l barn\u00e1ra sz\u00ednez\u0151<\/p>\n<p>A Muscade de Provence nagyon t\u00f6m\u00f6r \u00e9s j\u00f3 h\u00fas\u00fa, s\u00falya k\u00f6r\u00fclbel\u00fcl 5-12 kg. Sajnos k\u00f6z\u00e9p-eur\u00f3pai \u00e9ghajlaton csak el\u0151termeszt\u00e9sben \u00e9s meleg ny\u00e1ron \u00e9ri el a szil\u00e1rd, vil\u00e1gos, s\u00f6t\u00e9t okker sz\u00ednt.<\/p>\n<p>moschata<br \/>\n\u00c9rlel\u00e9si id\u0151: 125 nap<br \/>\nRang viselked\u00e9s buja<br \/>\nA Cucurbita moschata legink\u00e1bb magas karotintartalm\u00e1val meggy\u0151z.<\/p>\n<p>A Cucurbita moschata sok meleget ig\u00e9nyel, ez\u00e9rt el\u0151 kell termeszteni. A legfeljebb 110 napos \u00e9r\u00e9si idej\u0171 fajt\u00e1k azt\u00e1n a hideg vid\u00e9keken is j\u00f3l fejl\u0151dnek.<\/p>\n<p>A s\u00fct\u0151t\u00f6k \u00fcltet\u00e9si t\u00e1vols\u00e1ga a m\u00e1sz\u00e1si viselked\u00e9st\u0151l f\u00fcgg<\/p>\n<p>Lehets\u00e9ges k\u00e1rtev\u0151k: csig\u00e1k, madarak, egerek, tetvek, lisztharmat<\/p>\n<p>A csomag 10 szem \u00a0magot tartalmaz<\/p>\n","protected":false},"featured_media":19103,"comment_status":"closed","ping_status":"closed","template":"","meta":[],"product_brand":[],"product_cat":[345],"product_tag":[],"class_list":{"0":"post-19102","1":"product","2":"type-product","3":"status-publish","4":"has-post-thumbnail","6":"product_cat-suto-fozo-es-disztokok","8":"first","9":"instock","10":"taxable","11":"shipping-taxable","12":"purchasable","13":"product-type-simple"},"_links":{"self":[{"href":"https:\/\/chilimag.hu\/webshop\/wp-json\/wp\/v2\/product\/19102","targetHints":{"allow":["GET"]}}],"collection":[{"href":"https:\/\/chilimag.hu\/webshop\/wp-json\/wp\/v2\/product"}],"about":[{"href":"https:\/\/chilimag.hu\/webshop\/wp-json\/wp\/v2\/types\/product"}],"replies":[{"embeddable":true,"href":"https:\/\/chilimag.hu\/webshop\/wp-json\/wp\/v2\/comments?post=19102"}],"wp:featuredmedia":[{"embeddable":true,"href":"https:\/\/chilimag.hu\/webshop\/wp-json\/wp\/v2\/media\/19103"}],"wp:attachment":[{"href":"https:\/\/chilimag.hu\/webshop\/wp-json\/wp\/v2\/media?parent=19102"}],"wp:term":[{"taxonomy":"product_brand","embeddable":true,"href":"https:\/\/chilimag.hu\/webshop\/wp-json\/wp\/v2\/product_brand?post=19102"},{"taxonomy":"product_cat","embeddable":true,"href":"https:\/\/chilimag.hu\/webshop\/wp-json\/wp\/v2\/product_cat?post=19102"},{"taxonomy":"product_tag","embeddable":true,"href":"https:\/\/chilimag.hu\/webshop\/wp-json\/wp\/v2\/product_tag?post=19102"}],"curies":[{"name":"wp","href":"https:\/\/api.w.org\/{rel}","templated":true}]}}