{"id":19100,"date":"2022-11-29T19:13:57","date_gmt":"2022-11-29T19:13:57","guid":{"rendered":"https:\/\/chilimag.hu\/webshop\/?post_type=product&#038;p=19100"},"modified":"2026-04-14T07:48:27","modified_gmt":"2026-04-14T07:48:27","slug":"istanbul-turk-tok-b-s","status":"publish","type":"product","link":"https:\/\/chilimag.hu\/webshop\/termek\/istanbul-turk-tok-b-s\/","title":{"rendered":"Istanbul T\u00fcrk. T\u00f6k B-S"},"content":{"rendered":"","protected":false},"excerpt":{"rendered":"<p><img decoding=\"async\" src=\"https:\/\/chilimag.hu\/webshop\/wp-content\/uploads\/2022\/10\/bobby-seeds-test-logo-150x150.png\" \/><\/p>\n<p>Term\u00e9kinform\u00e1ci\u00f3 &#8222;Isztambul, t\u00f6r\u00f6k \u200b\u200bm\u00e9zes t\u00f6k&#8221;<\/p>\n<p>H\u00edres, nagy sz\u00fcrk\u00e9sk\u00e9k t\u00f6k<\/p>\n<p>Isztambul v\u00e1logatott a h\u00edres t\u00f6r\u00f6k \u200b\u200bm\u00e9zt\u00f6kb\u0151l. A gy\u00f6ny\u00f6r\u0171en bord\u00e1zott sz\u00fcrk\u00e9sk\u00e9k term\u00e9sek 8-12 kg k\u00f6z\u00f6ttiek. A benne l\u00e9v\u0151 p\u00e9p s\u00f6t\u00e9tnarancss\u00e1rga, \u00e9s nagyon n\u00e9pszer\u0171 a t\u00f6r\u00f6k \u200b\u200bkonyh\u00e1ban. Isztambulnak nagy t\u00e9rre van sz\u00fcks\u00e9ge er\u0151s n\u00f6veked\u00e9s\u00e9hez, meleg fekv\u00e9s\u0171 \u00e9s 110-120 napos \u00e9r\u00e9si idej\u00e9vel csak nagyon meleg vid\u00e9kekre alkalmas.<\/p>\n<p>Cucurbita maxima<br \/>\n\u00c9rlel\u00e9si id\u0151: k\u00f6r\u00fclbel\u00fcl 110 nap<br \/>\nIsztambul el\u0151kel\u0151 helyen \u00e1ll<br \/>\nA gy\u00fcm\u00f6lcs\u00f6k ide\u00e1lisak a konyh\u00e1ba<br \/>\nA s\u00fct\u0151t\u00f6k j\u00f3l fejl\u0151dik meleg, j\u00f3 v\u00edzelvezet\u00e9s\u0171 talajban, el\u0151kult\u00far\u00e1ban \u00e9s \u00fcltet\u00e9sben \u00e1prilis v\u00e9gi vet\u00e9ssel vagy m\u00e1jus elej\u00e9t\u0151l k\u00f6zvetlen vet\u00e9ssel.<\/p>\n<p>Isztambul n\u00f6v\u00e9nyenk\u00e9nt 3-4 nm-t aj\u00e1nlunk<\/p>\n<p>Lehets\u00e9ges k\u00e1rtev\u0151k: csig\u00e1k, madarak, egerek, tetvek, lisztharmat, v\u00edrus<\/p>\n<p>A csomag 10 szem magot tartalmaz<\/p>\n","protected":false},"featured_media":19101,"comment_status":"closed","ping_status":"closed","template":"","meta":[],"product_brand":[],"product_cat":[345],"product_tag":[],"class_list":{"0":"post-19100","1":"product","2":"type-product","3":"status-publish","4":"has-post-thumbnail","6":"product_cat-suto-fozo-es-disztokok","8":"first","9":"instock","10":"taxable","11":"shipping-taxable","12":"purchasable","13":"product-type-simple"},"_links":{"self":[{"href":"https:\/\/chilimag.hu\/webshop\/wp-json\/wp\/v2\/product\/19100","targetHints":{"allow":["GET"]}}],"collection":[{"href":"https:\/\/chilimag.hu\/webshop\/wp-json\/wp\/v2\/product"}],"about":[{"href":"https:\/\/chilimag.hu\/webshop\/wp-json\/wp\/v2\/types\/product"}],"replies":[{"embeddable":true,"href":"https:\/\/chilimag.hu\/webshop\/wp-json\/wp\/v2\/comments?post=19100"}],"wp:featuredmedia":[{"embeddable":true,"href":"https:\/\/chilimag.hu\/webshop\/wp-json\/wp\/v2\/media\/19101"}],"wp:attachment":[{"href":"https:\/\/chilimag.hu\/webshop\/wp-json\/wp\/v2\/media?parent=19100"}],"wp:term":[{"taxonomy":"product_brand","embeddable":true,"href":"https:\/\/chilimag.hu\/webshop\/wp-json\/wp\/v2\/product_brand?post=19100"},{"taxonomy":"product_cat","embeddable":true,"href":"https:\/\/chilimag.hu\/webshop\/wp-json\/wp\/v2\/product_cat?post=19100"},{"taxonomy":"product_tag","embeddable":true,"href":"https:\/\/chilimag.hu\/webshop\/wp-json\/wp\/v2\/product_tag?post=19100"}],"curies":[{"name":"wp","href":"https:\/\/api.w.org\/{rel}","templated":true}]}}