{"id":19095,"date":"2022-11-29T19:00:00","date_gmt":"2022-11-29T19:00:00","guid":{"rendered":"https:\/\/chilimag.hu\/webshop\/?post_type=product&#038;p=19095"},"modified":"2024-09-22T17:41:20","modified_gmt":"2024-09-22T17:41:20","slug":"black-warted-portuguese-tok-b-s","status":"publish","type":"product","link":"https:\/\/chilimag.hu\/webshop\/termek\/black-warted-portuguese-tok-b-s\/","title":{"rendered":"Black warted Portuguese T\u00f6k B-S"},"content":{"rendered":"","protected":false},"excerpt":{"rendered":"<p><img decoding=\"async\" src=\"https:\/\/chilimag.hu\/webshop\/wp-content\/uploads\/2022\/10\/bobby-seeds-test-logo-150x150.png\" \/><\/p>\n<p>Term\u00e9kinform\u00e1ci\u00f3 &#8222;Fekete v\u00e1rt portug\u00e1l&#8221;<\/p>\n<p>Bord\u00e1zott, r\u00e9szben szem\u00f6lcs\u00f6s d\u00edszt\u00f6k<\/p>\n<p>R\u00e9gi, nagyon sz\u00e9p portug\u00e1l t\u00e1jfaj, s\u00f6t\u00e9tz\u00f6ld, bord\u00e1zott \u00e9s t\u00f6bbnyire szem\u00f6lcs\u00f6s. Kb. 5-7 kg-mal nagyobb d\u00edszt\u00f6k, ehet\u0151 t\u00f6knek kev\u00e9sb\u00e9 alkalmas. A feketev\u00e1r\u00fa portug\u00e1l meglehet\u0151sen er\u0151teljesen terem, d\u00e9l-eur\u00f3paik\u00e9nt pedig nem tartozik a korai t\u00f6kfajt\u00e1k k\u00f6z\u00e9<\/p>\n<p>Cucurbita pepo<br \/>\nAz \u00e9r\u00e9si id\u0151 k\u00f6r\u00fclbel\u00fcl 100-110 nap<br \/>\nA feketev\u00e1r\u00f3 portug\u00e1l er\u0151sen n\u00f6vekszik<br \/>\nA feketev\u00e1r\u00f3 portug\u00e1l fogyaszt\u00e1sra alkalmas<\/p>\n<p>A s\u00fct\u0151t\u00f6k j\u00f3l fejl\u0151dik meleg, j\u00f3 v\u00edzelvezet\u00e9s\u0171 talajban, el\u0151kult\u00far\u00e1ban \u00e9s \u00fcltet\u00e9sben \u00e1prilis v\u00e9gi vet\u00e9ssel vagy m\u00e1jus elej\u00e9t\u0151l k\u00f6zvetlen vet\u00e9ssel.<\/p>\n<p>A feketev\u00e1r\u00f3 portug\u00e1l n\u00f6v\u00e9nyenk\u00e9nt 2-3 nm-t aj\u00e1nlunk<\/p>\n<p>Lehets\u00e9ges k\u00e1rtev\u0151k: csig\u00e1k, madarak, egerek, tetvek, lisztharmat, v\u00edrus<\/p>\n<p>A csomag 10 szem magot tartalmaz<\/p>\n","protected":false},"featured_media":19096,"comment_status":"closed","ping_status":"closed","template":"","meta":[],"product_brand":[],"product_cat":[345],"product_tag":[],"class_list":{"0":"post-19095","1":"product","2":"type-product","3":"status-publish","4":"has-post-thumbnail","6":"product_cat-suto-fozo-es-disztokok","8":"first","9":"instock","10":"taxable","11":"shipping-taxable","12":"purchasable","13":"product-type-simple"},"_links":{"self":[{"href":"https:\/\/chilimag.hu\/webshop\/wp-json\/wp\/v2\/product\/19095","targetHints":{"allow":["GET"]}}],"collection":[{"href":"https:\/\/chilimag.hu\/webshop\/wp-json\/wp\/v2\/product"}],"about":[{"href":"https:\/\/chilimag.hu\/webshop\/wp-json\/wp\/v2\/types\/product"}],"replies":[{"embeddable":true,"href":"https:\/\/chilimag.hu\/webshop\/wp-json\/wp\/v2\/comments?post=19095"}],"wp:featuredmedia":[{"embeddable":true,"href":"https:\/\/chilimag.hu\/webshop\/wp-json\/wp\/v2\/media\/19096"}],"wp:attachment":[{"href":"https:\/\/chilimag.hu\/webshop\/wp-json\/wp\/v2\/media?parent=19095"}],"wp:term":[{"taxonomy":"product_brand","embeddable":true,"href":"https:\/\/chilimag.hu\/webshop\/wp-json\/wp\/v2\/product_brand?post=19095"},{"taxonomy":"product_cat","embeddable":true,"href":"https:\/\/chilimag.hu\/webshop\/wp-json\/wp\/v2\/product_cat?post=19095"},{"taxonomy":"product_tag","embeddable":true,"href":"https:\/\/chilimag.hu\/webshop\/wp-json\/wp\/v2\/product_tag?post=19095"}],"curies":[{"name":"wp","href":"https:\/\/api.w.org\/{rel}","templated":true}]}}