{"id":19093,"date":"2022-11-29T18:55:36","date_gmt":"2022-11-29T18:55:36","guid":{"rendered":"https:\/\/chilimag.hu\/webshop\/?post_type=product&#038;p=19093"},"modified":"2024-09-22T18:34:41","modified_gmt":"2024-09-22T18:34:41","slug":"mongogo-de-guatemala-tok-b-s","status":"publish","type":"product","link":"https:\/\/chilimag.hu\/webshop\/termek\/mongogo-de-guatemala-tok-b-s\/","title":{"rendered":"Mongogo de Guatemala T\u00f6k B-S"},"content":{"rendered":"","protected":false},"excerpt":{"rendered":"<p><img decoding=\"async\" src=\"https:\/\/chilimag.hu\/webshop\/wp-content\/uploads\/2022\/10\/bobby-seeds-test-logo-150x150.png\" \/><\/p>\n<p>Term\u00e9kinform\u00e1ci\u00f3 &#8222;Mongogo de Guatemala&#8221;<\/p>\n<p>Kamo Kamo \u00e9s Tondo Padana k\u00f6z\u00f6tt m\u00e9retben tov\u00e1bb marad z\u00f6ld, el\u00e9g egys\u00e9ges nagyon csinos, kb 1,5 kg<\/p>\n<p>pepo<br \/>\n\u00c9rlel\u00e9si id\u0151: 100 nap<br \/>\nA rangsorol\u00e1si viselked\u00e9s m\u00e9rs\u00e9kelt<br \/>\nK\u00fcl\u00f6nleges dekorat\u00edv \u00e9rt\u00e9k\u0171 s\u00fct\u0151t\u00f6k<br \/>\nEz a fajta j\u00f3l fejl\u0151dik meleg, j\u00f3 v\u00edzelvezet\u00e9s\u0171 talajokon, el\u0151m\u0171vel\u00e9sben \u00e9s \u00fcltet\u00e9sben \u00e1prilis v\u00e9g\u00e9t\u0151l vet\u00e9ssel vagy m\u00e1jus elej\u00e9t\u0151l direkt vet\u00e9ssel. A C. pepo a legalkalmasabb a hidegebb vid\u00e9keken t\u00f6rt\u00e9n\u0151 termeszt\u00e9sre.<\/p>\n<p>A s\u00fct\u0151t\u00f6k \u00fcltet\u00e9si t\u00e1vols\u00e1ga a m\u00e1sz\u00e1si viselked\u00e9st\u0151l f\u00fcgg<\/p>\n<p>Lehets\u00e9ges k\u00e1rtev\u0151k: csig\u00e1k, madarak, egerek, tetvek, lisztharmat, v\u00edrus<\/p>\n<p>A csomag 10 szem magot tartalmaz<\/p>\n","protected":false},"featured_media":19094,"comment_status":"closed","ping_status":"closed","template":"","meta":[],"product_brand":[],"product_cat":[345],"product_tag":[],"class_list":{"0":"post-19093","1":"product","2":"type-product","3":"status-publish","4":"has-post-thumbnail","6":"product_cat-suto-fozo-es-disztokok","8":"first","9":"instock","10":"taxable","11":"shipping-taxable","12":"purchasable","13":"product-type-simple"},"_links":{"self":[{"href":"https:\/\/chilimag.hu\/webshop\/wp-json\/wp\/v2\/product\/19093","targetHints":{"allow":["GET"]}}],"collection":[{"href":"https:\/\/chilimag.hu\/webshop\/wp-json\/wp\/v2\/product"}],"about":[{"href":"https:\/\/chilimag.hu\/webshop\/wp-json\/wp\/v2\/types\/product"}],"replies":[{"embeddable":true,"href":"https:\/\/chilimag.hu\/webshop\/wp-json\/wp\/v2\/comments?post=19093"}],"wp:featuredmedia":[{"embeddable":true,"href":"https:\/\/chilimag.hu\/webshop\/wp-json\/wp\/v2\/media\/19094"}],"wp:attachment":[{"href":"https:\/\/chilimag.hu\/webshop\/wp-json\/wp\/v2\/media?parent=19093"}],"wp:term":[{"taxonomy":"product_brand","embeddable":true,"href":"https:\/\/chilimag.hu\/webshop\/wp-json\/wp\/v2\/product_brand?post=19093"},{"taxonomy":"product_cat","embeddable":true,"href":"https:\/\/chilimag.hu\/webshop\/wp-json\/wp\/v2\/product_cat?post=19093"},{"taxonomy":"product_tag","embeddable":true,"href":"https:\/\/chilimag.hu\/webshop\/wp-json\/wp\/v2\/product_tag?post=19093"}],"curies":[{"name":"wp","href":"https:\/\/api.w.org\/{rel}","templated":true}]}}