{"id":1903,"date":"2015-10-15T16:10:00","date_gmt":"2015-10-15T16:10:00","guid":{"rendered":"https:\/\/chilimag.hu\/webshop\/?post_type=product&#038;p=1903"},"modified":"2026-04-06T06:30:50","modified_gmt":"2026-04-06T06:30:50","slug":"aji-cachucha","status":"publish","type":"product","link":"https:\/\/chilimag.hu\/webshop\/termek\/aji-cachucha\/","title":{"rendered":"Aji Cachucha"},"content":{"rendered":"","protected":false},"excerpt":{"rendered":"<p><img decoding=\"async\" src=\"https:\/\/chilimag.hu\/webshop\/wp-content\/uploads\/2014\/11\/chilimag-logo-2-150x150.jpg\" \/><\/p>\n<p>Le\u00edr\u00e1s<\/p>\n<p>Az Aji Cachucha Chili egy enyhe chili, amelyet sz\u00e1mos karibi \u00e9telhez haszn\u00e1lnak. Puerto Ric\u00f3ban Ajicitonak, Kub\u00e1ban pedig Aji Dulce-nak is nevezik. A bokros \u00e9s t\u00f6m\u00f6r n\u00f6v\u00e9nyek kb. 60-80 cm. A kb. A 3 x 4 cm-es term\u00e9sek gy\u00f6ny\u00f6r\u0171 form\u00e1j\u00faak, l\u00e1mp\u00e1sra vagy vir\u00e1gra eml\u00e9keztetnek. F\u00e9nyes, \u00e9l\u00e9nkv\u00f6r\u00f6sre \u00e9rik, gy\u00fcm\u00f6lcs\u00f6s \u00edz\u0171ek \u00e9s enyhe vagy k\u00f6zepes f\u0171szeress\u00e9ggel rendelkeznek. Sokf\u00e9lek\u00e9ppen haszn\u00e1lhat\u00f3k, friss fogyaszt\u00e1sra \u00e9pp\u00fagy, mint f\u0151z\u00e9shez, sz\u00e1r\u00edt\u00e1shoz \u00e9s kr\u00e9msajttal val\u00f3 t\u00f6lt\u00e9shez.<\/p>\n<p>Gondoz\u00e1sa: A cs\u00edr\u00e1z\u00e1si h\u0151m\u00e9rs\u00e9klet 21 \u00e9s 28\u00b0C k\u00f6z\u00f6tt van (7-20 napos cs\u00edr\u00e1z\u00e1si id\u0151), ez\u00e9rt \u00fcvegh\u00e1z \u00e9s f\u0171t\u0151sz\u0151nyeg haszn\u00e1lata javasolt. A n\u00f6v\u00e9nyeknek friss, j\u00f3l tr\u00e1gy\u00e1zott, v\u00edz\u00e1tereszt\u0151 talajra van sz\u00fcks\u00e9g\u00fck, nem t\u0171rik a bevizesed\u00e9st. Napos, v\u00e9dett helyre \u00fcltess\u00fck, ahol legal\u00e1bb 6 \u00f3ra \u2013 lehet\u0151leg t\u00f6bb \u2013 napf\u00e9ny \u00e9ri. Tedd ki a n\u00f6v\u00e9nyeket kb. 2-3 h\u00e9ttel az utols\u00f3 fagy ut\u00e1n.<\/p>\n<p>T\u00edpus: Capsicum chinense<br \/>\nF\u0171szeress\u00e9gi fokozat 4-6<br \/>\nScoville 1.500 &#8211; 10.000 SHU<br \/>\noptim\u00e1lis cs\u00edr\u00e1z\u00e1si h\u0151m\u00e9rs\u00e9klet 21 &#8211; 28 \u00b0C<br \/>\nVet\u00e9s jan. &#8211; \u00e1pr.<br \/>\nVir\u00e1gok feh\u00e9rek (m\u00e1jus-j\u00falius)<br \/>\nN\u00f6v\u00e9nyn\u00f6veked\u00e9si szok\u00e1s bokros, kb. 60-80 cm magas<br \/>\nZ\u00f6ldr\u0151l pirosra \u00e9rik<br \/>\nGy\u00fcm\u00f6lcs megjelen\u00e9se l\u00e1mpa alak\u00fa, kb. 3 x 4 cm<br \/>\n\u00c9r\u00e9si id\u0151 90 nap<br \/>\nSz\u00e1rmaz\u00e1si hely Kuba<br \/>\nA csomag 10 szem magot tartalmaz<\/p>\n","protected":false},"featured_media":1904,"comment_status":"closed","ping_status":"closed","template":"","meta":[],"product_brand":[],"product_cat":[8],"product_tag":[],"class_list":{"0":"post-1903","1":"product","2":"type-product","3":"status-publish","4":"has-post-thumbnail","6":"product_cat-paprika","8":"first","9":"instock","10":"taxable","11":"shipping-taxable","12":"purchasable","13":"product-type-simple"},"_links":{"self":[{"href":"https:\/\/chilimag.hu\/webshop\/wp-json\/wp\/v2\/product\/1903","targetHints":{"allow":["GET"]}}],"collection":[{"href":"https:\/\/chilimag.hu\/webshop\/wp-json\/wp\/v2\/product"}],"about":[{"href":"https:\/\/chilimag.hu\/webshop\/wp-json\/wp\/v2\/types\/product"}],"replies":[{"embeddable":true,"href":"https:\/\/chilimag.hu\/webshop\/wp-json\/wp\/v2\/comments?post=1903"}],"wp:featuredmedia":[{"embeddable":true,"href":"https:\/\/chilimag.hu\/webshop\/wp-json\/wp\/v2\/media\/1904"}],"wp:attachment":[{"href":"https:\/\/chilimag.hu\/webshop\/wp-json\/wp\/v2\/media?parent=1903"}],"wp:term":[{"taxonomy":"product_brand","embeddable":true,"href":"https:\/\/chilimag.hu\/webshop\/wp-json\/wp\/v2\/product_brand?post=1903"},{"taxonomy":"product_cat","embeddable":true,"href":"https:\/\/chilimag.hu\/webshop\/wp-json\/wp\/v2\/product_cat?post=1903"},{"taxonomy":"product_tag","embeddable":true,"href":"https:\/\/chilimag.hu\/webshop\/wp-json\/wp\/v2\/product_tag?post=1903"}],"curies":[{"name":"wp","href":"https:\/\/api.w.org\/{rel}","templated":true}]}}