{"id":18866,"date":"2022-10-24T14:57:34","date_gmt":"2022-10-24T14:57:34","guid":{"rendered":"https:\/\/chilimag.hu\/webshop\/?post_type=product&#038;p=18866"},"modified":"2024-09-22T18:12:52","modified_gmt":"2024-09-22T18:12:52","slug":"tok-termesztett-flat-striped-b-s","status":"publish","type":"product","link":"https:\/\/chilimag.hu\/webshop\/termek\/tok-termesztett-flat-striped-b-s\/","title":{"rendered":"Flat Striped  T\u00f6k  B-S"},"content":{"rendered":"","protected":false},"excerpt":{"rendered":"<p><img decoding=\"async\" src=\"https:\/\/chilimag.hu\/webshop\/wp-content\/uploads\/2022\/10\/bobby-seeds-test-logo-150x150.png\" \/><\/p>\n<p>Term\u00e9kinform\u00e1ci\u00f3 &#8222;S\u00edk cs\u00edkos&#8221;<\/p>\n<p>Z\u00f6ld, f\u00fcgg\u0151leges cs\u00edkokkal<\/p>\n<p>hihetetlen\u00fcl term\u00e9keny \u00e9s robusztus, kb 7-10 cm, lapos kerek, lapos cs\u00edkos meglehet\u0151sen hossz\u00fa eltarthat\u00f3s\u00e1gi \u00e9s t\u00e1rol\u00e1si id\u0151<\/p>\n<p>pepo<br \/>\n\u00c9rlel\u00e9si id\u0151: 85 nap<br \/>\nA rangsorol\u00e1si viselked\u00e9s m\u00e9rs\u00e9kelt<br \/>\nVal\u00f3di d\u00edszt\u00f6k, fogyaszt\u00e1sra nem alkalmas<br \/>\nA d\u00edszt\u00f6k meleg, j\u00f3 v\u00edzelvezet\u00e9s\u0171 talajban, el\u0151m\u0171vel\u00e9ssel \u00e9s \u00fcltet\u00e9ssel, \u00e1prilis v\u00e9g\u00e9t\u0151l vet\u00e9ssel vagy m\u00e1jus elej\u00e9t\u0151l k\u00f6zvetlen vet\u00e9ssel fejl\u0151dik.<\/p>\n<p>A s\u00fct\u0151t\u00f6k \u00fcltet\u00e9si t\u00e1vols\u00e1ga a m\u00e1sz\u00e1si viselked\u00e9st\u0151l f\u00fcgg<\/p>\n<p>Lehets\u00e9ges k\u00e1rtev\u0151k: csig\u00e1k, madarak, egerek, tetvek, lisztharmat, v\u00edrus<\/p>\n<p>A csomag 10 szem magot tartalmaz<\/p>\n","protected":false},"featured_media":18867,"comment_status":"closed","ping_status":"closed","template":"","meta":[],"product_brand":[],"product_cat":[345],"product_tag":[],"class_list":{"0":"post-18866","1":"product","2":"type-product","3":"status-publish","4":"has-post-thumbnail","6":"product_cat-suto-fozo-es-disztokok","8":"first","9":"instock","10":"taxable","11":"shipping-taxable","12":"purchasable","13":"product-type-simple"},"_links":{"self":[{"href":"https:\/\/chilimag.hu\/webshop\/wp-json\/wp\/v2\/product\/18866","targetHints":{"allow":["GET"]}}],"collection":[{"href":"https:\/\/chilimag.hu\/webshop\/wp-json\/wp\/v2\/product"}],"about":[{"href":"https:\/\/chilimag.hu\/webshop\/wp-json\/wp\/v2\/types\/product"}],"replies":[{"embeddable":true,"href":"https:\/\/chilimag.hu\/webshop\/wp-json\/wp\/v2\/comments?post=18866"}],"wp:featuredmedia":[{"embeddable":true,"href":"https:\/\/chilimag.hu\/webshop\/wp-json\/wp\/v2\/media\/18867"}],"wp:attachment":[{"href":"https:\/\/chilimag.hu\/webshop\/wp-json\/wp\/v2\/media?parent=18866"}],"wp:term":[{"taxonomy":"product_brand","embeddable":true,"href":"https:\/\/chilimag.hu\/webshop\/wp-json\/wp\/v2\/product_brand?post=18866"},{"taxonomy":"product_cat","embeddable":true,"href":"https:\/\/chilimag.hu\/webshop\/wp-json\/wp\/v2\/product_cat?post=18866"},{"taxonomy":"product_tag","embeddable":true,"href":"https:\/\/chilimag.hu\/webshop\/wp-json\/wp\/v2\/product_tag?post=18866"}],"curies":[{"name":"wp","href":"https:\/\/api.w.org\/{rel}","templated":true}]}}