{"id":18861,"date":"2022-10-24T14:43:38","date_gmt":"2022-10-24T14:43:38","guid":{"rendered":"https:\/\/chilimag.hu\/webshop\/?post_type=product&#038;p=18861"},"modified":"2024-09-22T17:29:15","modified_gmt":"2024-09-22T17:29:15","slug":"tok-termesztett-baked-potato-f1","status":"publish","type":"product","link":"https:\/\/chilimag.hu\/webshop\/termek\/tok-termesztett-baked-potato-f1\/","title":{"rendered":"Baked Potato F1 T\u00f6k  B-S"},"content":{"rendered":"","protected":false},"excerpt":{"rendered":"<p><img decoding=\"async\" src=\"https:\/\/chilimag.hu\/webshop\/wp-content\/uploads\/2022\/10\/bobby-seeds-test-logo-150x150.png\" \/><\/p>\n<p>Term\u00e9kinform\u00e1ci\u00f3 &#8222;Baked Potato F1&#8221;<\/p>\n<p>Sz\u00e9p form\u00e1j\u00fa, b\u00e9zs-barna, megny\u00falt makkterm\u00e9sek, k\u00f6r\u00fclbel\u00fcl 600-900 gramm s\u00faly\u00faak \u00e9s nagyon dekorat\u00edvak. F\u00e9lbev\u00e1gva, kimagozva \u00e9s s\u00fct\u0151ben megs\u00fctve s\u00fclt burgony\u00e1ra eml\u00e9keztet\u0151, finom k\u00f6retet kapunk. A n\u00f6v\u00e9nyek bokorszer\u0171en n\u0151nek, r\u00f6vid ind\u00e1kkal \u00e9s nagyon term\u00e9kenyek.<\/p>\n<p>Cucurbita pepo<br \/>\nA Baked Potato F1 t\u00f6m\u00f6ren n\u0151, nagyon r\u00f6vid ind\u00e1kkal<br \/>\n\u00c9rlel\u00e9si id\u0151: k\u00f6r\u00fclbel\u00fcl 90 nap<br \/>\nA s\u00fct\u0151t\u00f6k j\u00f3l fejl\u0151dik meleg, j\u00f3 v\u00edzelvezet\u00e9s\u0171 talajban, el\u0151kult\u00far\u00e1ban \u00e9s \u00fcltet\u00e9sben \u00e1prilis v\u00e9gi vet\u00e9ssel vagy m\u00e1jus elej\u00e9t\u0151l k\u00f6zvetlen vet\u00e9ssel.<\/p>\n<p>T\u00f6ltel\u00e9knek \u00e9s f\u0151z\u00e9shez kiv\u00e1l\u00f3, nagyon dekorat\u00edv is<\/p>\n<p>A Baked Potato F1-hez n\u00f6v\u00e9nyenk\u00e9nt 1 n\u00e9gyzetm\u00e9tert aj\u00e1nlunk<\/p>\n<p>Lehets\u00e9ges k\u00e1rtev\u0151k: csig\u00e1k, madarak, egerek, tetvek, lisztharmat, v\u00edrus<\/p>\n<p>A csomag 10 szem magot tartalmaz<\/p>\n","protected":false},"featured_media":18862,"comment_status":"closed","ping_status":"closed","template":"","meta":[],"product_brand":[],"product_cat":[345],"product_tag":[],"class_list":{"0":"post-18861","1":"product","2":"type-product","3":"status-publish","4":"has-post-thumbnail","6":"product_cat-suto-fozo-es-disztokok","8":"first","9":"instock","10":"taxable","11":"shipping-taxable","12":"purchasable","13":"product-type-simple"},"_links":{"self":[{"href":"https:\/\/chilimag.hu\/webshop\/wp-json\/wp\/v2\/product\/18861","targetHints":{"allow":["GET"]}}],"collection":[{"href":"https:\/\/chilimag.hu\/webshop\/wp-json\/wp\/v2\/product"}],"about":[{"href":"https:\/\/chilimag.hu\/webshop\/wp-json\/wp\/v2\/types\/product"}],"replies":[{"embeddable":true,"href":"https:\/\/chilimag.hu\/webshop\/wp-json\/wp\/v2\/comments?post=18861"}],"wp:featuredmedia":[{"embeddable":true,"href":"https:\/\/chilimag.hu\/webshop\/wp-json\/wp\/v2\/media\/18862"}],"wp:attachment":[{"href":"https:\/\/chilimag.hu\/webshop\/wp-json\/wp\/v2\/media?parent=18861"}],"wp:term":[{"taxonomy":"product_brand","embeddable":true,"href":"https:\/\/chilimag.hu\/webshop\/wp-json\/wp\/v2\/product_brand?post=18861"},{"taxonomy":"product_cat","embeddable":true,"href":"https:\/\/chilimag.hu\/webshop\/wp-json\/wp\/v2\/product_cat?post=18861"},{"taxonomy":"product_tag","embeddable":true,"href":"https:\/\/chilimag.hu\/webshop\/wp-json\/wp\/v2\/product_tag?post=18861"}],"curies":[{"name":"wp","href":"https:\/\/api.w.org\/{rel}","templated":true}]}}