{"id":18859,"date":"2022-10-24T14:38:15","date_gmt":"2022-10-24T14:38:15","guid":{"rendered":"https:\/\/chilimag.hu\/webshop\/?post_type=product&#038;p=18859"},"modified":"2024-09-22T18:06:19","modified_gmt":"2024-09-22T18:06:19","slug":"tok-termesztet-crunchkin-f1-pmt-b-s","status":"publish","type":"product","link":"https:\/\/chilimag.hu\/webshop\/termek\/tok-termesztet-crunchkin-f1-pmt-b-s\/","title":{"rendered":"Crunchkin F1  T\u00f6k  B-S"},"content":{"rendered":"","protected":false},"excerpt":{"rendered":"<h1 class=\"product_title entry-title elementor-heading-title elementor-size-default\"><img decoding=\"async\" src=\"https:\/\/chilimag.hu\/webshop\/wp-content\/uploads\/2022\/10\/bobby-seeds-test-logo-150x150.png\" \/><\/h1>\n<p>Term\u00e9kinform\u00e1ci\u00f3 &#8222;Crunchkin F1 PMT<\/p>\n<p>D\u00edsz\u00edt\u00e9snek teljesen egyedi<\/p>\n<p>Figyelemre m\u00e9lt\u00f3 gy\u00fcm\u00f6lcsk\u00e9szlet k\u00fcl\u00f6nb\u00f6zteti meg ezt a nagyon sz\u00e9p fajt\u00e1t. A Jack be little t\u00edpus\u00fa nagyon stabil term\u00e9sei k\u00f6r\u00fclbel\u00fcl 12 cm-esre n\u0151nek, \u00e9s vil\u00e1gos narancss\u00e1rga \u00e9s s\u00f6t\u00e9tnarancss\u00e1rga \u00e1rnyalat\u00faak. A Crunchkin F1 egy nagyon szokatlan \u00e9s dekorat\u00edv jelens\u00e9g, amelyet ha egyszer el\u00fcltettek, nem akarsz n\u00e9lk\u00fcl\u00f6zni.<\/p>\n<p>Cucurbita pepo<br \/>\nAz \u00e9rlel\u00e9si id\u0151: k\u00f6r\u00fclbel\u00fcl 90 nap<br \/>\nA Crunchkin F1 kompaktra \u00e9s bokrosra n\u0151<br \/>\nA s\u00fct\u0151t\u00f6k j\u00f3l fejl\u0151dik meleg, j\u00f3 v\u00edzelvezet\u00e9s\u0171 talajban, el\u0151kult\u00far\u00e1ban \u00e9s \u00fcltet\u00e9sben \u00e1prilis v\u00e9gi vet\u00e9ssel vagy m\u00e1jus elej\u00e9t\u0151l k\u00f6zvetlen vet\u00e9ssel.<\/p>\n<p>A Crunchkin F1-hez n\u00f6v\u00e9nyenk\u00e9nt 1-2 nm-t aj\u00e1nlunk<\/p>\n<p>Lehets\u00e9ges k\u00e1rtev\u0151k: csig\u00e1k, madarak, egerek, tetvek, lisztharmat, v\u00edrus<\/p>\n<p>A csomag 10 szem magot tartalmaz<\/p>\n","protected":false},"featured_media":18860,"comment_status":"closed","ping_status":"closed","template":"","meta":[],"product_brand":[],"product_cat":[345],"product_tag":[],"class_list":{"0":"post-18859","1":"product","2":"type-product","3":"status-publish","4":"has-post-thumbnail","6":"product_cat-suto-fozo-es-disztokok","8":"first","9":"instock","10":"taxable","11":"shipping-taxable","12":"purchasable","13":"product-type-simple"},"_links":{"self":[{"href":"https:\/\/chilimag.hu\/webshop\/wp-json\/wp\/v2\/product\/18859","targetHints":{"allow":["GET"]}}],"collection":[{"href":"https:\/\/chilimag.hu\/webshop\/wp-json\/wp\/v2\/product"}],"about":[{"href":"https:\/\/chilimag.hu\/webshop\/wp-json\/wp\/v2\/types\/product"}],"replies":[{"embeddable":true,"href":"https:\/\/chilimag.hu\/webshop\/wp-json\/wp\/v2\/comments?post=18859"}],"wp:featuredmedia":[{"embeddable":true,"href":"https:\/\/chilimag.hu\/webshop\/wp-json\/wp\/v2\/media\/18860"}],"wp:attachment":[{"href":"https:\/\/chilimag.hu\/webshop\/wp-json\/wp\/v2\/media?parent=18859"}],"wp:term":[{"taxonomy":"product_brand","embeddable":true,"href":"https:\/\/chilimag.hu\/webshop\/wp-json\/wp\/v2\/product_brand?post=18859"},{"taxonomy":"product_cat","embeddable":true,"href":"https:\/\/chilimag.hu\/webshop\/wp-json\/wp\/v2\/product_cat?post=18859"},{"taxonomy":"product_tag","embeddable":true,"href":"https:\/\/chilimag.hu\/webshop\/wp-json\/wp\/v2\/product_tag?post=18859"}],"curies":[{"name":"wp","href":"https:\/\/api.w.org\/{rel}","templated":true}]}}