{"id":18857,"date":"2022-10-24T14:18:15","date_gmt":"2022-10-24T14:18:15","guid":{"rendered":"https:\/\/chilimag.hu\/webshop\/?post_type=product&#038;p=18857"},"modified":"2024-09-22T18:22:13","modified_gmt":"2024-09-22T18:22:13","slug":"tok-termesztet-tok-grizzly-bear-f1-b-s","status":"publish","type":"product","link":"https:\/\/chilimag.hu\/webshop\/termek\/tok-termesztet-tok-grizzly-bear-f1-b-s\/","title":{"rendered":"Grizzly Bear  F1 T\u00f6k  B-S"},"content":{"rendered":"","protected":false},"excerpt":{"rendered":"<p><img decoding=\"async\" src=\"https:\/\/chilimag.hu\/webshop\/wp-content\/uploads\/2022\/10\/bobby-seeds-test-logo-150x150.png\" \/><\/p>\n<p>Term\u00e9kinform\u00e1ci\u00f3 &#8222;Grizzly Bear F1 PMT&#8221;<br \/>\n\u00c9rdekes narancss\u00e1rga-barna sz\u00edn\u0171 gy\u00fcm\u00f6lcs\u00f6k sz\u00e9p szem\u00f6lcs\u00f6kkel<\/p>\n<p>Nagyon tetszet\u0151s megjelen\u00e9s\u0171, barna-narancss\u00e1rga, szem\u00f6lcs\u00f6s.A n\u00f6v\u00e9nyek el\u00e9g j\u00f3 term\u00e9st mutatnak. Gy\u00fcm\u00f6lcst\u00f6mege 2,5-4 kg.N\u00f6vekv\u0151, lisztharmatt\u0171r\u0151, ami itt csak k\u00e9s\u0151bb jelenik meg.<\/p>\n<p>Cucurbita pepo<br \/>\nAz \u00e9rlel\u00e9si id\u0151 k\u00f6r\u00fclbel\u00fcl 90 nap<br \/>\nA Grizzly Bear F1 er\u0151teljesen n\u00f6vekszik<br \/>\nA fajta fogyaszt\u00e1sra alkalmas, p\u00e9ld\u00e1ul s\u00fct\u0151t\u00f6klevesbe<br \/>\nA s\u00fct\u0151t\u00f6k j\u00f3l fejl\u0151dik meleg, j\u00f3 v\u00edzelvezet\u00e9s\u0171 talajban, el\u0151kult\u00far\u00e1ban \u00e9s \u00fcltet\u00e9sben \u00e1prilis v\u00e9gi vet\u00e9ssel vagy m\u00e1jus elej\u00e9t\u0151l k\u00f6zvetlen vet\u00e9ssel,\u00a0k\u00f6r\u00fclbel\u00fcl 2 n\u00e9gyzetm\u00e9tert aj\u00e1nlunk.<\/p>\n<p>Lehets\u00e9ges k\u00e1rtev\u0151k: csig\u00e1k, madarak, egerek, tetvek, lisztharmat, v\u00edrus<\/p>\n<p>A csomag 10 szem magot tartalmaz<\/p>\n","protected":false},"featured_media":18858,"comment_status":"closed","ping_status":"closed","template":"","meta":[],"product_brand":[],"product_cat":[345],"product_tag":[],"class_list":{"0":"post-18857","1":"product","2":"type-product","3":"status-publish","4":"has-post-thumbnail","6":"product_cat-suto-fozo-es-disztokok","8":"first","9":"instock","10":"taxable","11":"shipping-taxable","12":"purchasable","13":"product-type-simple"},"_links":{"self":[{"href":"https:\/\/chilimag.hu\/webshop\/wp-json\/wp\/v2\/product\/18857","targetHints":{"allow":["GET"]}}],"collection":[{"href":"https:\/\/chilimag.hu\/webshop\/wp-json\/wp\/v2\/product"}],"about":[{"href":"https:\/\/chilimag.hu\/webshop\/wp-json\/wp\/v2\/types\/product"}],"replies":[{"embeddable":true,"href":"https:\/\/chilimag.hu\/webshop\/wp-json\/wp\/v2\/comments?post=18857"}],"wp:featuredmedia":[{"embeddable":true,"href":"https:\/\/chilimag.hu\/webshop\/wp-json\/wp\/v2\/media\/18858"}],"wp:attachment":[{"href":"https:\/\/chilimag.hu\/webshop\/wp-json\/wp\/v2\/media?parent=18857"}],"wp:term":[{"taxonomy":"product_brand","embeddable":true,"href":"https:\/\/chilimag.hu\/webshop\/wp-json\/wp\/v2\/product_brand?post=18857"},{"taxonomy":"product_cat","embeddable":true,"href":"https:\/\/chilimag.hu\/webshop\/wp-json\/wp\/v2\/product_cat?post=18857"},{"taxonomy":"product_tag","embeddable":true,"href":"https:\/\/chilimag.hu\/webshop\/wp-json\/wp\/v2\/product_tag?post=18857"}],"curies":[{"name":"wp","href":"https:\/\/api.w.org\/{rel}","templated":true}]}}