{"id":18845,"date":"2022-10-23T19:04:03","date_gmt":"2022-10-23T19:04:03","guid":{"rendered":"https:\/\/chilimag.hu\/webshop\/?post_type=product&#038;p=18845"},"modified":"2026-02-19T09:25:36","modified_gmt":"2026-02-19T09:25:36","slug":"tok-termesztet-tok-cream-of-the-crop-b-s","status":"publish","type":"product","link":"https:\/\/chilimag.hu\/webshop\/termek\/tok-termesztet-tok-cream-of-the-crop-b-s\/","title":{"rendered":"Cream of the Crop T\u00f6k B-S"},"content":{"rendered":"","protected":false},"excerpt":{"rendered":"<p><img decoding=\"async\" src=\"https:\/\/chilimag.hu\/webshop\/wp-content\/uploads\/2022\/10\/bobby-seeds-test-logo-150x150.png\" \/><\/p>\n<p>Term\u00e9kinform\u00e1ci\u00f3k &#8222;Cream of the Crop&#8221;<\/p>\n<p>Kr\u00e9mes feh\u00e9r, nagyon term\u0151, sz\u00e9p gy\u00fcm\u00f6lcs\u00f6k, sz\u00e9p \u00e9s \u00edzletes, kb 1 kg<\/p>\n<p>pepo<br \/>\n\u00c9rlel\u00e9si id\u0151: 95 nap<br \/>\nA makkt\u00f6k nagy hozam\u00fa, sz\u00edv\u00f3s \u00e9s j\u00f3 ehet\u0151 t\u00f6k<br \/>\nEz a fajta j\u00f3l fejl\u0151dik meleg, j\u00f3 v\u00edzelvezet\u00e9s\u0171 talajban, el\u0151m\u0171vel\u00e9ssel \u00e9s \u00fcltet\u00e9ssel \u00e1prilis v\u00e9g\u00e9t\u0151l vet\u00e9ssel vagy m\u00e1jus elej\u00e9t\u0151l k\u00f6zvetlen vet\u00e9ssel.<\/p>\n<p>A s\u00fct\u0151t\u00f6k \u00fcltet\u00e9si t\u00e1vols\u00e1ga a m\u00e1sz\u00e1si viselked\u00e9st\u0151l f\u00fcgg, a makk \u00e1ltal\u00e1ban nagyon takar\u00e9kos<\/p>\n<p>Lehets\u00e9ges k\u00e1rtev\u0151k: csig\u00e1k, madarak, egerek, tetvek, lisztharmat, v\u00edrus<\/p>\n<p>A csomag 10 szem magot tartalmaz<\/p>\n","protected":false},"featured_media":18846,"comment_status":"closed","ping_status":"closed","template":"","meta":[],"product_brand":[],"product_cat":[345],"product_tag":[],"class_list":{"0":"post-18845","1":"product","2":"type-product","3":"status-publish","4":"has-post-thumbnail","6":"product_cat-suto-fozo-es-disztokok","8":"first","9":"instock","10":"taxable","11":"shipping-taxable","12":"purchasable","13":"product-type-simple"},"_links":{"self":[{"href":"https:\/\/chilimag.hu\/webshop\/wp-json\/wp\/v2\/product\/18845","targetHints":{"allow":["GET"]}}],"collection":[{"href":"https:\/\/chilimag.hu\/webshop\/wp-json\/wp\/v2\/product"}],"about":[{"href":"https:\/\/chilimag.hu\/webshop\/wp-json\/wp\/v2\/types\/product"}],"replies":[{"embeddable":true,"href":"https:\/\/chilimag.hu\/webshop\/wp-json\/wp\/v2\/comments?post=18845"}],"wp:featuredmedia":[{"embeddable":true,"href":"https:\/\/chilimag.hu\/webshop\/wp-json\/wp\/v2\/media\/18846"}],"wp:attachment":[{"href":"https:\/\/chilimag.hu\/webshop\/wp-json\/wp\/v2\/media?parent=18845"}],"wp:term":[{"taxonomy":"product_brand","embeddable":true,"href":"https:\/\/chilimag.hu\/webshop\/wp-json\/wp\/v2\/product_brand?post=18845"},{"taxonomy":"product_cat","embeddable":true,"href":"https:\/\/chilimag.hu\/webshop\/wp-json\/wp\/v2\/product_cat?post=18845"},{"taxonomy":"product_tag","embeddable":true,"href":"https:\/\/chilimag.hu\/webshop\/wp-json\/wp\/v2\/product_tag?post=18845"}],"curies":[{"name":"wp","href":"https:\/\/api.w.org\/{rel}","templated":true}]}}