{"id":18840,"date":"2022-10-23T18:56:22","date_gmt":"2022-10-23T18:56:22","guid":{"rendered":"https:\/\/chilimag.hu\/webshop\/?post_type=product&#038;p=18840"},"modified":"2024-11-29T08:05:36","modified_gmt":"2024-11-29T08:05:36","slug":"tok-pezsmatok-butterbaby-f1-b-s","status":"publish","type":"product","link":"https:\/\/chilimag.hu\/webshop\/termek\/tok-pezsmatok-butterbaby-f1-b-s\/","title":{"rendered":"Butterbaby F1 T\u00f6k B-S"},"content":{"rendered":"","protected":false},"excerpt":{"rendered":"<p><img decoding=\"async\" src=\"https:\/\/chilimag.hu\/webshop\/wp-content\/uploads\/2022\/10\/bobby-seeds-test-logo-150x150.png\" \/><\/p>\n<p>Term\u00e9kinform\u00e1ci\u00f3 &#8222;Butterbaby F1&#8221;<\/p>\n<p>Nagyon sz\u00e9p, kicsi \u00e9s praktikus vajdi\u00f3, 400 \u00e9s 700 gramm k\u00f6z\u00f6tti kicsi. \u00cdzletes, ide\u00e1lis m\u00e9rettel egy h\u00e1ztart\u00e1s sz\u00e1m\u00e1ra. Kompakt m\u00e1sz\u00e1s meglehet\u0151sen j\u00f3 hozammal. Meglehet\u0151sen megb\u00edzhat\u00f3an \u00e9rik k\u00f6z\u00e9p-eur\u00f3pai k\u00f6r\u00fclm\u00e9nyek k\u00f6z\u00f6tt. A vajdi\u00f3f\u00e9l\u00e9knek meleg, v\u00e9dett helyre van sz\u00fcks\u00e9g\u00fck.<\/p>\n<p>Cucurbita moschata<br \/>\nA Butterbaby F1 rosszul szerepel<br \/>\nAz \u00e9r\u00e9si id\u0151 k\u00f6r\u00fclbel\u00fcl 100 nap<br \/>\nA s\u00fct\u0151t\u00f6k j\u00f3l fejl\u0151dik meleg, j\u00f3 v\u00edzelvezet\u00e9s\u0171 talajban, el\u0151kult\u00far\u00e1ban \u00e9s \u00fcltet\u00e9sben \u00e1prilis v\u00e9gi vet\u00e9ssel vagy m\u00e1jus elej\u00e9t\u0151l k\u00f6zvetlen vet\u00e9ssel.<\/p>\n<p>Isabelle F1-hez n\u00f6v\u00e9nyenk\u00e9nt 1-2 nm-t aj\u00e1nlunk<\/p>\n<p>Lehets\u00e9ges k\u00e1rtev\u0151k: csig\u00e1k, madarak, egerek, tetvek, lisztharmat, v\u00edrus<\/p>\n<p>A csomag 10 szem magot tartalmaz<\/p>\n","protected":false},"featured_media":18841,"comment_status":"closed","ping_status":"closed","template":"","meta":[],"product_brand":[],"product_cat":[345],"product_tag":[],"class_list":{"0":"post-18840","1":"product","2":"type-product","3":"status-publish","4":"has-post-thumbnail","6":"product_cat-suto-fozo-es-disztokok","8":"first","9":"instock","10":"sale","11":"taxable","12":"shipping-taxable","13":"purchasable","14":"product-type-simple"},"_links":{"self":[{"href":"https:\/\/chilimag.hu\/webshop\/wp-json\/wp\/v2\/product\/18840","targetHints":{"allow":["GET"]}}],"collection":[{"href":"https:\/\/chilimag.hu\/webshop\/wp-json\/wp\/v2\/product"}],"about":[{"href":"https:\/\/chilimag.hu\/webshop\/wp-json\/wp\/v2\/types\/product"}],"replies":[{"embeddable":true,"href":"https:\/\/chilimag.hu\/webshop\/wp-json\/wp\/v2\/comments?post=18840"}],"wp:featuredmedia":[{"embeddable":true,"href":"https:\/\/chilimag.hu\/webshop\/wp-json\/wp\/v2\/media\/18841"}],"wp:attachment":[{"href":"https:\/\/chilimag.hu\/webshop\/wp-json\/wp\/v2\/media?parent=18840"}],"wp:term":[{"taxonomy":"product_brand","embeddable":true,"href":"https:\/\/chilimag.hu\/webshop\/wp-json\/wp\/v2\/product_brand?post=18840"},{"taxonomy":"product_cat","embeddable":true,"href":"https:\/\/chilimag.hu\/webshop\/wp-json\/wp\/v2\/product_cat?post=18840"},{"taxonomy":"product_tag","embeddable":true,"href":"https:\/\/chilimag.hu\/webshop\/wp-json\/wp\/v2\/product_tag?post=18840"}],"curies":[{"name":"wp","href":"https:\/\/api.w.org\/{rel}","templated":true}]}}