{"id":18828,"date":"2022-10-22T17:14:48","date_gmt":"2022-10-22T17:14:48","guid":{"rendered":"https:\/\/chilimag.hu\/webshop\/?post_type=product&#038;p=18828"},"modified":"2026-03-03T07:24:03","modified_gmt":"2026-03-03T07:24:03","slug":"tok-pezsmatok-beja-b-s","status":"publish","type":"product","link":"https:\/\/chilimag.hu\/webshop\/termek\/tok-pezsmatok-beja-b-s\/","title":{"rendered":"Beja T\u00f6k B-S"},"content":{"rendered":"","protected":false},"excerpt":{"rendered":"<div class=\"QcsUad BDJ8fb BLojaf\" role=\"region\" aria-labelledby=\"ucj-5\">\n<div class=\"XL3Kf\">\n<div class=\"a8FIud X0rvP L6rCcb\" data-apply-responsive-style=\"true\" data-classes=\"\" data-initial-translation-length=\"840\" data-saved-translation-limit-reached=\"false\">\n<div data-show-delay-ms=\"250\" data-append-to-body=\"false\" data-propagate-tooltip-mouseover-events=\"true\" data-anchor-corner=\"bottom-end\" data-enable-skip-handler=\"false\" data-popup-corner=\"top-end\">\n<p><img decoding=\"async\" src=\"https:\/\/chilimag.hu\/webshop\/wp-content\/uploads\/2022\/10\/bobby-seeds-test-logo-150x150.png\" \/><\/p>\n<p><button class=\"VfPpkd-Bz112c-LgbsSe VfPpkd-Bz112c-LgbsSe-OWXEXe-e5LLRc-SxQuSe fzRBVc tmJved mN1ivc SSgGrd X86VN\" lang=\"\" disabled=\"disabled\" data-idom-class=\"fzRBVc tmJved mN1ivc SSgGrd X86VN\" aria-label=\"Ford\u00edt\u00e1s ment\u00e9se\" aria-pressed=\"false\"><\/button>Term\u00e9k inform\u00e1ci\u00f3 &#8222;Beja&#8221;<\/p>\n<\/div>\n<div data-show-delay-ms=\"250\" data-append-to-body=\"false\" data-propagate-tooltip-mouseover-events=\"true\" data-anchor-corner=\"bottom-end\" data-enable-skip-handler=\"false\" data-popup-corner=\"top-end\"><span class=\"jCAhz\"><span class=\"ryNqvb\">A Beja Prof. Berenji teny\u00e9szt\u0151 \u00fajdons\u00e1ga<\/span> <span class=\"ryNqvb\">\u00e9s valamivel nagyobbra n\u0151, mint a magyar Butternut Sonca.<\/span> <span class=\"ryNqvb\">A gy\u00fcm\u00f6lcs\u00f6k s\u00falya k\u00f6r\u00fclbel\u00fcl 2-2,5 kg, sz\u00edne s\u00f6t\u00e9tz\u00f6ldr\u0151l \u00e9l\u00e9nk okkerre v\u00e1ltozik.<\/span> <span class=\"ryNqvb\">A Beja rengeteg gy\u00fcm\u00f6lcs\u00f6t terem, kiv\u00e1l\u00f3, karotinban gazdag \u00e9s intenz\u00edven narancss\u00e1rga sz\u00edn\u0171 h\u00fassal \u2013 egy \u00faj fajta nagy j\u00f6v\u0151 el\u0151tt.<\/span> <span class=\"ryNqvb\">Cucurbita moschata<\/span> <span class=\"ryNqvb\">\u00c9rlel\u00e9si id\u0151: 110 nap<\/span> <span class=\"ryNqvb\">Beja m\u00e1szik, \u00e9s k\u00f6r\u00fclbel\u00fcl 2-3 n\u00e9gyzetm\u00e9ternyi helyre van sz\u00fcks\u00e9ge<\/span> <\/span><\/div>\n<div data-show-delay-ms=\"250\" data-append-to-body=\"false\" data-propagate-tooltip-mouseover-events=\"true\" data-anchor-corner=\"bottom-end\" data-enable-skip-handler=\"false\" data-popup-corner=\"top-end\"><span class=\"jCAhz\"><span class=\"ryNqvb\">A vajdi\u00f3 joggal tartozik a legjobb t\u00f6kf\u00e9l\u00e9k k\u00f6z\u00e9<\/span>\u00a0<\/span><\/div>\n<div data-show-delay-ms=\"250\" data-append-to-body=\"false\" data-propagate-tooltip-mouseover-events=\"true\" data-anchor-corner=\"bottom-end\" data-enable-skip-handler=\"false\" data-popup-corner=\"top-end\"><span class=\"jCAhz\"><span class=\"ryNqvb\">A Cucurbita moschata sok meleget ig\u00e9nyel, ez\u00e9rt el\u0151 kell termeszteni.<\/span> <span class=\"ryNqvb\">A legfeljebb 110 napos \u00e9r\u00e9si idej\u0171 fajt\u00e1k azt\u00e1n a hideg vid\u00e9keken is j\u00f3l fejl\u0151dnek.<\/span> <span class=\"ryNqvb\">Beja sz\u00e1m\u00e1ra n\u00f6v\u00e9nyenk\u00e9nt k\u00f6r\u00fclbel\u00fcl 2-3 n\u00e9gyzetm\u00e9ter ter\u00fcletet aj\u00e1nlunk<\/span> <span class=\"ryNqvb\">Lehets\u00e9ges k\u00e1rtev\u0151k: csig\u00e1k, madarak, egerek, tetvek, lisztharmat, v\u00edrus<\/span><\/span><\/div>\n<div data-show-delay-ms=\"250\" data-append-to-body=\"false\" data-propagate-tooltip-mouseover-events=\"true\" data-anchor-corner=\"bottom-end\" data-enable-skip-handler=\"false\" data-popup-corner=\"top-end\">A csomag 10 szem magot tartalmaz<\/div>\n<\/div>\n<\/div>\n<\/div>\n","protected":false},"featured_media":18829,"comment_status":"closed","ping_status":"closed","template":"","meta":[],"product_brand":[],"product_cat":[345],"product_tag":[],"class_list":{"0":"post-18828","1":"product","2":"type-product","3":"status-publish","4":"has-post-thumbnail","6":"product_cat-suto-fozo-es-disztokok","8":"first","9":"instock","10":"taxable","11":"shipping-taxable","12":"purchasable","13":"product-type-simple"},"_links":{"self":[{"href":"https:\/\/chilimag.hu\/webshop\/wp-json\/wp\/v2\/product\/18828","targetHints":{"allow":["GET"]}}],"collection":[{"href":"https:\/\/chilimag.hu\/webshop\/wp-json\/wp\/v2\/product"}],"about":[{"href":"https:\/\/chilimag.hu\/webshop\/wp-json\/wp\/v2\/types\/product"}],"replies":[{"embeddable":true,"href":"https:\/\/chilimag.hu\/webshop\/wp-json\/wp\/v2\/comments?post=18828"}],"wp:featuredmedia":[{"embeddable":true,"href":"https:\/\/chilimag.hu\/webshop\/wp-json\/wp\/v2\/media\/18829"}],"wp:attachment":[{"href":"https:\/\/chilimag.hu\/webshop\/wp-json\/wp\/v2\/media?parent=18828"}],"wp:term":[{"taxonomy":"product_brand","embeddable":true,"href":"https:\/\/chilimag.hu\/webshop\/wp-json\/wp\/v2\/product_brand?post=18828"},{"taxonomy":"product_cat","embeddable":true,"href":"https:\/\/chilimag.hu\/webshop\/wp-json\/wp\/v2\/product_cat?post=18828"},{"taxonomy":"product_tag","embeddable":true,"href":"https:\/\/chilimag.hu\/webshop\/wp-json\/wp\/v2\/product_tag?post=18828"}],"curies":[{"name":"wp","href":"https:\/\/api.w.org\/{rel}","templated":true}]}}