{"id":18819,"date":"2022-10-22T16:46:08","date_gmt":"2022-10-22T16:46:08","guid":{"rendered":"https:\/\/chilimag.hu\/webshop\/?post_type=product&#038;p=18819"},"modified":"2024-11-26T16:40:04","modified_gmt":"2024-11-26T16:40:04","slug":"tok-pezsmatok-blanc-du-maroc-b-s","status":"publish","type":"product","link":"https:\/\/chilimag.hu\/webshop\/termek\/tok-pezsmatok-blanc-du-maroc-b-s\/","title":{"rendered":"Blanc du Maroc T\u00f6k B-S"},"content":{"rendered":"","protected":false},"excerpt":{"rendered":"<p><img decoding=\"async\" src=\"https:\/\/chilimag.hu\/webshop\/wp-content\/uploads\/2022\/10\/bobby-seeds-test-logo-150x150.png\" \/><\/p>\n<p>Term\u00e9kinform\u00e1ci\u00f3 &#8222;Blanc du Maroc&#8221;<\/p>\n<p>Nagy, hegyes,kiv\u00e1l\u00f3 t\u00f6k<\/p>\n<p>Felt\u0171n\u0151 marokk\u00f3i t\u00e1jfaj, hegyes gy\u00fcm\u00f6lcs\u00f6kkel, amelyek s\u00falya ak\u00e1r 18 kg. Massz\u00edv, s\u00f6t\u00e9t h\u00fas\u00fa, kiv\u00e1l\u00f3 t\u00f6k. Ahogy az afrikai eredet is sugallja, sok melegre van sz\u00fcks\u00e9ge, ez\u00e9rt nem alkalmas h\u0171v\u00f6s vid\u00e9kekre, vagy csak speci\u00e1lis termeszt\u00e9si int\u00e9zked\u00e9sekkel. Nagyon \u00e9l\u00e9nk fajta.<\/p>\n<p>Cucurbita moschata<br \/>\n\u00c9rlel\u00e9si id\u0151: k\u00f6r\u00fclbel\u00fcl 125 nap<br \/>\nA Blanc du Maroc er\u0151sen m\u00e1szik<br \/>\nA Blanc du Maroc vastag \u00e9s kiv\u00e1l\u00f3 h\u00fas\u00fa<br \/>\nA s\u00fct\u0151t\u00f6k j\u00f3l fejl\u0151dik meleg, j\u00f3 v\u00edzelvezet\u00e9s\u0171 talajban, el\u0151kult\u00far\u00e1ban \u00e9s \u00fcltet\u00e9sben \u00e1prilis v\u00e9gi vet\u00e9ssel vagy m\u00e1jus elej\u00e9t\u0151l k\u00f6zvetlen vet\u00e9ssel.<\/p>\n<p>A Blanc du Maroc sz\u00e1m\u00e1ra n\u00f6v\u00e9nyenk\u00e9nt 3-4 n\u00e9gyzetm\u00e9tert aj\u00e1nlunk<\/p>\n<p>Lehets\u00e9ges k\u00e1rtev\u0151k: csig\u00e1k, madarak, egerek, tetvek, lisztharmat<\/p>\n<p>A csomag 10 szem magot tartalmaz<\/p>\n","protected":false},"featured_media":18820,"comment_status":"closed","ping_status":"closed","template":"","meta":[],"product_brand":[],"product_cat":[345],"product_tag":[],"class_list":{"0":"post-18819","1":"product","2":"type-product","3":"status-publish","4":"has-post-thumbnail","6":"product_cat-suto-fozo-es-disztokok","8":"first","9":"instock","10":"sale","11":"taxable","12":"shipping-taxable","13":"purchasable","14":"product-type-simple"},"_links":{"self":[{"href":"https:\/\/chilimag.hu\/webshop\/wp-json\/wp\/v2\/product\/18819","targetHints":{"allow":["GET"]}}],"collection":[{"href":"https:\/\/chilimag.hu\/webshop\/wp-json\/wp\/v2\/product"}],"about":[{"href":"https:\/\/chilimag.hu\/webshop\/wp-json\/wp\/v2\/types\/product"}],"replies":[{"embeddable":true,"href":"https:\/\/chilimag.hu\/webshop\/wp-json\/wp\/v2\/comments?post=18819"}],"wp:featuredmedia":[{"embeddable":true,"href":"https:\/\/chilimag.hu\/webshop\/wp-json\/wp\/v2\/media\/18820"}],"wp:attachment":[{"href":"https:\/\/chilimag.hu\/webshop\/wp-json\/wp\/v2\/media?parent=18819"}],"wp:term":[{"taxonomy":"product_brand","embeddable":true,"href":"https:\/\/chilimag.hu\/webshop\/wp-json\/wp\/v2\/product_brand?post=18819"},{"taxonomy":"product_cat","embeddable":true,"href":"https:\/\/chilimag.hu\/webshop\/wp-json\/wp\/v2\/product_cat?post=18819"},{"taxonomy":"product_tag","embeddable":true,"href":"https:\/\/chilimag.hu\/webshop\/wp-json\/wp\/v2\/product_tag?post=18819"}],"curies":[{"name":"wp","href":"https:\/\/api.w.org\/{rel}","templated":true}]}}