{"id":18816,"date":"2022-10-22T16:42:12","date_gmt":"2022-10-22T16:42:12","guid":{"rendered":"https:\/\/chilimag.hu\/webshop\/?post_type=product&#038;p=18816"},"modified":"2024-09-22T18:32:55","modified_gmt":"2024-09-22T18:32:55","slug":"tok-termesztett-mellow-yellow-f1-pmt-b-s","status":"publish","type":"product","link":"https:\/\/chilimag.hu\/webshop\/termek\/tok-termesztett-mellow-yellow-f1-pmt-b-s\/","title":{"rendered":"Mellow Yellow F1 PMT T\u00f6k B-S"},"content":{"rendered":"","protected":false},"excerpt":{"rendered":"<p><img decoding=\"async\" src=\"https:\/\/chilimag.hu\/webshop\/wp-content\/uploads\/2022\/10\/bobby-seeds-test-logo-150x150.png\" \/><\/p>\n<p>Term\u00e9kinform\u00e1ci\u00f3 &#8222;Mellow Yellow F1 PMT&#8221;<\/p>\n<p>Vonz\u00f3 \u00faj sz\u00edn, gy\u00f6ny\u00f6r\u0171, kiegyens\u00falyozott forma<\/p>\n<p>Vonz\u00f3an elt\u00e9r\u0151 sz\u00edn a t\u00f6kfarag\u00e1shoz. A vil\u00e1goss\u00e1rg\u00e1t\u00f3l az \u00e9l\u00e9nks\u00e1rg\u00e1ig terjed\u0151 sz\u00edn\u0171, kerek \u00e9s g\u00f6mb\u00f6ly\u0171, 6-7 kg k\u00f6r\u00fcli, 25 cm \u00e1tm\u00e9r\u0151j\u0171 t\u00f6k. Term\u00e9keny, j\u00f3 terepi teljes\u00edtm\u00e9nnyel.<\/p>\n<p>Cucurbita pepo<br \/>\nAz \u00e9r\u00e9si id\u0151 k\u00f6r\u00fclbel\u00fcl 90-95 nap<br \/>\nMellow Yellow F1 PMT rangok<br \/>\nA fajta fogyaszt\u00e1sra alkalmas, p\u00e9ld\u00e1ul s\u00fct\u0151t\u00f6klevesbe<br \/>\nA s\u00fct\u0151t\u00f6k j\u00f3l fejl\u0151dik meleg, j\u00f3 v\u00edzelvezet\u00e9s\u0171 talajban, el\u0151kult\u00far\u00e1ban \u00e9s \u00fcltet\u00e9sben \u00e1prilis v\u00e9gi vet\u00e9ssel vagy m\u00e1jus elej\u00e9t\u0151l k\u00f6zvetlen vet\u00e9ssel.<\/p>\n<p>A Mellow Yellow F1 PMT-hez n\u00f6v\u00e9nyenk\u00e9nt k\u00f6r\u00fclbel\u00fcl 2 n\u00e9gyzetm\u00e9tert aj\u00e1nlunk.<\/p>\n<p>Lehets\u00e9ges k\u00e1rtev\u0151k: csig\u00e1k, madarak, egerek, tetvek, lisztharmat, v\u00edrus<\/p>\n<p>A csomag 10 szem magot tartalmaz<\/p>\n","protected":false},"featured_media":18817,"comment_status":"closed","ping_status":"closed","template":"","meta":[],"product_brand":[],"product_cat":[345],"product_tag":[],"class_list":{"0":"post-18816","1":"product","2":"type-product","3":"status-publish","4":"has-post-thumbnail","6":"product_cat-suto-fozo-es-disztokok","8":"first","9":"instock","10":"taxable","11":"shipping-taxable","12":"purchasable","13":"product-type-simple"},"_links":{"self":[{"href":"https:\/\/chilimag.hu\/webshop\/wp-json\/wp\/v2\/product\/18816","targetHints":{"allow":["GET"]}}],"collection":[{"href":"https:\/\/chilimag.hu\/webshop\/wp-json\/wp\/v2\/product"}],"about":[{"href":"https:\/\/chilimag.hu\/webshop\/wp-json\/wp\/v2\/types\/product"}],"replies":[{"embeddable":true,"href":"https:\/\/chilimag.hu\/webshop\/wp-json\/wp\/v2\/comments?post=18816"}],"wp:featuredmedia":[{"embeddable":true,"href":"https:\/\/chilimag.hu\/webshop\/wp-json\/wp\/v2\/media\/18817"}],"wp:attachment":[{"href":"https:\/\/chilimag.hu\/webshop\/wp-json\/wp\/v2\/media?parent=18816"}],"wp:term":[{"taxonomy":"product_brand","embeddable":true,"href":"https:\/\/chilimag.hu\/webshop\/wp-json\/wp\/v2\/product_brand?post=18816"},{"taxonomy":"product_cat","embeddable":true,"href":"https:\/\/chilimag.hu\/webshop\/wp-json\/wp\/v2\/product_cat?post=18816"},{"taxonomy":"product_tag","embeddable":true,"href":"https:\/\/chilimag.hu\/webshop\/wp-json\/wp\/v2\/product_tag?post=18816"}],"curies":[{"name":"wp","href":"https:\/\/api.w.org\/{rel}","templated":true}]}}