{"id":18811,"date":"2022-10-22T16:22:21","date_gmt":"2022-10-22T16:22:21","guid":{"rendered":"https:\/\/chilimag.hu\/webshop\/?post_type=product&#038;p=18811"},"modified":"2026-03-09T20:26:13","modified_gmt":"2026-03-09T20:26:13","slug":"kukorica-erbeermais-b-s","status":"publish","type":"product","link":"https:\/\/chilimag.hu\/webshop\/termek\/kukorica-erbeermais-b-s\/","title":{"rendered":"Kukorica Erdbeermais B-S"},"content":{"rendered":"","protected":false},"excerpt":{"rendered":"<p><img decoding=\"async\" src=\"https:\/\/chilimag.hu\/webshop\/wp-content\/uploads\/2022\/10\/bobby-seeds-test-logo-150x150.png\" \/><\/p>\n<p>Term\u00e9kinform\u00e1ci\u00f3k &#8222;Strawberry Corn&#8221;<\/p>\n<p>Ismert, kicsi, piros d\u00edszkukorica<\/p>\n<p>Zea mays<br \/>\n\u00c9rlel\u00e9si id\u0151: 105 nap<br \/>\nCsinos dekor\u00e1ci\u00f3s elem, de t\u00f6k\u00e9letes.<br \/>\nA k\u00f6zvetlen vet\u00e9s m\u00e1jus elej\u00e9t\u0151l\/k\u00f6zep\u00e9t\u0151l meleg talajba j\u00f3 term\u00e9st ad<\/p>\n<p>A sorok k\u00f6z\u00f6tti t\u00e1vols\u00e1g kb. 60-70 cm, a sorban kb. 15-20 cm<\/p>\n<p>Lehets\u00e9ges k\u00e1rtev\u0151k: csig\u00e1k, madarak, egerek, tetvek<\/p>\n<p>A csomag 10 gramm magot tartalmaz<\/p>\n","protected":false},"featured_media":18812,"comment_status":"closed","ping_status":"closed","template":"","meta":[],"product_brand":[],"product_cat":[328],"product_tag":[],"class_list":{"0":"post-18811","1":"product","2":"type-product","3":"status-publish","4":"has-post-thumbnail","6":"product_cat-virag-es-disznoveny-vetomagok","8":"first","9":"instock","10":"taxable","11":"shipping-taxable","12":"purchasable","13":"product-type-simple"},"_links":{"self":[{"href":"https:\/\/chilimag.hu\/webshop\/wp-json\/wp\/v2\/product\/18811","targetHints":{"allow":["GET"]}}],"collection":[{"href":"https:\/\/chilimag.hu\/webshop\/wp-json\/wp\/v2\/product"}],"about":[{"href":"https:\/\/chilimag.hu\/webshop\/wp-json\/wp\/v2\/types\/product"}],"replies":[{"embeddable":true,"href":"https:\/\/chilimag.hu\/webshop\/wp-json\/wp\/v2\/comments?post=18811"}],"wp:featuredmedia":[{"embeddable":true,"href":"https:\/\/chilimag.hu\/webshop\/wp-json\/wp\/v2\/media\/18812"}],"wp:attachment":[{"href":"https:\/\/chilimag.hu\/webshop\/wp-json\/wp\/v2\/media?parent=18811"}],"wp:term":[{"taxonomy":"product_brand","embeddable":true,"href":"https:\/\/chilimag.hu\/webshop\/wp-json\/wp\/v2\/product_brand?post=18811"},{"taxonomy":"product_cat","embeddable":true,"href":"https:\/\/chilimag.hu\/webshop\/wp-json\/wp\/v2\/product_cat?post=18811"},{"taxonomy":"product_tag","embeddable":true,"href":"https:\/\/chilimag.hu\/webshop\/wp-json\/wp\/v2\/product_tag?post=18811"}],"curies":[{"name":"wp","href":"https:\/\/api.w.org\/{rel}","templated":true}]}}