{"id":18807,"date":"2022-10-22T16:18:33","date_gmt":"2022-10-22T16:18:33","guid":{"rendered":"https:\/\/chilimag.hu\/webshop\/?post_type=product&#038;p=18807"},"modified":"2025-03-11T18:06:30","modified_gmt":"2025-03-11T18:06:30","slug":"kukorica-ice-lady-b-s","status":"publish","type":"product","link":"https:\/\/chilimag.hu\/webshop\/termek\/kukorica-ice-lady-b-s\/","title":{"rendered":"Kukorica Ice Lady B-S"},"content":{"rendered":"","protected":false},"excerpt":{"rendered":"<p><img decoding=\"async\" src=\"https:\/\/chilimag.hu\/webshop\/wp-content\/uploads\/2022\/10\/bobby-seeds-test-logo-150x150.png\" \/><\/p>\n<p>Term\u00e9kinform\u00e1ci\u00f3 &#8222;Ice Lady\u201d<\/p>\n<p>20 cm hossz\u00fas\u00e1g\u00fa. A k\u00fcl\u00f6nlegesek a pasztell sz\u00ednek, nagyon vonz\u00f3ak. Az Ice Lady stabil marad, \u00e9s 105 nap k\u00f6r\u00fcli \u00e9r\u00e9si ideje.<\/p>\n<p>Zea mays<br \/>\n\u00c9rlel\u00e9si id\u0151: k\u00f6r\u00fclbel\u00fcl 105 nap<br \/>\nA k\u00f6zvetlen vet\u00e9s m\u00e1jus elej\u00e9t\u0151l\/k\u00f6zep\u00e9t\u0151l meleg talajba j\u00f3 term\u00e9st ad<\/p>\n<p>A sorok k\u00f6z\u00f6tti t\u00e1vols\u00e1g kb. 60-70 cm, a sorban kb. 15-20 cm<\/p>\n<p>Lehets\u00e9ges k\u00e1rtev\u0151k: csig\u00e1k, madarak, egerek, tetvek<\/p>\n<p>A csomag 10 gr gramm magot tartalmaz.<\/p>\n","protected":false},"featured_media":18808,"comment_status":"closed","ping_status":"closed","template":"","meta":[],"product_brand":[],"product_cat":[328],"product_tag":[],"class_list":{"0":"post-18807","1":"product","2":"type-product","3":"status-publish","4":"has-post-thumbnail","6":"product_cat-virag-es-disznoveny-vetomagok","8":"first","9":"instock","10":"taxable","11":"shipping-taxable","12":"purchasable","13":"product-type-simple"},"_links":{"self":[{"href":"https:\/\/chilimag.hu\/webshop\/wp-json\/wp\/v2\/product\/18807","targetHints":{"allow":["GET"]}}],"collection":[{"href":"https:\/\/chilimag.hu\/webshop\/wp-json\/wp\/v2\/product"}],"about":[{"href":"https:\/\/chilimag.hu\/webshop\/wp-json\/wp\/v2\/types\/product"}],"replies":[{"embeddable":true,"href":"https:\/\/chilimag.hu\/webshop\/wp-json\/wp\/v2\/comments?post=18807"}],"wp:featuredmedia":[{"embeddable":true,"href":"https:\/\/chilimag.hu\/webshop\/wp-json\/wp\/v2\/media\/18808"}],"wp:attachment":[{"href":"https:\/\/chilimag.hu\/webshop\/wp-json\/wp\/v2\/media?parent=18807"}],"wp:term":[{"taxonomy":"product_brand","embeddable":true,"href":"https:\/\/chilimag.hu\/webshop\/wp-json\/wp\/v2\/product_brand?post=18807"},{"taxonomy":"product_cat","embeddable":true,"href":"https:\/\/chilimag.hu\/webshop\/wp-json\/wp\/v2\/product_cat?post=18807"},{"taxonomy":"product_tag","embeddable":true,"href":"https:\/\/chilimag.hu\/webshop\/wp-json\/wp\/v2\/product_tag?post=18807"}],"curies":[{"name":"wp","href":"https:\/\/api.w.org\/{rel}","templated":true}]}}