{"id":1880,"date":"2015-10-12T06:13:43","date_gmt":"2015-10-12T06:13:43","guid":{"rendered":"https:\/\/chilimag.hu\/webshop\/?post_type=product&#038;p=1880"},"modified":"2026-03-29T13:02:30","modified_gmt":"2026-03-29T13:02:30","slug":"fish-pepper","status":"publish","type":"product","link":"https:\/\/chilimag.hu\/webshop\/termek\/fish-pepper\/","title":{"rendered":"Fish Pepper"},"content":{"rendered":"","protected":false},"excerpt":{"rendered":"<p><img decoding=\"async\" src=\"https:\/\/chilimag.hu\/webshop\/wp-content\/uploads\/2014\/11\/chilimag-logo-2-150x150.jpg\" \/><\/p>\n<p>&nbsp;<\/p>\n<p>Le\u00edr\u00e1s<\/p>\n<p>Az Afrik\u00e1b\u00f3l sz\u00e1rmaz\u00f3 Fish Pepper Chili &#8211; ahogy a neve is sugallja &#8211; hal\u00e9telek finom\u00edt\u00e1s\u00e1ra szolg\u00e1l, \u00e9s t\u00e1mogatja a halak \u00e9s a tenger gy\u00fcm\u00f6lcsei finom \u00edzeit. Ez a chili k\u00fcl\u00f6n\u00f6sen dekorat\u00edv feh\u00e9r tarka leveleinek k\u00f6sz\u00f6nhet\u0151en, a chili kezdetben z\u00f6ld-feh\u00e9r cs\u00edkos, majd narancss\u00e1rga sz\u00edn\u0171 cs\u00edkokkal \u00e9rik pirosra. Amikor a chili teljesen piros, az \u00e9r\u00e9si folyamat befejez\u0151dik. Intenz\u00edv paprika\u00edz\u0171ek, k\u00f6zepesen f\u0171szeresek, nem csak halakhoz, hanem f\u0151z\u00e9shez, f\u0171szerez\u00e9shez, savany\u00edt\u00e1shoz \u00e9s friss fogyaszt\u00e1sra is alkalmasak.<\/p>\n<p>Gondoz\u00e1sa: A cs\u00edr\u00e1z\u00e1si h\u0151m\u00e9rs\u00e9klet 21 \u00e9s 28\u00b0C k\u00f6z\u00f6tt van (6-20 napos cs\u00edr\u00e1z\u00e1si id\u0151szak), ez\u00e9rt \u00fcvegh\u00e1z \u00e9s f\u0171t\u0151sz\u0151nyeg haszn\u00e1lata javasolt. A n\u00f6v\u00e9nyeknek friss, j\u00f3l tr\u00e1gy\u00e1zott, v\u00edz\u00e1tereszt\u0151 talajra van sz\u00fcks\u00e9g\u00fck, nem t\u0171rik a bevizesed\u00e9st. Napos, v\u00e9dett helyre \u00fcltess\u00fck, ahol legal\u00e1bb 6 \u00f3ra \u2013 lehet\u0151leg t\u00f6bb \u2013 napf\u00e9ny \u00e9ri. Tedd ki a n\u00f6v\u00e9nyeket kb. 2-3 h\u00e9ttel az utols\u00f3 fagy ut\u00e1n.<\/p>\n<p>Capsicum annuum t\u00edpus<br \/>\nF\u0171szeress\u00e9gi szint 4<br \/>\nScoville 1.500 &#8211; 2.500 SHU<br \/>\noptim\u00e1lis cs\u00edr\u00e1z\u00e1si h\u0151m\u00e9rs\u00e9klet 21 &#8211; 28 \u00b0C<br \/>\nVet\u00e9s jan. &#8211; \u00e1pr.<br \/>\nVir\u00e1gok feh\u00e9rek (m\u00e1jus-j\u00falius)<br \/>\nN\u00f6v\u00e9nyn\u00f6veked\u00e9si szok\u00e1s bokros, kb. 75 cm magas<br \/>\nZ\u00f6ld\/feh\u00e9rt\u0151l narancss\u00e1rg\u00e1n \u00e1t pirosig \u00e9rik<br \/>\nGy\u00fcm\u00f6lcs megjelen\u00e9se hossz\u00fa, hegyes, kb. 3 x 5 cm<br \/>\n\u00c9r\u00e9si id\u0151 80 nap<br \/>\nSz\u00e1rmaz\u00e1si hely Afrika<br \/>\nA csomag 10 szem magot tartalmaz<\/p>\n","protected":false},"featured_media":1881,"comment_status":"closed","ping_status":"closed","template":"","meta":[],"product_brand":[],"product_cat":[8],"product_tag":[],"class_list":{"0":"post-1880","1":"product","2":"type-product","3":"status-publish","4":"has-post-thumbnail","6":"product_cat-paprika","8":"first","9":"instock","10":"taxable","11":"shipping-taxable","12":"purchasable","13":"product-type-simple"},"_links":{"self":[{"href":"https:\/\/chilimag.hu\/webshop\/wp-json\/wp\/v2\/product\/1880","targetHints":{"allow":["GET"]}}],"collection":[{"href":"https:\/\/chilimag.hu\/webshop\/wp-json\/wp\/v2\/product"}],"about":[{"href":"https:\/\/chilimag.hu\/webshop\/wp-json\/wp\/v2\/types\/product"}],"replies":[{"embeddable":true,"href":"https:\/\/chilimag.hu\/webshop\/wp-json\/wp\/v2\/comments?post=1880"}],"wp:featuredmedia":[{"embeddable":true,"href":"https:\/\/chilimag.hu\/webshop\/wp-json\/wp\/v2\/media\/1881"}],"wp:attachment":[{"href":"https:\/\/chilimag.hu\/webshop\/wp-json\/wp\/v2\/media?parent=1880"}],"wp:term":[{"taxonomy":"product_brand","embeddable":true,"href":"https:\/\/chilimag.hu\/webshop\/wp-json\/wp\/v2\/product_brand?post=1880"},{"taxonomy":"product_cat","embeddable":true,"href":"https:\/\/chilimag.hu\/webshop\/wp-json\/wp\/v2\/product_cat?post=1880"},{"taxonomy":"product_tag","embeddable":true,"href":"https:\/\/chilimag.hu\/webshop\/wp-json\/wp\/v2\/product_tag?post=1880"}],"curies":[{"name":"wp","href":"https:\/\/api.w.org\/{rel}","templated":true}]}}