{"id":18796,"date":"2022-10-20T18:31:05","date_gmt":"2022-10-20T18:31:05","guid":{"rendered":"https:\/\/chilimag.hu\/webshop\/?post_type=product&#038;p=18796"},"modified":"2025-02-01T11:48:24","modified_gmt":"2025-02-01T11:48:24","slug":"orbancfu-h-ht","status":"publish","type":"product","link":"https:\/\/chilimag.hu\/webshop\/termek\/orbancfu-h-ht\/","title":{"rendered":"Orb\u00e1ncf\u0171 H HT"},"content":{"rendered":"","protected":false},"excerpt":{"rendered":"<p><img decoding=\"async\" class=\"img-responsive\" title=\"Horti Tops\" src=\"https:\/\/tuinplus.nl\/Documents\/Images\/Banners\/Horti_Tops_Roll_Over.jpg\" alt=\"Horti Tops\" \/><\/p>\n<p>Botanikai n\u00e9v:\u00a0Hypericum perforatu<\/p>\n<p>Orb\u00e1ncf\u0171<br \/>\nNy\u00e1r elej\u00e9t\u0151l ny\u00e1r k\u00f6zep\u00e9ig ny\u00edlt terepen l\u00e9v\u0151 mag\u00e1gy\u00e1sban sz\u00farjunk ki egyszer, majd \u00fcltess\u00fck ki, vagy vess\u00fck k\u00f6zvetlen\u00fcl a szabadba sorokba \u00e9s ritk\u00edtsuk. Inf\u00fazi\u00f3k\u00e9nt haszn\u00e1lhat\u00f3 a depresszi\u00f3 \u00e9s a l\u00e1z enyh\u00edt\u00e9s\u00e9re.<\/p>\n<p>&nbsp;<\/p>\n","protected":false},"featured_media":18797,"comment_status":"closed","ping_status":"closed","template":"","meta":[],"product_brand":[],"product_cat":[438],"product_tag":[],"class_list":{"0":"post-18796","1":"product","2":"type-product","3":"status-publish","4":"has-post-thumbnail","6":"product_cat-horti-tops","8":"first","9":"instock","10":"taxable","11":"shipping-taxable","12":"purchasable","13":"product-type-simple"},"_links":{"self":[{"href":"https:\/\/chilimag.hu\/webshop\/wp-json\/wp\/v2\/product\/18796","targetHints":{"allow":["GET"]}}],"collection":[{"href":"https:\/\/chilimag.hu\/webshop\/wp-json\/wp\/v2\/product"}],"about":[{"href":"https:\/\/chilimag.hu\/webshop\/wp-json\/wp\/v2\/types\/product"}],"replies":[{"embeddable":true,"href":"https:\/\/chilimag.hu\/webshop\/wp-json\/wp\/v2\/comments?post=18796"}],"wp:featuredmedia":[{"embeddable":true,"href":"https:\/\/chilimag.hu\/webshop\/wp-json\/wp\/v2\/media\/18797"}],"wp:attachment":[{"href":"https:\/\/chilimag.hu\/webshop\/wp-json\/wp\/v2\/media?parent=18796"}],"wp:term":[{"taxonomy":"product_brand","embeddable":true,"href":"https:\/\/chilimag.hu\/webshop\/wp-json\/wp\/v2\/product_brand?post=18796"},{"taxonomy":"product_cat","embeddable":true,"href":"https:\/\/chilimag.hu\/webshop\/wp-json\/wp\/v2\/product_cat?post=18796"},{"taxonomy":"product_tag","embeddable":true,"href":"https:\/\/chilimag.hu\/webshop\/wp-json\/wp\/v2\/product_tag?post=18796"}],"curies":[{"name":"wp","href":"https:\/\/api.w.org\/{rel}","templated":true}]}}