{"id":18793,"date":"2022-10-20T18:28:50","date_gmt":"2022-10-20T18:28:50","guid":{"rendered":"https:\/\/chilimag.hu\/webshop\/?post_type=product&#038;p=18793"},"modified":"2025-06-20T15:34:27","modified_gmt":"2025-06-20T15:34:27","slug":"feher-mustar-h-ht","status":"publish","type":"product","link":"https:\/\/chilimag.hu\/webshop\/termek\/feher-mustar-h-ht\/","title":{"rendered":"Feh\u00e9r Must\u00e1r H HT"},"content":{"rendered":"","protected":false},"excerpt":{"rendered":"<p><img decoding=\"async\" class=\"img-responsive\" title=\"Horti Tops\" src=\"https:\/\/tuinplus.nl\/Documents\/Images\/Banners\/Horti_Tops_Roll_Over.jpg\" alt=\"Horti Tops\" \/><\/p>\n<p>Botanikai n\u00e9v:<br \/>\nSinapis alba<\/p>\n<p>S\u00e1rga must\u00e1r<br \/>\nKora tavaszt\u00f3l kora ny\u00e1rig sorokban; h\u00edg\u00edtsuk, ha sz\u00fcks\u00e9ges. A fiatal levelek sal\u00e1t\u00e1khoz haszn\u00e1lhat\u00f3k. A magvakat p\u00e1col\u00e1shoz, majon\u00e9z k\u00e9sz\u00edt\u00e9shez, h\u00fas- \u00e9s hal\u00e9telek f\u0171szerez\u00e9s\u00e9hez haszn\u00e1lhatjuk.<\/p>\n","protected":false},"featured_media":18794,"comment_status":"closed","ping_status":"closed","template":"","meta":[],"product_brand":[],"product_cat":[438],"product_tag":[],"class_list":{"0":"post-18793","1":"product","2":"type-product","3":"status-publish","4":"has-post-thumbnail","6":"product_cat-horti-tops","8":"first","9":"outofstock","10":"taxable","11":"shipping-taxable","12":"purchasable","13":"product-type-simple"},"_links":{"self":[{"href":"https:\/\/chilimag.hu\/webshop\/wp-json\/wp\/v2\/product\/18793","targetHints":{"allow":["GET"]}}],"collection":[{"href":"https:\/\/chilimag.hu\/webshop\/wp-json\/wp\/v2\/product"}],"about":[{"href":"https:\/\/chilimag.hu\/webshop\/wp-json\/wp\/v2\/types\/product"}],"replies":[{"embeddable":true,"href":"https:\/\/chilimag.hu\/webshop\/wp-json\/wp\/v2\/comments?post=18793"}],"wp:featuredmedia":[{"embeddable":true,"href":"https:\/\/chilimag.hu\/webshop\/wp-json\/wp\/v2\/media\/18794"}],"wp:attachment":[{"href":"https:\/\/chilimag.hu\/webshop\/wp-json\/wp\/v2\/media?parent=18793"}],"wp:term":[{"taxonomy":"product_brand","embeddable":true,"href":"https:\/\/chilimag.hu\/webshop\/wp-json\/wp\/v2\/product_brand?post=18793"},{"taxonomy":"product_cat","embeddable":true,"href":"https:\/\/chilimag.hu\/webshop\/wp-json\/wp\/v2\/product_cat?post=18793"},{"taxonomy":"product_tag","embeddable":true,"href":"https:\/\/chilimag.hu\/webshop\/wp-json\/wp\/v2\/product_tag?post=18793"}],"curies":[{"name":"wp","href":"https:\/\/api.w.org\/{rel}","templated":true}]}}