{"id":18772,"date":"2022-10-19T17:44:09","date_gmt":"2022-10-19T17:44:09","guid":{"rendered":"https:\/\/chilimag.hu\/webshop\/?post_type=product&#038;p=18772"},"modified":"2024-05-12T19:07:22","modified_gmt":"2024-05-12T19:07:22","slug":"horti-tab","status":"publish","type":"product","link":"https:\/\/chilimag.hu\/webshop\/termek\/horti-tab\/","title":{"rendered":"Horti Tab 10db-os"},"content":{"rendered":"","protected":false},"excerpt":{"rendered":"<h1 class=\"text-green\"><b>HortiTab<\/b><\/h1>\n<p>A HortiTab az els\u0151 olyan olt\u00f3anyag, mely k\u00f6zvetlen\u00fcl a gy\u00f6k\u00e9r k\u00f6zel\u00e9ben fejti ki hat\u00e1s\u00e1t.<\/p>\n<p>Serkenti az anyagcser\u00e9t, t\u00e1mogatja a n\u00f6v\u00e9nyek \u00fcltet\u00e9s ut\u00e1ni fejl\u0151d\u00e9s\u00e9t, k\u00f6lts\u00e9ghat\u00e9kony m\u00f3don n\u00f6veli a term\u00e9s min\u0151s\u00e9g\u00e9t \u00e9s mennyis\u00e9g\u00e9t. Emellett er\u0151s\u00edti a n\u00f6v\u00e9ny ellen\u00e1ll\u00f3 k\u00e9pess\u00e9g\u00e9t a sz\u00e9ls\u0151s\u00e9ges k\u00f6rnyezeti hat\u00e1sokkal szemben.<\/p>\n<p><strong>ADAGOL\u00c1S<\/strong>:<br \/>\nHajtat\u00e1s: 1 tabletta\/n\u00f6v\u00e9ny<br \/>\nFacsemete: 1-2 tabletta\/n\u00f6v\u00e9ny<\/p>\n<p><strong>\u00d6SSZET\u00c9TEL:<\/strong><br \/>\n\u00f6sszes nitrog\u00e9n (N)\u00a013%<br \/>\nkarbamid-nitrog\u00e9n (N) 2%<br \/>\namm\u00f3nium-nitrog\u00e9n (N) 2%<br \/>\nkarbamid-formaldehid (N) 9%<br \/>\nmeleg v\u00edzben old\u00f3d\u00f3 karbamid-formaldehid (N) 3,1%<br \/>\nhideg v\u00edzben old\u00f3d\u00f3 karbamid-formaldehid (N)\u00a03,9%<br \/>\nfoszfor-pentoxid (P<sub>2<\/sub>O<sub>5<\/sub>) 8%<br \/>\nv\u00edzben old\u00f3d\u00f3 foszfor-pentoxid (P<sub>2<\/sub>O<sub>5<\/sub>) 5%<br \/>\nv\u00edzben old\u00f3d\u00f3 k\u00e1lium-oxid (K<sub>2<\/sub>O) 5%<\/p>\n","protected":false},"featured_media":18773,"comment_status":"closed","ping_status":"closed","template":"","meta":[],"product_brand":[],"product_cat":[391],"product_tag":[],"class_list":{"0":"post-18772","1":"product","2":"type-product","3":"status-publish","4":"has-post-thumbnail","6":"product_cat-egyeb-tapoldatok","8":"first","9":"instock","10":"taxable","11":"shipping-taxable","12":"purchasable","13":"product-type-simple"},"_links":{"self":[{"href":"https:\/\/chilimag.hu\/webshop\/wp-json\/wp\/v2\/product\/18772","targetHints":{"allow":["GET"]}}],"collection":[{"href":"https:\/\/chilimag.hu\/webshop\/wp-json\/wp\/v2\/product"}],"about":[{"href":"https:\/\/chilimag.hu\/webshop\/wp-json\/wp\/v2\/types\/product"}],"replies":[{"embeddable":true,"href":"https:\/\/chilimag.hu\/webshop\/wp-json\/wp\/v2\/comments?post=18772"}],"wp:featuredmedia":[{"embeddable":true,"href":"https:\/\/chilimag.hu\/webshop\/wp-json\/wp\/v2\/media\/18773"}],"wp:attachment":[{"href":"https:\/\/chilimag.hu\/webshop\/wp-json\/wp\/v2\/media?parent=18772"}],"wp:term":[{"taxonomy":"product_brand","embeddable":true,"href":"https:\/\/chilimag.hu\/webshop\/wp-json\/wp\/v2\/product_brand?post=18772"},{"taxonomy":"product_cat","embeddable":true,"href":"https:\/\/chilimag.hu\/webshop\/wp-json\/wp\/v2\/product_cat?post=18772"},{"taxonomy":"product_tag","embeddable":true,"href":"https:\/\/chilimag.hu\/webshop\/wp-json\/wp\/v2\/product_tag?post=18772"}],"curies":[{"name":"wp","href":"https:\/\/api.w.org\/{rel}","templated":true}]}}