{"id":18765,"date":"2022-10-19T17:29:24","date_gmt":"2022-10-19T17:29:24","guid":{"rendered":"https:\/\/chilimag.hu\/webshop\/?post_type=product&#038;p=18765"},"modified":"2026-05-06T11:24:43","modified_gmt":"2026-05-06T11:24:43","slug":"trainer-aminosav-es-glukozsavbazisu-szerves-lombtragya-2-dl","status":"publish","type":"product","link":"https:\/\/chilimag.hu\/webshop\/termek\/trainer-aminosav-es-glukozsavbazisu-szerves-lombtragya-2-dl\/","title":{"rendered":"Trainer Aminosav \u00e9s gl\u00fck\u00f3zsavb\u00e1zis\u00fa szerves lombtr\u00e1gya 2 dl"},"content":{"rendered":"","protected":false},"excerpt":{"rendered":"<h1 class=\"text-green\"><b>Trainer<\/b><\/h1>\n<p>Aminosav- \u00e9s gl\u00fck\u00f3zsavb\u00e1zis\u00fa szerves lombtr\u00e1gya, melyet 100% n\u00f6v\u00e9nyi enzimatikus hidrol\u00edzissel (s\u00f6rgy\u00e1rt\u00e1si technol\u00f3gia) \u00e1ll\u00edtanak el\u0151. A szerves nitrog\u00e9n \u00e9s aminosav kombin\u00e1ci\u00f3j\u00e1nak k\u00f6sz\u00f6nhet\u0151en kezel\u00e9s hat\u00e1s\u00e1ra a n\u00f6v\u00e9ny l\u00e1tv\u00e1nyos \u00e9s lend\u00fcletes fejl\u0151d\u00e9snek indul. Az aminosav azonnal felsz\u00edv\u00f3dik a lombon kereszt\u00fcl, \u00e9s a n\u00f6v\u00e9nyi szervekben n\u00e9h\u00e1ny \u00f3r\u00e1n bel\u00fcl kifejti hat\u00e1s\u00e1t. A szerves nitrog\u00e9n \u00e9s aminosav hat\u00e1s\u00e1ra a n\u00f6v\u00e9ny term\u00e9szetes ellen\u00e1ll\u00f3 k\u00e9pess\u00e9ge jelent\u0151sen n\u00f6vekszik. Ezen alapul a TRAINER adjuv\u00e1nsk\u00e9nt t\u00f6rt\u00e9n\u0151 alkalmaz\u00e1sa, hiszen b\u00e1rmilyen hozz\u00e1adott szert (pl. gomba\u00f6l\u0151 szer) k\u00f6nnyen bejuttat a n\u00f6v\u00e9nyi sz\u00f6vetekbe.<br \/>\nAbiotikus stresszhelyzetre (alacsony \u00e9s magas h\u0151m\u00e9rs\u00e9kletek, j\u00e9gver\u00e9s, fagy stb.) a n\u00f6v\u00e9ny regener\u00e1l\u00f3d\u00e1sa gyorsabb \u00e9s eredm\u00e9nyesebb. A kezel\u00e9seket minden esetben az esti vagy a hajnali \u00f3r\u00e1kban kell elv\u00e9gezni. A TRAINER a leggyakrabban haszn\u00e1lt n\u00f6v\u00e9nyv\u00e9d\u0151 szerekkel, m\u0171tr\u00e1gy\u00e1kkal keverhet\u0151, kiv\u00e9tel az olaj vagy olajb\u00e1zis\u00fa rovar\u00f6l\u0151, gomba\u00f6l\u0151 szerek, dodin-hat\u00f3anyag\u00fa term\u00e9kek.<\/p>\n<p><strong>ADAGOL\u00c1S:<\/strong> (lombtr\u00e1gyak\u00e9nt):<br \/>\n250-400 ml\/100 l v\u00edz (3-4 alkalommal ism\u00e9telve a n\u00f6v\u00e9ny vegetat\u00edv id\u0151szak\u00e1ban, 10-12 napos ciklusban ism\u00e9telni)<\/p>\n<p><strong>\u00d6SSZET\u00c9TEL:<\/strong><br \/>\nSzerves nitrog\u00e9n 5%<br \/>\nN\u00f6v\u00e9nyi eredet\u0171 aminosav 27%<br \/>\npH 4.4<\/p>\n","protected":false},"featured_media":18766,"comment_status":"closed","ping_status":"closed","template":"","meta":[],"product_brand":[],"product_cat":[391],"product_tag":[],"class_list":{"0":"post-18765","1":"product","2":"type-product","3":"status-publish","4":"has-post-thumbnail","6":"product_cat-egyeb-tapoldatok","8":"first","9":"instock","10":"taxable","11":"shipping-taxable","12":"purchasable","13":"product-type-simple"},"_links":{"self":[{"href":"https:\/\/chilimag.hu\/webshop\/wp-json\/wp\/v2\/product\/18765","targetHints":{"allow":["GET"]}}],"collection":[{"href":"https:\/\/chilimag.hu\/webshop\/wp-json\/wp\/v2\/product"}],"about":[{"href":"https:\/\/chilimag.hu\/webshop\/wp-json\/wp\/v2\/types\/product"}],"replies":[{"embeddable":true,"href":"https:\/\/chilimag.hu\/webshop\/wp-json\/wp\/v2\/comments?post=18765"}],"wp:featuredmedia":[{"embeddable":true,"href":"https:\/\/chilimag.hu\/webshop\/wp-json\/wp\/v2\/media\/18766"}],"wp:attachment":[{"href":"https:\/\/chilimag.hu\/webshop\/wp-json\/wp\/v2\/media?parent=18765"}],"wp:term":[{"taxonomy":"product_brand","embeddable":true,"href":"https:\/\/chilimag.hu\/webshop\/wp-json\/wp\/v2\/product_brand?post=18765"},{"taxonomy":"product_cat","embeddable":true,"href":"https:\/\/chilimag.hu\/webshop\/wp-json\/wp\/v2\/product_cat?post=18765"},{"taxonomy":"product_tag","embeddable":true,"href":"https:\/\/chilimag.hu\/webshop\/wp-json\/wp\/v2\/product_tag?post=18765"}],"curies":[{"name":"wp","href":"https:\/\/api.w.org\/{rel}","templated":true}]}}