{"id":1876,"date":"2015-10-12T06:12:12","date_gmt":"2015-10-12T06:12:12","guid":{"rendered":"https:\/\/chilimag.hu\/webshop\/?post_type=product&#038;p=1876"},"modified":"2025-08-11T09:03:42","modified_gmt":"2025-08-11T09:03:42","slug":"monkey-face-red","status":"publish","type":"product","link":"https:\/\/chilimag.hu\/webshop\/termek\/monkey-face-red\/","title":{"rendered":"Monkey face red"},"content":{"rendered":"","protected":false},"excerpt":{"rendered":"<p><img decoding=\"async\" src=\"https:\/\/chilimag.hu\/webshop\/wp-content\/uploads\/2014\/11\/chilimag-logo-2-150x150.jpg\" \/><\/p>\n<p>&nbsp;<\/p>\n<p>Le\u00edr\u00e1s<\/p>\n<p>A majomszem\u0171 chili meglehet\u0151sen kicsi n\u00f6v\u00e9s\u0171 n\u00f6v\u00e9ny, amelyet k\u00f6nny\u0171 cser\u00e9pben tartani. Nev\u00e9t megjelen\u00e9s\u00e9nek k\u00f6sz\u00f6nheti, amely \u00e1ll\u00edt\u00f3lag egy majom arc\u00e1t vagy egy \u00fcl\u0151 helyzetben l\u00e9v\u0151 majmot id\u00e9z. A paprika megny\u00falt, hegyes cs\u00facsra n\u0151, keresztir\u00e1ny\u00fa red\u0151vel.<\/p>\n<p>A k\u00f6r\u00fclbel\u00fcl 8 cm hossz\u00fa chili z\u00f6ldb\u0151l ragyog\u00f3 piros \u00e9rik. Kiv\u00e9telesen egzotikus, gy\u00fcm\u00f6lcs\u00f6s \u00edz\u00fck van, \u00a0finom illat\u00e1val \u00e9s \u00edz\u00e9vel, valamint k\u00f6zepesen f\u0171szeres h\u0151vel. Nagyon \u00e9rdekes, otthoni termeszt\u00e9sre alkalmas fajta, amely nem csak j\u00f3l n\u00e9z ki, de egzotikus \u00edz\u0171 is.<\/p>\n<p>Gondoz\u00e1sa: A cs\u00edr\u00e1z\u00e1si h\u0151m\u00e9rs\u00e9klet 20\u00b0C \u00e9s 28\u00b0C k\u00f6z\u00f6tt van (cs\u00edr\u00e1z\u00e1si id\u0151: 7-20 nap); ez\u00e9rt \u00fcvegh\u00e1z \u00e9s f\u0171t\u0151sz\u0151nyeg haszn\u00e1lata javasolt. A n\u00f6v\u00e9nyeknek friss, j\u00f3l tr\u00e1gy\u00e1zott, v\u00edz\u00e1tereszt\u0151 talajra van sz\u00fcks\u00e9g\u00fck, nem t\u0171rik a bevizesed\u00e9st. Napos, v\u00e9dett helyre kell helyezni, ahol legal\u00e1bb 6 \u00f3ra napf\u00e9ny \u2013 lehet\u0151leg t\u00f6bb. Tedd ki a n\u00f6v\u00e9nyeket kb. 2-3 h\u00e9ttel az utols\u00f3 fagy ut\u00e1n.<\/p>\n<p>Capsicum annuum t\u00edpus<br \/>\nF\u0171szerszint 5<br \/>\nScoville 2500 &#8211; 5000 SHU<br \/>\nOptim\u00e1lis cs\u00edr\u00e1z\u00e1si h\u0151m\u00e9rs\u00e9klet 20 &#8211; 28 \u00b0C<br \/>\nVet\u00e9s febru\u00e1r &#8211; \u00e1pr<br \/>\nFeh\u00e9r vir\u00e1gok (m\u00e1jus-augusztus)<br \/>\nN\u00f6veked\u00e9si szok\u00e1sa Bokros, 40-60 cm magas<br \/>\n\u00c9rlel\u00e9s Z\u00f6ldt\u0151l s\u00e1rg\u00e1ig<br \/>\nGy\u00fcm\u00f6lcs megjelen\u00e9se Hossz\u00fak\u00e1s, hajtogatott, hegyes alak\u00fa, kb. 3 x 8 cm<br \/>\n\u00c9rlel\u00e9si id\u0151 80-90 nap<br \/>\nA csomag 10 szem magot tartalmaz<\/p>\n","protected":false},"featured_media":1877,"comment_status":"closed","ping_status":"closed","template":"","meta":[],"product_brand":[],"product_cat":[8],"product_tag":[],"class_list":{"0":"post-1876","1":"product","2":"type-product","3":"status-publish","4":"has-post-thumbnail","6":"product_cat-paprika","8":"first","9":"instock","10":"taxable","11":"shipping-taxable","12":"purchasable","13":"product-type-simple"},"_links":{"self":[{"href":"https:\/\/chilimag.hu\/webshop\/wp-json\/wp\/v2\/product\/1876","targetHints":{"allow":["GET"]}}],"collection":[{"href":"https:\/\/chilimag.hu\/webshop\/wp-json\/wp\/v2\/product"}],"about":[{"href":"https:\/\/chilimag.hu\/webshop\/wp-json\/wp\/v2\/types\/product"}],"replies":[{"embeddable":true,"href":"https:\/\/chilimag.hu\/webshop\/wp-json\/wp\/v2\/comments?post=1876"}],"wp:featuredmedia":[{"embeddable":true,"href":"https:\/\/chilimag.hu\/webshop\/wp-json\/wp\/v2\/media\/1877"}],"wp:attachment":[{"href":"https:\/\/chilimag.hu\/webshop\/wp-json\/wp\/v2\/media?parent=1876"}],"wp:term":[{"taxonomy":"product_brand","embeddable":true,"href":"https:\/\/chilimag.hu\/webshop\/wp-json\/wp\/v2\/product_brand?post=1876"},{"taxonomy":"product_cat","embeddable":true,"href":"https:\/\/chilimag.hu\/webshop\/wp-json\/wp\/v2\/product_cat?post=1876"},{"taxonomy":"product_tag","embeddable":true,"href":"https:\/\/chilimag.hu\/webshop\/wp-json\/wp\/v2\/product_tag?post=1876"}],"curies":[{"name":"wp","href":"https:\/\/api.w.org\/{rel}","templated":true}]}}