{"id":18751,"date":"2022-10-18T18:58:04","date_gmt":"2022-10-18T18:58:04","guid":{"rendered":"https:\/\/chilimag.hu\/webshop\/?post_type=product&#038;p=18751"},"modified":"2023-07-19T04:59:06","modified_gmt":"2023-07-19T04:59:06","slug":"fitohorm-kiskert-1-l","status":"publish","type":"product","link":"https:\/\/chilimag.hu\/webshop\/termek\/fitohorm-kiskert-1-l\/","title":{"rendered":"Fitohorm Kiskert 1 L"},"content":{"rendered":"","protected":false},"excerpt":{"rendered":"<p>A Fitohorm Kiskert<\/p>\n<p>haszn\u00e1lat\u00e1val a talajb\u00f3l nem, vagy nehezen felvehet\u0151 mikroelemeket p\u00f3tolhatjuk.<\/p>\n<p>A n\u00f6v\u00e9nyek z\u00f6ldebb\u00e9 v\u00e1lnak, ellen\u00e1ll\u00f3bbak lesznek a k\u00fcl\u00f6nb\u00f6z\u0151 gomb\u00e1s fert\u0151z\u00e9sekkel szemben, jobban t\u0171rik az id\u0151j\u00e1r\u00e1si sz\u00e9ls\u0151s\u00e9geket.<\/p>\n<p>Seg\u00edt a gy\u00fcm\u00f6lcs\u00f6k, z\u00f6lds\u00e9gek zamatos term\u00e9s\u00e9nek kialakul\u00e1s\u00e1ban. Az esszenci\u00e1lis mikroelemek p\u00f3tl\u00e1s\u00e1nak hi\u00e1ny\u00e1ban a n\u00f6v\u00e9nyek fejl\u0151d\u00e9se satnyul, \u00f6sszeesik, \u00e9s lass\u00fa pusztul\u00e1snak indulnak.<\/p>\n<p>EK-m\u0171tr\u00e1gya<br \/>\nKel\u00e1tk\u00e9pz\u0151: EDDHSA<\/p>\n<p>\u00d6sszet\u00e9tel \u00e9s felhaszn\u00e1l\u00e1si javaslat:<\/p>\n<div class=\"elementor-column elementor-col-33 elementor-top-column elementor-element elementor-element-23ddfdf\" data-id=\"23ddfdf\" data-element_type=\"column\">\n<div class=\"elementor-column-wrap elementor-element-populated\">\n<div class=\"elementor-widget-wrap\">\n<div class=\"elementor-element elementor-element-493667d elementor-widget elementor-widget-text-editor animated fadeIn\" data-id=\"493667d\" data-element_type=\"widget\" data-settings=\"{&quot;_animation&quot;:&quot;fadeIn&quot;}\" data-widget_type=\"text-editor.default\">\n<div class=\"elementor-widget-container\">\n<div class=\"elementor-text-editor elementor-clearfix\">\n<p>Fe: 1,8<br \/>\nMn: 0,37<br \/>\nCu: 1,45<br \/>\nZn: 0,2<br \/>\nB: 0,26<br \/>\nMo: 0,04<\/p>\n<\/div>\n<\/div>\n<\/div>\n<\/div>\n<\/div>\n<\/div>\n<div class=\"elementor-column elementor-col-33 elementor-top-column elementor-element elementor-element-f0a9ec1\" data-id=\"f0a9ec1\" data-element_type=\"column\">\n<div class=\"elementor-column-wrap elementor-element-populated\">\n<div class=\"elementor-widget-wrap\">\n<div class=\"elementor-element elementor-element-90e005a elementor-icon-list--layout-traditional elementor-list-item-link-full_width elementor-widget elementor-widget-icon-list\" data-id=\"90e005a\" data-element_type=\"widget\" data-widget_type=\"icon-list.default\">\n<div class=\"elementor-widget-container\">\n<p><i class=\"fas fa-check\" aria-hidden=\"true\"><\/i><span class=\"elementor-icon-list-text\">Felv\u00e9tele a veget\u00e1ci\u00f3 kezdet\u00e9n a legintenz\u00edvebb,<\/span><\/p>\n<p><i class=\"fas fa-check\" aria-hidden=\"true\"><\/i><span class=\"elementor-icon-list-text\">nagym\u00e9rt\u00e9kben jav\u00edtja a t\u00e9l\u00e1ll\u00f3s\u00e1got,<\/span><\/p>\n<p><i class=\"fas fa-check\" aria-hidden=\"true\"><\/i><span class=\"elementor-icon-list-text\">hi\u00e1ny\u00e1ban cs\u00f6kken a megterm\u00e9keny\u00fcl\u00e9s \u00e9s akad\u00e1lyozott a k\u00f6t\u0151d\u00e9s.<\/span><\/p>\n<\/div>\n<\/div>\n<\/div>\n<\/div>\n<\/div>\n<p>&nbsp;<\/p>\n","protected":false},"featured_media":18752,"comment_status":"closed","ping_status":"closed","template":"","meta":[],"product_brand":[],"product_cat":[389],"product_tag":[],"class_list":{"0":"post-18751","1":"product","2":"type-product","3":"status-publish","4":"has-post-thumbnail","6":"product_cat-fitohorm","8":"first","9":"instock","10":"taxable","11":"shipping-taxable","12":"purchasable","13":"product-type-simple"},"_links":{"self":[{"href":"https:\/\/chilimag.hu\/webshop\/wp-json\/wp\/v2\/product\/18751","targetHints":{"allow":["GET"]}}],"collection":[{"href":"https:\/\/chilimag.hu\/webshop\/wp-json\/wp\/v2\/product"}],"about":[{"href":"https:\/\/chilimag.hu\/webshop\/wp-json\/wp\/v2\/types\/product"}],"replies":[{"embeddable":true,"href":"https:\/\/chilimag.hu\/webshop\/wp-json\/wp\/v2\/comments?post=18751"}],"wp:featuredmedia":[{"embeddable":true,"href":"https:\/\/chilimag.hu\/webshop\/wp-json\/wp\/v2\/media\/18752"}],"wp:attachment":[{"href":"https:\/\/chilimag.hu\/webshop\/wp-json\/wp\/v2\/media?parent=18751"}],"wp:term":[{"taxonomy":"product_brand","embeddable":true,"href":"https:\/\/chilimag.hu\/webshop\/wp-json\/wp\/v2\/product_brand?post=18751"},{"taxonomy":"product_cat","embeddable":true,"href":"https:\/\/chilimag.hu\/webshop\/wp-json\/wp\/v2\/product_cat?post=18751"},{"taxonomy":"product_tag","embeddable":true,"href":"https:\/\/chilimag.hu\/webshop\/wp-json\/wp\/v2\/product_tag?post=18751"}],"curies":[{"name":"wp","href":"https:\/\/api.w.org\/{rel}","templated":true}]}}