{"id":18739,"date":"2022-10-16T18:50:31","date_gmt":"2022-10-16T18:50:31","guid":{"rendered":"https:\/\/chilimag.hu\/webshop\/?post_type=product&#038;p=18739"},"modified":"2026-01-06T11:09:44","modified_gmt":"2026-01-06T11:09:44","slug":"naga-morich","status":"publish","type":"product","link":"https:\/\/chilimag.hu\/webshop\/termek\/naga-morich\/","title":{"rendered":"Naga Morich M-S"},"content":{"rendered":"","protected":false},"excerpt":{"rendered":"<p><img decoding=\"async\" src=\"https:\/\/chilimag.hu\/webshop\/wp-content\/uploads\/2014\/11\/chilimag-logo-2-150x150.jpg\" \/><\/p>\n<p>&nbsp;<\/p>\n<p>Le\u00edr\u00e1s<\/p>\n<p>A bhut joloki\u00e1hoz hasonl\u00f3an a naga morich red chili is India \u00e9szakkeleti r\u00e9sz\u00e9b\u0151l \u00e9s Bangladesb\u0151l sz\u00e1rmazik. A bhut jolokia chili region\u00e1lis fajt\u00e1ja, \u00e9s nagyon hasonl\u00f3 alakja, megjelen\u00e9se, \u00edze \u00e9s f\u0171szeress\u00e9ge. Alig tal\u00e1ltunk k\u00fcl\u00f6nbs\u00e9get az egykori vil\u00e1gcs\u00facstart\u00f3 \u00e9s tesztfajt\u00e1ink k\u00f6z\u00f6tt. A naga morich red chili azonban l\u00e9nyegesen t\u00f6bb chili paprik\u00e1t tartalmaz, mint a bhut jolokia, \u00e9s ezek valamivel kisebbek.<\/p>\n<p>Az \u00e9l\u00e9nkpiros gy\u00fcm\u00f6lcs\u00f6k megny\u00faltak, fel\u00fclet\u00fck egyenetlen. Optim\u00e1lis k\u00f6r\u00fclm\u00e9nyek k\u00f6z\u00f6tt termesztve a fajta el\u00e9rheti az 1 milli\u00f3 h\u0151egys\u00e9g Scoville min\u0151s\u00edt\u00e9s\u00e9t. N\u00f6veked\u00e9s\u00fck sor\u00e1n nagy meleget ig\u00e9nyelnek, ugyanakkor a paprika nagyon hossz\u00fa \u00e9rlel\u00e9si peri\u00f3dus\u00fa, vagyis k\u00f6r\u00fclbel\u00fcl 160 nap telhet el a magok el\u00fcltet\u00e9se \u00e9s a term\u00e9s betakar\u00edt\u00e1sa k\u00f6z\u00f6tt.<\/p>\n<p>Gondoz\u00e1sa: A cs\u00edr\u00e1z\u00e1si h\u0151m\u00e9rs\u00e9klet 26\u00b0C \u00e9s 32\u00b0C k\u00f6z\u00f6tt van (cs\u00edr\u00e1z\u00e1si id\u0151: 10-21 nap); ez\u00e9rt \u00fcvegh\u00e1z \u00e9s f\u0171t\u0151sz\u0151nyeg haszn\u00e1lata javasolt. A n\u00f6v\u00e9nyeknek friss, j\u00f3l tr\u00e1gy\u00e1zott, v\u00edz\u00e1tereszt\u0151 talajra van sz\u00fcks\u00e9g\u00fck, nem t\u0171rik a bevizesed\u00e9st. Napos, v\u00e9dett helyre \u00fcltess\u00fck, ahol legal\u00e1bb 6 \u00f3ra \u2013 lehet\u0151leg t\u00f6bb \u2013 napf\u00e9ny \u00e9ri. Mivel a n\u00f6v\u00e9nyeknek k\u00fcl\u00f6n\u00f6sen hossz\u00fa az \u00e9r\u00e9si ideje, \u00e9rdemes cser\u00e9pben termeszteni \u0151ket, \u00edgy a napk\u00f6zbeni h\u0151m\u00e9rs\u00e9klet 12\u00b0C al\u00e1 s\u00fcllyed\u00e9sekor k\u00f6nnyen be lehet vinni a n\u00f6v\u00e9nyt, \u00edgy minden gy\u00fcm\u00f6lcs be\u00e9rik. Ahhoz, hogy a n\u00f6v\u00e9nyt t\u00e9len is meg\u0151rizze, betakar\u00edt\u00e1s ut\u00e1n v\u00e1gja vissza 20 cm-rel, \u00e9s tegye vil\u00e1gos helyre, ahol legal\u00e1bb 15\u00b0C h\u0151m\u00e9rs\u00e9klet\u0171.<\/p>\n<p>T\u00edpus: Capsicum chinense<br \/>\nF\u0171szerszint 10+<br \/>\nScoville Ak\u00e1r 1 milli\u00f3 SHU<br \/>\nOptim\u00e1lis cs\u00edr\u00e1z\u00e1si h\u0151m\u00e9rs\u00e9klet 26 &#8211; 32 \u00b0C<br \/>\nVet\u00e9s dec \u2013 \u00e1pr<br \/>\nFeh\u00e9r vir\u00e1gok (j\u00fan-augusztus)<br \/>\nN\u00f6veked\u00e9si szok\u00e1s Bokros, kb. 80-100 cm magas<br \/>\n\u00c9rlel\u00e9s Z\u00f6ldt\u0151l v\u00f6r\u00f6sig<br \/>\nGy\u00fcm\u00f6lcs megjelen\u00e9se Hossz\u00fak\u00e1s, hegyes alak\u00fa, \u00e9rdes fel\u00fclet\u0171, kb. 2 x 6 cm<br \/>\n\u00c9rlel\u00e9si id\u0151 100-120 nap<br \/>\nSz\u00e1rmaz\u00e1si hely India<\/p>\n<p>&nbsp;<\/p>\n<p>A csomag 10 szem magot tartalmaz<\/p>\n","protected":false},"featured_media":18740,"comment_status":"closed","ping_status":"closed","template":"","meta":[],"product_brand":[],"product_cat":[8],"product_tag":[],"class_list":{"0":"post-18739","1":"product","2":"type-product","3":"status-publish","4":"has-post-thumbnail","6":"product_cat-paprika","8":"first","9":"instock","10":"sale","11":"taxable","12":"shipping-taxable","13":"purchasable","14":"product-type-simple"},"_links":{"self":[{"href":"https:\/\/chilimag.hu\/webshop\/wp-json\/wp\/v2\/product\/18739","targetHints":{"allow":["GET"]}}],"collection":[{"href":"https:\/\/chilimag.hu\/webshop\/wp-json\/wp\/v2\/product"}],"about":[{"href":"https:\/\/chilimag.hu\/webshop\/wp-json\/wp\/v2\/types\/product"}],"replies":[{"embeddable":true,"href":"https:\/\/chilimag.hu\/webshop\/wp-json\/wp\/v2\/comments?post=18739"}],"wp:featuredmedia":[{"embeddable":true,"href":"https:\/\/chilimag.hu\/webshop\/wp-json\/wp\/v2\/media\/18740"}],"wp:attachment":[{"href":"https:\/\/chilimag.hu\/webshop\/wp-json\/wp\/v2\/media?parent=18739"}],"wp:term":[{"taxonomy":"product_brand","embeddable":true,"href":"https:\/\/chilimag.hu\/webshop\/wp-json\/wp\/v2\/product_brand?post=18739"},{"taxonomy":"product_cat","embeddable":true,"href":"https:\/\/chilimag.hu\/webshop\/wp-json\/wp\/v2\/product_cat?post=18739"},{"taxonomy":"product_tag","embeddable":true,"href":"https:\/\/chilimag.hu\/webshop\/wp-json\/wp\/v2\/product_tag?post=18739"}],"curies":[{"name":"wp","href":"https:\/\/api.w.org\/{rel}","templated":true}]}}