{"id":18732,"date":"2022-10-16T18:41:50","date_gmt":"2022-10-16T18:41:50","guid":{"rendered":"https:\/\/chilimag.hu\/webshop\/?post_type=product&#038;p=18732"},"modified":"2025-08-11T07:50:46","modified_gmt":"2025-08-11T07:50:46","slug":"bih-jolokia","status":"publish","type":"product","link":"https:\/\/chilimag.hu\/webshop\/termek\/bih-jolokia\/","title":{"rendered":"Bih Jolokia"},"content":{"rendered":"","protected":false},"excerpt":{"rendered":"<p><img decoding=\"async\" src=\"https:\/\/chilimag.hu\/webshop\/wp-content\/uploads\/2014\/11\/chilimag-logo-2-150x150.jpg\" \/><\/p>\n<p>Le\u00edr\u00e1s:<\/p>\n<p>Capsicum chinense<\/p>\n<p>Scouville:1.000.000-<\/p>\n<p>A Bih Jolokia Indi\u00e1b\u00f3l sz\u00e1rmazik, \u00e9s j\u00f3l ismert rendk\u00edv\u00fcli h\u0151s\u00e9g\u00e9r\u0151l \u00e9s \u00edzeir\u0151l. A Naga csal\u00e1dhoz tartozik, \u00e9s n\u00e9h\u00e1nyan Ghost Chillinek h\u00edvj\u00e1k.<\/p>\n<p>A n\u00f6v\u00e9nyek j\u00f3val 1 m\u00e9ter f\u00f6l\u00e9 n\u0151nek, \u00e9s csod\u00e1latos termel\u0151k. A h\u00fcvelyek vil\u00e1gosz\u00f6ld sz\u00edn\u0171ek, \u00e9s teljesen \u00e9retten sz\u00e9p vagy \u00e9l\u00e9nkv\u00f6r\u00f6s sz\u00edn\u0171v\u00e9 v\u00e1lnak. A Bih Joloki\u00e1t haszn\u00e1ljuk a NagaKarry sz\u00f3szunkban.<\/p>\n<p>\u00cdz: \u00cdze nagyon hasonl\u00edt a Bhut Joloki\u00e1hoz, \u00e9desebb, kicsit kevesebb keser\u0171 bhut \u00edzzel<\/p>\n<p>Gondoz\u00e1sa:A cs\u00edr\u00e1z\u00e1si h\u0151m\u00e9rs\u00e9klet 22\u00b0C \u00e9s 28\u00b0C k\u00f6z\u00f6tt van (cs\u00edr\u00e1z\u00e1si id\u0151: 8-21 nap); ez\u00e9rt \u00fcvegh\u00e1z \u00e9s f\u0171t\u0151sz\u0151nyeg haszn\u00e1lata javasolt. A n\u00f6v\u00e9nyeknek friss, j\u00f3l tr\u00e1gy\u00e1zott, v\u00edz\u00e1tereszt\u0151 talajra van sz\u00fcks\u00e9g\u00fck, nem t\u0171rik a bevizesed\u00e9st. Napos, v\u00e9dett helyre \u00fcltess\u00fck, ahol legal\u00e1bb 6 \u00f3ra \u2013 lehet\u0151leg t\u00f6bb \u2013 napf\u00e9ny \u00e9ri. Tedd ki a n\u00f6v\u00e9nyeket kb. 2-3 h\u00e9ttel az utols\u00f3 fagy ut\u00e1n. Mivel a n\u00f6v\u00e9nyeknek k\u00fcl\u00f6n\u00f6sen hossz\u00fa az \u00e9r\u00e9si ideje, \u00e9rdemes cser\u00e9pben termeszteni \u0151ket, \u00edgy a napk\u00f6zbeni h\u0151m\u00e9rs\u00e9klet 12\u00b0C al\u00e1 s\u00fcllyed\u00e9sekor k\u00f6nnyen be lehet vinni a n\u00f6v\u00e9nyt, \u00edgy minden gy\u00fcm\u00f6lcs be\u00e9rik. Ahhoz, hogy a n\u00f6v\u00e9nyt t\u00e9len is meg\u0151rizze, betakar\u00edt\u00e1s ut\u00e1n v\u00e1gja vissza 20 cm-rel, \u00e9s tegye vil\u00e1gos helyre, ahol legal\u00e1bb 15\u00b0C h\u0151m\u00e9rs\u00e9klet\u0171.<\/p>\n<p>A csomag 10 szem magot tartalmaz<\/p>\n","protected":false},"featured_media":18733,"comment_status":"closed","ping_status":"closed","template":"","meta":[],"product_brand":[],"product_cat":[8],"product_tag":[],"class_list":{"0":"post-18732","1":"product","2":"type-product","3":"status-publish","4":"has-post-thumbnail","6":"product_cat-paprika","8":"first","9":"instock","10":"taxable","11":"shipping-taxable","12":"purchasable","13":"product-type-simple"},"_links":{"self":[{"href":"https:\/\/chilimag.hu\/webshop\/wp-json\/wp\/v2\/product\/18732","targetHints":{"allow":["GET"]}}],"collection":[{"href":"https:\/\/chilimag.hu\/webshop\/wp-json\/wp\/v2\/product"}],"about":[{"href":"https:\/\/chilimag.hu\/webshop\/wp-json\/wp\/v2\/types\/product"}],"replies":[{"embeddable":true,"href":"https:\/\/chilimag.hu\/webshop\/wp-json\/wp\/v2\/comments?post=18732"}],"wp:featuredmedia":[{"embeddable":true,"href":"https:\/\/chilimag.hu\/webshop\/wp-json\/wp\/v2\/media\/18733"}],"wp:attachment":[{"href":"https:\/\/chilimag.hu\/webshop\/wp-json\/wp\/v2\/media?parent=18732"}],"wp:term":[{"taxonomy":"product_brand","embeddable":true,"href":"https:\/\/chilimag.hu\/webshop\/wp-json\/wp\/v2\/product_brand?post=18732"},{"taxonomy":"product_cat","embeddable":true,"href":"https:\/\/chilimag.hu\/webshop\/wp-json\/wp\/v2\/product_cat?post=18732"},{"taxonomy":"product_tag","embeddable":true,"href":"https:\/\/chilimag.hu\/webshop\/wp-json\/wp\/v2\/product_tag?post=18732"}],"curies":[{"name":"wp","href":"https:\/\/api.w.org\/{rel}","templated":true}]}}