{"id":18721,"date":"2022-10-15T06:02:40","date_gmt":"2022-10-15T06:02:40","guid":{"rendered":"https:\/\/chilimag.hu\/webshop\/?post_type=product&#038;p=18721"},"modified":"2024-11-04T16:25:27","modified_gmt":"2024-11-04T16:25:27","slug":"tok-termesztet-tok-disztok-baby-moon-f1-b-s","status":"publish","type":"product","link":"https:\/\/chilimag.hu\/webshop\/termek\/tok-termesztet-tok-disztok-baby-moon-f1-b-s\/","title":{"rendered":"Baby Moon F1  T\u00f6k B-S"},"content":{"rendered":"","protected":false},"excerpt":{"rendered":"<p><img decoding=\"async\" src=\"https:\/\/chilimag.hu\/webshop\/wp-content\/uploads\/2022\/10\/bobby-seeds-test-logo-150x150.png\" \/><\/p>\n<p>Term\u00e9kinform\u00e1ci\u00f3 \u201eBaby Moon F1 PMT\u201d<\/p>\n<p>Nagyon egys\u00e9ges feh\u00e9r t\u00f6k, 2-3 kg t\u00f6meg\u0171, kompakt termeszt\u00e9s\u0171, j\u00f3 hozam\u00fa. A feh\u00e9r t\u00f6k\u00f6t \u00e9retten s\u00f6t\u00e9tben kell t\u00e1rolni, hogy ne s\u00e1rguljon t\u00fal gyorsan a napf\u00e9nyt\u0151l. Pen\u00e9szt\u0171r\u0151, ez itt k\u00e9s\u0151bb fordul el\u0151.<\/p>\n<p>Cucurbita pepo<br \/>\nAz \u00e9r\u00e9si id\u0151 k\u00f6r\u00fclbel\u00fcl 95 nap<br \/>\nA Baby Moon F1 bokrosra \u00e9s kompaktra n\u0151<br \/>\nA Baby Moon F1 csak r\u00e9szben alkalmas t\u00f6knek<br \/>\nA s\u00fct\u0151t\u00f6k j\u00f3l fejl\u0151dik meleg, j\u00f3 v\u00edzelvezet\u00e9s\u0171 talajban, el\u0151kult\u00far\u00e1ban \u00e9s \u00fcltet\u00e9sben \u00e1prilis v\u00e9gi vet\u00e9ssel vagy m\u00e1jus elej\u00e9t\u0151l k\u00f6zvetlen vet\u00e9ssel.<\/p>\n<p>A Baby Moon F1 sz\u00e1m\u00e1ra n\u00f6v\u00e9nyenk\u00e9nt k\u00f6r\u00fclbel\u00fcl 1 n\u00e9gyzetm\u00e9tert aj\u00e1nlunk.<\/p>\n<p>Lehets\u00e9ges k\u00e1rtev\u0151k: csig\u00e1k, madarak, egerek, tetvek, lisztharmat, v\u00edrus<\/p>\n<p>A csomag 10 szem magot tartalmaz<\/p>\n","protected":false},"featured_media":18722,"comment_status":"closed","ping_status":"closed","template":"","meta":[],"product_brand":[],"product_cat":[345],"product_tag":[],"class_list":{"0":"post-18721","1":"product","2":"type-product","3":"status-publish","4":"has-post-thumbnail","6":"product_cat-suto-fozo-es-disztokok","8":"first","9":"instock","10":"sale","11":"taxable","12":"shipping-taxable","13":"purchasable","14":"product-type-simple"},"_links":{"self":[{"href":"https:\/\/chilimag.hu\/webshop\/wp-json\/wp\/v2\/product\/18721","targetHints":{"allow":["GET"]}}],"collection":[{"href":"https:\/\/chilimag.hu\/webshop\/wp-json\/wp\/v2\/product"}],"about":[{"href":"https:\/\/chilimag.hu\/webshop\/wp-json\/wp\/v2\/types\/product"}],"replies":[{"embeddable":true,"href":"https:\/\/chilimag.hu\/webshop\/wp-json\/wp\/v2\/comments?post=18721"}],"wp:featuredmedia":[{"embeddable":true,"href":"https:\/\/chilimag.hu\/webshop\/wp-json\/wp\/v2\/media\/18722"}],"wp:attachment":[{"href":"https:\/\/chilimag.hu\/webshop\/wp-json\/wp\/v2\/media?parent=18721"}],"wp:term":[{"taxonomy":"product_brand","embeddable":true,"href":"https:\/\/chilimag.hu\/webshop\/wp-json\/wp\/v2\/product_brand?post=18721"},{"taxonomy":"product_cat","embeddable":true,"href":"https:\/\/chilimag.hu\/webshop\/wp-json\/wp\/v2\/product_cat?post=18721"},{"taxonomy":"product_tag","embeddable":true,"href":"https:\/\/chilimag.hu\/webshop\/wp-json\/wp\/v2\/product_tag?post=18721"}],"curies":[{"name":"wp","href":"https:\/\/api.w.org\/{rel}","templated":true}]}}