{"id":18719,"date":"2022-10-15T05:56:29","date_gmt":"2022-10-15T05:56:29","guid":{"rendered":"https:\/\/chilimag.hu\/webshop\/?post_type=product&#038;p=18719"},"modified":"2024-09-22T19:26:50","modified_gmt":"2024-09-22T19:26:50","slug":"tok-sutotok-queensland-blue-b-s","status":"publish","type":"product","link":"https:\/\/chilimag.hu\/webshop\/termek\/tok-sutotok-queensland-blue-b-s\/","title":{"rendered":"Queensland Blue  T\u00f6k B-S"},"content":{"rendered":"","protected":false},"excerpt":{"rendered":"<p><img decoding=\"async\" src=\"https:\/\/chilimag.hu\/webshop\/wp-content\/uploads\/2022\/10\/bobby-seeds-test-logo-150x150.png\" \/><\/p>\n<p>Term\u00e9kinform\u00e1ci\u00f3 &#8222;Queensland Blue&#8221;<\/p>\n<p>Szokatlan forma, szinte egyenes oldalak<\/p>\n<p>A Queensland Blue sz\u00fcrk\u00e9t\u0151l a s\u00f6t\u00e9tsz\u00fcrk\u00e9ig terjed\u0151 gy\u00fcm\u00f6lcs\u00f6ket hoz, amelyek sz\u00edne n\u00e9mileg v\u00e1ltozik. A gy\u00fcm\u00f6lcs\u00f6k s\u00falya k\u00f6r\u00fclbel\u00fcl 2-4 kg, \u00e9s kiv\u00e1l\u00f3 t\u00f6k\u00f6k. Felt\u0171n\u0151 form\u00e1ja miatt ez a fajta dekor\u00e1ci\u00f3k\u00e9nt is nagyon n\u00e9pszer\u0171.<\/p>\n<p>maxim\u00e1lis<br \/>\n\u00c9rlel\u00e9si id\u0151: 115 nap<br \/>\nRang viselked\u00e9s buja<br \/>\nKiv\u00e1l\u00f3 squash<br \/>\nEz a fajta sok meleget ig\u00e9nyel, ez\u00e9rt el\u0151 kell termeszteni. A legfeljebb 110 napos \u00e9r\u00e9si idej\u0171 fajt\u00e1k azt\u00e1n a hideg vid\u00e9keken is j\u00f3l fejl\u0151dnek.<\/p>\n<p>A s\u00fct\u0151t\u00f6k \u00fcltet\u00e9si t\u00e1vols\u00e1ga a m\u00e1sz\u00e1si viselked\u00e9st\u0151l f\u00fcgg<\/p>\n<p>Lehets\u00e9ges k\u00e1rtev\u0151k: csig\u00e1k, madarak, egerek, tetvek, lisztharmat, v\u00edrus<\/p>\n<p>A csomag 10 szem magot tartalmaz<\/p>\n","protected":false},"featured_media":18720,"comment_status":"closed","ping_status":"closed","template":"","meta":[],"product_brand":[],"product_cat":[345],"product_tag":[],"class_list":{"0":"post-18719","1":"product","2":"type-product","3":"status-publish","4":"has-post-thumbnail","6":"product_cat-suto-fozo-es-disztokok","8":"first","9":"instock","10":"taxable","11":"shipping-taxable","12":"purchasable","13":"product-type-simple"},"_links":{"self":[{"href":"https:\/\/chilimag.hu\/webshop\/wp-json\/wp\/v2\/product\/18719","targetHints":{"allow":["GET"]}}],"collection":[{"href":"https:\/\/chilimag.hu\/webshop\/wp-json\/wp\/v2\/product"}],"about":[{"href":"https:\/\/chilimag.hu\/webshop\/wp-json\/wp\/v2\/types\/product"}],"replies":[{"embeddable":true,"href":"https:\/\/chilimag.hu\/webshop\/wp-json\/wp\/v2\/comments?post=18719"}],"wp:featuredmedia":[{"embeddable":true,"href":"https:\/\/chilimag.hu\/webshop\/wp-json\/wp\/v2\/media\/18720"}],"wp:attachment":[{"href":"https:\/\/chilimag.hu\/webshop\/wp-json\/wp\/v2\/media?parent=18719"}],"wp:term":[{"taxonomy":"product_brand","embeddable":true,"href":"https:\/\/chilimag.hu\/webshop\/wp-json\/wp\/v2\/product_brand?post=18719"},{"taxonomy":"product_cat","embeddable":true,"href":"https:\/\/chilimag.hu\/webshop\/wp-json\/wp\/v2\/product_cat?post=18719"},{"taxonomy":"product_tag","embeddable":true,"href":"https:\/\/chilimag.hu\/webshop\/wp-json\/wp\/v2\/product_tag?post=18719"}],"curies":[{"name":"wp","href":"https:\/\/api.w.org\/{rel}","templated":true}]}}