{"id":18714,"date":"2022-10-15T05:48:48","date_gmt":"2022-10-15T05:48:48","guid":{"rendered":"https:\/\/chilimag.hu\/webshop\/?post_type=product&#038;p=18714"},"modified":"2026-04-08T03:14:10","modified_gmt":"2026-04-08T03:14:10","slug":"sargadinnye-kajari-b-s","status":"publish","type":"product","link":"https:\/\/chilimag.hu\/webshop\/termek\/sargadinnye-kajari-b-s\/","title":{"rendered":"S\u00e1rgadinnye Kajari B-S"},"content":{"rendered":"","protected":false},"excerpt":{"rendered":"<p>Term\u00e9kinform\u00e1ci\u00f3 &#8222;Kajari Sugar Melon&#8221;<\/p>\n<p>Nagyon dekorat\u00edv, m\u00e9gis finom ritkas\u00e1g<\/p>\n<p>A Kajari egy gy\u00f6ny\u00f6r\u0171, sz\u00ednes kis dinnye, amely eredetileg Indi\u00e1b\u00f3l sz\u00e1rmazik. El\u00e9g kor\u00e1n, 70-80 naposan \u00e9rik. Amikor betakar\u00edt\u00e1sra k\u00e9szen van, csod\u00e1latosan intenz\u00edv illata van, majd szeret lehullani a n\u00f6v\u00e9nyr\u0151l. Kis m\u00e9rete ellen\u00e9re vajas, arom\u00e1s h\u00fas\u00fa csemege.<\/p>\n<p>Cucumis melo<br \/>\nA betakar\u00edt\u00e1s j\u00falius k\u00f6zep\u00e9t\u0151l meleg helyeken t\u00f6rt\u00e9nik<br \/>\nA s\u00e1rgadinnye m\u00e9rs\u00e9kelten m\u00e1szik, \u00e9s n\u00f6v\u00e9nyenk\u00e9nt k\u00f6r\u00fclbel\u00fcl 1-2 n\u00e9gyzetm\u00e9tert ig\u00e9nyel<br \/>\nA s\u00e1rgadinnye er\u0151s illat\u00fa, amikor betakar\u00edt\u00e1sra \u00e9rett<br \/>\nA legjobb eredm\u00e9nyt az \u00e1prilis elej\u00e9t\u0151l az \u00fcvegh\u00e1zban t\u00f6rt\u00e9n\u0151 vet\u00e9ssel j\u00e1r\u00f3 el\u0151kult\u00fara, majd az ut\u00f3lagos \u00fcltet\u00e9ssel hozza. A mez\u0151n a dinny\u00e9k \u00f6r\u00fclnek egy mulcsf\u00f3li\u00e1nak. A gy\u00fcm\u00f6lcs kis m\u00e9rete miatt a Kajarit r\u00e1cson is lehet futatni.<\/p>\n<p>Belt\u00e9ri vet\u00e9s \u00e1prilis elej\u00e9t\u0151l 24-28 \u00b0C-on, k\u00f6zvetlen\u00fcl 1-2 maggal a kis cser\u00e9pben, ne tartsa t\u00fal nedvesen a cserepet, vagy m\u00e1jus k\u00f6zep\u00e9t\u0151l a szabadban, meleg helyen.<\/p>\n<p>Lehets\u00e9ges k\u00e1rtev\u0151k: tetvek, egerek, lisztharmat<\/p>\n<p>A csomag 10 szem magot tartalmaz.<\/p>\n","protected":false},"featured_media":18715,"comment_status":"closed","ping_status":"closed","template":"","meta":[],"product_brand":[],"product_cat":[331],"product_tag":[],"class_list":{"0":"post-18714","1":"product","2":"type-product","3":"status-publish","4":"has-post-thumbnail","6":"product_cat-gyumolcs-vetomagok-egyeb-es-kulonleges-vetomagok","8":"first","9":"instock","10":"taxable","11":"shipping-taxable","12":"purchasable","13":"product-type-simple"},"_links":{"self":[{"href":"https:\/\/chilimag.hu\/webshop\/wp-json\/wp\/v2\/product\/18714","targetHints":{"allow":["GET"]}}],"collection":[{"href":"https:\/\/chilimag.hu\/webshop\/wp-json\/wp\/v2\/product"}],"about":[{"href":"https:\/\/chilimag.hu\/webshop\/wp-json\/wp\/v2\/types\/product"}],"replies":[{"embeddable":true,"href":"https:\/\/chilimag.hu\/webshop\/wp-json\/wp\/v2\/comments?post=18714"}],"wp:featuredmedia":[{"embeddable":true,"href":"https:\/\/chilimag.hu\/webshop\/wp-json\/wp\/v2\/media\/18715"}],"wp:attachment":[{"href":"https:\/\/chilimag.hu\/webshop\/wp-json\/wp\/v2\/media?parent=18714"}],"wp:term":[{"taxonomy":"product_brand","embeddable":true,"href":"https:\/\/chilimag.hu\/webshop\/wp-json\/wp\/v2\/product_brand?post=18714"},{"taxonomy":"product_cat","embeddable":true,"href":"https:\/\/chilimag.hu\/webshop\/wp-json\/wp\/v2\/product_cat?post=18714"},{"taxonomy":"product_tag","embeddable":true,"href":"https:\/\/chilimag.hu\/webshop\/wp-json\/wp\/v2\/product_tag?post=18714"}],"curies":[{"name":"wp","href":"https:\/\/api.w.org\/{rel}","templated":true}]}}