{"id":18698,"date":"2022-10-14T19:04:08","date_gmt":"2022-10-14T19:04:08","guid":{"rendered":"https:\/\/chilimag.hu\/webshop\/?post_type=product&#038;p=18698"},"modified":"2024-09-23T17:20:13","modified_gmt":"2024-09-23T17:20:13","slug":"uborka-africanus","status":"publish","type":"product","link":"https:\/\/chilimag.hu\/webshop\/termek\/uborka-africanus\/","title":{"rendered":"D\u00edszuborka Africanus B-S"},"content":{"rendered":"","protected":false},"excerpt":{"rendered":"<p><img decoding=\"async\" src=\"https:\/\/chilimag.hu\/webshop\/wp-content\/uploads\/2022\/10\/bobby-seeds-test-logo-150x150.png\" \/><\/p>\n<p>Term\u00e9kinform\u00e1ci\u00f3 &#8222;C. africanus&#8221;<br \/>\n\u00daj, nagyon robusztus \u00e9s tart\u00f3s d\u00edszuborka. Szinte f\u00e1s fajta, meg\u0151rzi d\u00edsz\u00edt\u0151 megjelen\u00e9s\u00e9t \u00e9s sz\u00edn\u00e9t.<\/p>\n<p>Cucumis<br \/>\n\u00c9rlel\u00e9si id\u0151 110 nap<br \/>\nA cucumis \u00a0d\u00edszgy\u00fcm\u00f6lcs<\/p>\n<p>Az el\u0151kult\u00fara a m\u00e1rciusi vet\u00e9ssel az \u00fcvegh\u00e1zban, majd az ut\u00f3lagos \u00fcltet\u00e9ssel hozza a legjobb eredm\u00e9nyt. Szabadf\u00f6ldi termeszt\u00e9s lehets\u00e9ges, lehet\u0151leg mulcsf\u00f3li\u00e1n.<\/p>\n<p>Javasoljuk, hogy az ubork\u00e1t ker\u00edt\u00e9sre nevelj\u00fck, a term\u00e9s tiszta marad \u00e9s k\u00f6nnyebben sz\u00fcretelhet\u0151.<\/p>\n<p>A lehets\u00e9ges k\u00e1rtev\u0151k nem ismertek.<\/p>\n<p>A csomag 10 szem magot tartalmaz<\/p>\n","protected":false},"featured_media":18699,"comment_status":"closed","ping_status":"closed","template":"","meta":[],"product_brand":[],"product_cat":[328],"product_tag":[],"class_list":{"0":"post-18698","1":"product","2":"type-product","3":"status-publish","4":"has-post-thumbnail","6":"product_cat-virag-es-disznoveny-vetomagok","8":"first","9":"instock","10":"taxable","11":"shipping-taxable","12":"purchasable","13":"product-type-simple"},"_links":{"self":[{"href":"https:\/\/chilimag.hu\/webshop\/wp-json\/wp\/v2\/product\/18698","targetHints":{"allow":["GET"]}}],"collection":[{"href":"https:\/\/chilimag.hu\/webshop\/wp-json\/wp\/v2\/product"}],"about":[{"href":"https:\/\/chilimag.hu\/webshop\/wp-json\/wp\/v2\/types\/product"}],"replies":[{"embeddable":true,"href":"https:\/\/chilimag.hu\/webshop\/wp-json\/wp\/v2\/comments?post=18698"}],"wp:featuredmedia":[{"embeddable":true,"href":"https:\/\/chilimag.hu\/webshop\/wp-json\/wp\/v2\/media\/18699"}],"wp:attachment":[{"href":"https:\/\/chilimag.hu\/webshop\/wp-json\/wp\/v2\/media?parent=18698"}],"wp:term":[{"taxonomy":"product_brand","embeddable":true,"href":"https:\/\/chilimag.hu\/webshop\/wp-json\/wp\/v2\/product_brand?post=18698"},{"taxonomy":"product_cat","embeddable":true,"href":"https:\/\/chilimag.hu\/webshop\/wp-json\/wp\/v2\/product_cat?post=18698"},{"taxonomy":"product_tag","embeddable":true,"href":"https:\/\/chilimag.hu\/webshop\/wp-json\/wp\/v2\/product_tag?post=18698"}],"curies":[{"name":"wp","href":"https:\/\/api.w.org\/{rel}","templated":true}]}}