{"id":18696,"date":"2022-10-14T17:20:47","date_gmt":"2022-10-14T17:20:47","guid":{"rendered":"https:\/\/chilimag.hu\/webshop\/?post_type=product&#038;p=18696"},"modified":"2026-03-29T16:16:35","modified_gmt":"2026-03-29T16:16:35","slug":"sargadinnye-noir-des-carmes-b-s","status":"publish","type":"product","link":"https:\/\/chilimag.hu\/webshop\/termek\/sargadinnye-noir-des-carmes-b-s\/","title":{"rendered":"S\u00e1rgadinnye Noire des Carmes B-S"},"content":{"rendered":"","protected":false},"excerpt":{"rendered":"<p>Term\u00e9kinform\u00e1ci\u00f3 &#8222;Noir de Carmes Sugar Melon&#8221;<\/p>\n<p>Praktikus, t\u00f6rt\u00e9nelmi ritkas\u00e1g Franciaorsz\u00e1gb\u00f3l<\/p>\n<p>T\u00f6rt\u00e9nelmi ritkas\u00e1g, 1787 \u00f3ta v\u00e9dett fajtak\u00e9nt ismert. A n\u00e9v a karmelita szerzetesekhez kapcsol\u00f3dik, akik ezt a t\u00f6rzset termesztett\u00e9k. Felt\u0171n\u0151en bord\u00e1zott, s\u00f6t\u00e9tz\u00f6ld, k\u00f6r\u00fclbel\u00fcl 1-1,5 kg t\u00f6meg\u0171, \u00e9retten a k\u00e9reg narancss\u00e1rga-barna sz\u00edn\u0171v\u00e9 v\u00e1lik, z\u00f6ld foltokkal. \u00cdgy k\u00f6nnyen meghat\u00e1rozhat\u00f3 az \u00e9retts\u00e9g, ami egyes dinnyefajt\u00e1kn\u00e1l nem egyszer\u0171. \u00cdzletes, er\u0151sen illatos p\u00e9p. Nem eg\u00e9szen kor\u00e1n, de m\u00e9g mindig k\u00f6nnyen termeszthet\u0151 N\u00e9metorsz\u00e1gban. Mint minden dinnye, meleg helyre \u00e9s n\u00e9mi gondoz\u00e1sra van sz\u00fcks\u00e9ge.<\/p>\n<p>Cucumis melo<br \/>\nA betakar\u00edt\u00e1s j\u00falius k\u00f6zep\u00e9t\u0151l meleg helyeken t\u00f6rt\u00e9nik<br \/>\nA s\u00e1rgadinnye m\u00e9rs\u00e9kelten m\u00e1szik, \u00e9s n\u00f6v\u00e9nyenk\u00e9nt k\u00f6r\u00fclbel\u00fcl 1 n\u00e9gyzetm\u00e9tert ig\u00e9nyel<br \/>\nA s\u00e1rgadinnye er\u0151s illat\u00fa, amikor betakar\u00edt\u00e1sra \u00e9rett<br \/>\nA legjobb eredm\u00e9nyt az \u00e1prilis elej\u00e9t\u0151l az \u00fcvegh\u00e1zban t\u00f6rt\u00e9n\u0151 vet\u00e9ssel j\u00e1r\u00f3 el\u0151kult\u00fara, majd az ut\u00f3lagos \u00fcltet\u00e9ssel hozza. A mez\u0151n a dinny\u00e9k \u00f6r\u00fclnek egy mulcsf\u00f3li\u00e1nak<\/p>\n<p>Belt\u00e9ri vet\u00e9s \u00e1prilis elej\u00e9t\u0151l 24-28 \u00b0C-on, k\u00f6zvetlen\u00fcl 1-2 maggal a kis cser\u00e9pben, ne tartsa t\u00fal nedvesen a cserepet, vagy m\u00e1jus k\u00f6zep\u00e9t\u0151l a szabadban, meleg helyen.<\/p>\n<p>Lehets\u00e9ges k\u00e1rtev\u0151k: tetvek, egerek, lisztharmat<\/p>\n<p>A csomag 10 szem magot tartalmaz.<\/p>\n","protected":false},"featured_media":18697,"comment_status":"closed","ping_status":"closed","template":"","meta":[],"product_brand":[],"product_cat":[331],"product_tag":[],"class_list":{"0":"post-18696","1":"product","2":"type-product","3":"status-publish","4":"has-post-thumbnail","6":"product_cat-gyumolcs-vetomagok-egyeb-es-kulonleges-vetomagok","8":"first","9":"instock","10":"taxable","11":"shipping-taxable","12":"purchasable","13":"product-type-simple"},"_links":{"self":[{"href":"https:\/\/chilimag.hu\/webshop\/wp-json\/wp\/v2\/product\/18696","targetHints":{"allow":["GET"]}}],"collection":[{"href":"https:\/\/chilimag.hu\/webshop\/wp-json\/wp\/v2\/product"}],"about":[{"href":"https:\/\/chilimag.hu\/webshop\/wp-json\/wp\/v2\/types\/product"}],"replies":[{"embeddable":true,"href":"https:\/\/chilimag.hu\/webshop\/wp-json\/wp\/v2\/comments?post=18696"}],"wp:featuredmedia":[{"embeddable":true,"href":"https:\/\/chilimag.hu\/webshop\/wp-json\/wp\/v2\/media\/18697"}],"wp:attachment":[{"href":"https:\/\/chilimag.hu\/webshop\/wp-json\/wp\/v2\/media?parent=18696"}],"wp:term":[{"taxonomy":"product_brand","embeddable":true,"href":"https:\/\/chilimag.hu\/webshop\/wp-json\/wp\/v2\/product_brand?post=18696"},{"taxonomy":"product_cat","embeddable":true,"href":"https:\/\/chilimag.hu\/webshop\/wp-json\/wp\/v2\/product_cat?post=18696"},{"taxonomy":"product_tag","embeddable":true,"href":"https:\/\/chilimag.hu\/webshop\/wp-json\/wp\/v2\/product_tag?post=18696"}],"curies":[{"name":"wp","href":"https:\/\/api.w.org\/{rel}","templated":true}]}}