{"id":18693,"date":"2022-10-14T17:12:23","date_gmt":"2022-10-14T17:12:23","guid":{"rendered":"https:\/\/chilimag.hu\/webshop\/?post_type=product&#038;p=18693"},"modified":"2026-04-08T03:14:10","modified_gmt":"2026-04-08T03:14:10","slug":"sargadinnye-rich-sweetness-b-s","status":"publish","type":"product","link":"https:\/\/chilimag.hu\/webshop\/termek\/sargadinnye-rich-sweetness-b-s\/","title":{"rendered":"S\u00e1rgadinnye Rich Sweetness B-S"},"content":{"rendered":"","protected":false},"excerpt":{"rendered":"<p>Term\u00e9kinform\u00e1ci\u00f3 &#8222;Rich Sweetness d\u00edszdinnye&#8221;<br \/>\nHossz\u00fak\u00e1s, csinos \u00e9s er\u0151s illat\u00fa d\u00edszdinnye<\/p>\n<p>Kor\u00e1n \u00e9r\u0151, kicsi \u00e9s b\u0151s\u00e9ges d\u00edszdinnye, mely csod\u00e1latos illat\u00fa. Fogyaszt\u00e1sra is alkalmas, de kifejezetten intenz\u00edv aroma n\u00e9lk\u00fcl. Kis m\u00e9rete miatt is ink\u00e1bb d\u00edszt\u00e1rgy, amely illatparadicsomm\u00e1 var\u00e1zsolja szob\u00e1it. Sz\u00edn\u00e9ben hasonl\u00f3 a Plum Granny-hoz, de ov\u00e1lis-hossz\u00fa form\u00e1j\u00fa.<\/p>\n<p>Cucumis melo<br \/>\nA betakar\u00edt\u00e1s j\u00falius k\u00f6zep\u00e9t\u0151l meleg helyeken t\u00f6rt\u00e9nik<br \/>\nA s\u00e1rgadinnye m\u00e9rs\u00e9kelten m\u00e1szik, \u00e9s n\u00f6v\u00e9nyenk\u00e9nt k\u00f6r\u00fclbel\u00fcl 1-2 n\u00e9gyzetm\u00e9tert ig\u00e9nyel<br \/>\nEgy sz\u00e9p \u00e9s meleg ny\u00e1ron a p\u00e9p t\u00f6bb cukrot tartalmaz, mint egy hideg ny\u00e1ron<\/p>\n<p>A legjobb eredm\u00e9nyt az \u00e1prilis elej\u00e9t\u0151l az \u00fcvegh\u00e1zban t\u00f6rt\u00e9n\u0151 vet\u00e9ssel j\u00e1r\u00f3 el\u0151kult\u00fara, majd az ut\u00f3lagos \u00fcltet\u00e9ssel hozza. A gy\u00fcm\u00f6lcs kis m\u00e9rete miatt a r\u00e1cson is lehet futatni.<\/p>\n<p>Belt\u00e9ri vet\u00e9s \u00e1prilis elej\u00e9t\u0151l 24-28 \u00b0C-on, k\u00f6zvetlen\u00fcl 1-2 maggal a kis cser\u00e9pben, ne tartsa t\u00fal nedvesen a cserepet, vagy m\u00e1jus k\u00f6zep\u00e9t\u0151l a szabadban, meleg helyen.<\/p>\n<p>Lehets\u00e9ges k\u00e1rtev\u0151k: tetvek, egerek, lisztharmat<\/p>\n<p>A csomag 10 szem magot tartalmaz.<\/p>\n","protected":false},"featured_media":18694,"comment_status":"closed","ping_status":"closed","template":"","meta":[],"product_brand":[],"product_cat":[347,331],"product_tag":[],"class_list":{"0":"post-18693","1":"product","2":"type-product","3":"status-publish","4":"has-post-thumbnail","6":"product_cat-347","7":"product_cat-gyumolcs-vetomagok-egyeb-es-kulonleges-vetomagok","9":"first","10":"instock","11":"taxable","12":"shipping-taxable","13":"purchasable","14":"product-type-simple"},"_links":{"self":[{"href":"https:\/\/chilimag.hu\/webshop\/wp-json\/wp\/v2\/product\/18693","targetHints":{"allow":["GET"]}}],"collection":[{"href":"https:\/\/chilimag.hu\/webshop\/wp-json\/wp\/v2\/product"}],"about":[{"href":"https:\/\/chilimag.hu\/webshop\/wp-json\/wp\/v2\/types\/product"}],"replies":[{"embeddable":true,"href":"https:\/\/chilimag.hu\/webshop\/wp-json\/wp\/v2\/comments?post=18693"}],"wp:featuredmedia":[{"embeddable":true,"href":"https:\/\/chilimag.hu\/webshop\/wp-json\/wp\/v2\/media\/18694"}],"wp:attachment":[{"href":"https:\/\/chilimag.hu\/webshop\/wp-json\/wp\/v2\/media?parent=18693"}],"wp:term":[{"taxonomy":"product_brand","embeddable":true,"href":"https:\/\/chilimag.hu\/webshop\/wp-json\/wp\/v2\/product_brand?post=18693"},{"taxonomy":"product_cat","embeddable":true,"href":"https:\/\/chilimag.hu\/webshop\/wp-json\/wp\/v2\/product_cat?post=18693"},{"taxonomy":"product_tag","embeddable":true,"href":"https:\/\/chilimag.hu\/webshop\/wp-json\/wp\/v2\/product_tag?post=18693"}],"curies":[{"name":"wp","href":"https:\/\/api.w.org\/{rel}","templated":true}]}}