{"id":18689,"date":"2022-10-14T17:00:06","date_gmt":"2022-10-14T17:00:06","guid":{"rendered":"https:\/\/chilimag.hu\/webshop\/?post_type=product&#038;p=18689"},"modified":"2024-11-07T07:39:10","modified_gmt":"2024-11-07T07:39:10","slug":"tok-termesztet-ball-weis-b-s","status":"publish","type":"product","link":"https:\/\/chilimag.hu\/webshop\/termek\/tok-termesztet-ball-weis-b-s\/","title":{"rendered":"Ball Wei\u00df T\u00f6k B-S"},"content":{"rendered":"","protected":false},"excerpt":{"rendered":"<p><img decoding=\"async\" src=\"https:\/\/chilimag.hu\/webshop\/wp-content\/uploads\/2022\/10\/bobby-seeds-test-logo-150x150.png\" \/><\/p>\n<p>Term\u00e9kinform\u00e1ci\u00f3k &#8222;Ball, White&#8221;<br \/>\nMagas hozam\u00fa, kompakt n\u00f6veked\u00e9s\u0171 n\u00f6v\u00e9nyek<\/p>\n<p>k\u00f6r\u00fclbel\u00fcl 10 cm nagy, kerek \u00e9s feh\u00e9r term\u00e9st hoz.<\/p>\n<p>Cucurbita pepo<br \/>\n\u00c9rlel\u00e9si id\u0151: 90 nap<br \/>\nA Ball White m\u00e9rs\u00e9kelten m\u00e1szik, \u00e9s n\u00f6v\u00e9nyenk\u00e9nt k\u00f6r\u00fclbel\u00fcl 2 n\u00e9gyzetm\u00e9ternyi helyet ig\u00e9nyel<br \/>\nVal\u00f3di d\u00edszt\u00f6k, fogyaszt\u00e1sra nem alkalmas<br \/>\nA d\u00edszt\u00f6k meleg, j\u00f3 v\u00edzelvezet\u00e9s\u0171 talajban, el\u0151m\u0171vel\u00e9sben \u00e9s \u00fcltet\u00e9sben, \u00e1prilis v\u00e9g\u00e9t\u0151l vet\u00e9ssel vagy m\u00e1jus elej\u00e9t\u0151l k\u00f6zvetlen vet\u00e9ssel fejl\u0151dik.<\/p>\n<p>Tipp a sz\u00ednmeg\u0151rz\u00e9shez:<br \/>\nAz \u00e9rett gy\u00fcm\u00f6lcs\u00f6ket s\u00f6t\u00e9tben t\u00e1roljuk, hogy ne s\u00e1rguljanak el<\/p>\n<p>Lehets\u00e9ges k\u00e1rtev\u0151k: csig\u00e1k, madarak, egerek, tetvek, lisztharmat, v\u00edrus<\/p>\n<p>A csomag 10 szem magot tartalmaz<\/p>\n","protected":false},"featured_media":18690,"comment_status":"closed","ping_status":"closed","template":"","meta":[],"product_brand":[],"product_cat":[345],"product_tag":[],"class_list":{"0":"post-18689","1":"product","2":"type-product","3":"status-publish","4":"has-post-thumbnail","6":"product_cat-suto-fozo-es-disztokok","8":"first","9":"instock","10":"sale","11":"taxable","12":"shipping-taxable","13":"purchasable","14":"product-type-simple"},"_links":{"self":[{"href":"https:\/\/chilimag.hu\/webshop\/wp-json\/wp\/v2\/product\/18689","targetHints":{"allow":["GET"]}}],"collection":[{"href":"https:\/\/chilimag.hu\/webshop\/wp-json\/wp\/v2\/product"}],"about":[{"href":"https:\/\/chilimag.hu\/webshop\/wp-json\/wp\/v2\/types\/product"}],"replies":[{"embeddable":true,"href":"https:\/\/chilimag.hu\/webshop\/wp-json\/wp\/v2\/comments?post=18689"}],"wp:featuredmedia":[{"embeddable":true,"href":"https:\/\/chilimag.hu\/webshop\/wp-json\/wp\/v2\/media\/18690"}],"wp:attachment":[{"href":"https:\/\/chilimag.hu\/webshop\/wp-json\/wp\/v2\/media?parent=18689"}],"wp:term":[{"taxonomy":"product_brand","embeddable":true,"href":"https:\/\/chilimag.hu\/webshop\/wp-json\/wp\/v2\/product_brand?post=18689"},{"taxonomy":"product_cat","embeddable":true,"href":"https:\/\/chilimag.hu\/webshop\/wp-json\/wp\/v2\/product_cat?post=18689"},{"taxonomy":"product_tag","embeddable":true,"href":"https:\/\/chilimag.hu\/webshop\/wp-json\/wp\/v2\/product_tag?post=18689"}],"curies":[{"name":"wp","href":"https:\/\/api.w.org\/{rel}","templated":true}]}}